{"id":109,"date":"2015-11-05T16:43:15","date_gmt":"2015-11-05T16:43:15","guid":{"rendered":"https:\/\/www.maticsasa.com\/wps\/album-andjeo-cuvar\/"},"modified":"2025-03-31T07:46:17","modified_gmt":"2025-03-31T05:46:17","slug":"album-andjeo-cuvar","status":"publish","type":"page","link":"https:\/\/www.maticsasa.com\/wps\/album-andjeo-cuvar\/","title":{"rendered":"2005. An\u0111eo \u010duvar"},"content":{"rendered":"\t\t<div data-elementor-type=\"wp-page\" data-elementor-id=\"109\" class=\"elementor elementor-109\">\n\t\t\t\t<div class=\"elementor-element elementor-element-b367984 e-flex e-con-boxed e-con e-parent\" data-id=\"b367984\" data-element_type=\"container\" data-e-type=\"container\" data-settings=\"{&quot;background_background&quot;:&quot;classic&quot;}\">\n\t\t\t\t\t<div class=\"e-con-inner\">\n\t\t<div class=\"elementor-element elementor-element-a044324 e-con-full e-flex e-con e-child\" data-id=\"a044324\" data-element_type=\"container\" data-e-type=\"container\">\n\t\t\t\t<div class=\"elementor-element elementor-element-7c6b540 elementor-widget elementor-widget-heading\" data-id=\"7c6b540\" data-element_type=\"widget\" data-e-type=\"widget\" data-widget_type=\"heading.default\">\n\t\t\t\t<div class=\"elementor-widget-container\">\n\t\t\t\t\t<h2 class=\"elementor-heading-title elementor-size-default\">Album \"An\u0111eo \u010duvar\" iz 2005. godine<\/h2>\t\t\t\t<\/div>\n\t\t\t\t<\/div>\n\t\t\t\t<\/div>\n\t\t<div class=\"elementor-element elementor-element-4ac3299 e-grid e-con-full e-con e-child\" data-id=\"4ac3299\" data-element_type=\"container\" data-e-type=\"container\">\n\t\t\t\t<div class=\"elementor-element elementor-element-44c0c84 elementor-widget elementor-widget-html\" data-id=\"44c0c84\" data-element_type=\"widget\" data-e-type=\"widget\" data-widget_type=\"html.default\">\n\t\t\t\t<div class=\"elementor-widget-container\">\n\t\t\t\t\t\n      <a class=\"jcepopup img-container\" href=\"https:\/\/www.maticsasa.com\/wps\/wp-content\/uploads\/2015\/11\/album_andjeo_cuvar.jpg\" target=\"_blank\" rel=\"noopener\" data-mediabox-title=\"An\u0111eo \u010duvar\">\n        <img fetchpriority=\"high\" decoding=\"async\" src=\"https:\/\/www.maticsasa.com\/wps\/wp-content\/uploads\/2015\/11\/album_andjeo_cuvar.jpg\" alt=\"album andjeo cuvar\" width=\"200\" height=\"284\">\n      <\/a>\t\t\t\t<\/div>\n\t\t\t\t<\/div>\n\t\t\t\t<div class=\"elementor-element elementor-element-5c5a50a elementor-widget elementor-widget-html\" data-id=\"5c5a50a\" data-element_type=\"widget\" data-e-type=\"widget\" data-widget_type=\"html.default\">\n\t\t\t\t<div class=\"elementor-widget-container\">\n\t\t\t\t\t<div>\n  <ol start=\"1\">\n    <li>\n\n      <a class=\"underline-link\" href=\"https:\/\/www.maticsasa.com\/wps\/ko-te-ljubi-ovih-dana\/\">Ko te ljubi ovih dana<\/a><br>\n      Aran\u017eman \u2013 Lucky Sound M. G. | Stihovi \u2013 M. Tucakovi\u0107 | Muzika \u2013 Romario\n    <\/li>\n    <li>\n      <a class=\"underline-link\" href=\"https:\/\/www.maticsasa.com\/wps\/jos-po-jednu\/\">Jo\u0161 po jednu<\/a><br>\n      Aran\u017eman \u2013 Dejan, \u0160aja | Stihovi \u2013 Vlada & \u010carli 013 | Muzika \u2013 S. Stefanovi\u0107\n    <\/li>\n    <li>\n      <a class=\"underline-link\" href=\"https:\/\/www.maticsasa.com\/wps\/reskiraj\/\">Reskiraj<\/a><br>\n      Aran\u017eman \u2013 Lucky Sound M. G. | Stihovi \u2013 A. Tomi\u0107, M. Tucakovi\u0107 | Muzika \u2013 Romario\n    <\/li>\n    <li>\n      <a class=\"underline-link\" href=\"https:\/\/www.maticsasa.com\/wps\/sad-je-kasno\/\">Sad je kasno<\/a><br>\n      Stihovi \u2013 V. Vu\u010durovi\u0107 | Muzika, Aran\u017eman \u2013 S. Stefanovi\u0107\n    <\/li>\n    <li>\n      <a class=\"underline-link\" href=\"https:\/\/www.maticsasa.com\/wps\/ostalo-mi-da-se-kajem\/\">Ostalo mi da se kajem<\/a><br>\n      Aran\u017eman \u2013 Lucky Sound M. G. | Stihovi \u2013 B. Samard\u017ei\u0107, M. Tucakovi\u0107 | Muzika \u2013 M. Tanasijevi\u0107\n    <\/li>\n  <\/ol>\n<\/div>\n\n<div>\n  <ol start=\"6\">\n    <li>\n      <a class=\"underline-link\" href=\"https:\/\/www.maticsasa.com\/wps\/kralj-izgubljenih-stvari\/\">Kralj izgubljenih stvari<\/a><br>\n      Aran\u017eman \u2013 Lucky Sound M. G. | Stihovi \u2013 M. Tucakovi\u0107 | Muzika \u2013 M. Tanasijevi\u0107\n    <\/li>\n    <li>\n      <a class=\"underline-link\" href=\"https:\/\/www.maticsasa.com\/wps\/zazmuri-samnom\/\">Za\u017emuri sa mnom<\/a><br>\n      Aran\u017eman \u2013 Alek Aleksov | Muzika, Stihovi \u2013 Leontina\n    <\/li>\n    <li>\n      <a class=\"underline-link\" href=\"https:\/\/www.maticsasa.com\/wps\/pravi-se\/\">Pravi se<\/a><br>\n      Aran\u017eman \u2013 Lucky Sound M. G. | Stihovi \u2013 A. Tomi\u0107, M. Tucakovi\u0107 | Muzika \u2013 Husa\n    <\/li>\n    <li>\n      <a class=\"underline-link\" href=\"https:\/\/www.maticsasa.com\/wps\/ne-idi-sa-njim\/\">Ne idi sa njim<\/a><br>\n      Aran\u017eman \u2013 End\u017ei | Muzika, Stihovi \u2013 P. Medenica\n    <\/li>\n    <li>\n      <a class=\"underline-link\" href=\"https:\/\/www.maticsasa.com\/wps\/ruzmarin\/\">Ruzmarin<\/a><br>\n      Stihovi \u2013 Lucky Sound M. G., M. Tucakovi\u0107 | Muzika \u2013 A. Tomi\u0107\n    <\/li>\n    <li>\n      <a class=\"underline-link\" href=\"https:\/\/www.maticsasa.com\/wps\/andeo-cuvar\/\">An\u0111eo \u010duvar<\/a><br>\n      Aran\u017eman \u2013 Lucky Sound M. G. | Stihovi \u2013 M. Tucakovi\u0107 | Muzika \u2013 T. Simerian\n    <\/li>\n  <\/ol>\n<\/div>\t\t\t\t<\/div>\n\t\t\t\t<\/div>\n\t\t\t\t<\/div>\n\t\t\t\t\t<\/div>\n\t\t\t\t<\/div>\n\t\t\t\t<\/div>\n\t\t","protected":false},"excerpt":{"rendered":"<p>Album &#8220;An\u0111eo \u010duvar&#8221; iz 2005. godine<br \/>Kliknite za fotografiju ili \u017eeljenu pesmu:<\/p>\n","protected":false},"author":1,"featured_media":12,"parent":0,"menu_order":5,"comment_status":"closed","ping_status":"closed","template":"","meta":{"opb_popup_content":"Popup Content","ocean_post_layout":"","ocean_both_sidebars_style":"","ocean_both_sidebars_content_width":0,"ocean_both_sidebars_sidebars_width":0,"ocean_sidebar":"","ocean_second_sidebar":"","ocean_disable_margins":"enable","ocean_add_body_class":"","ocean_shortcode_before_top_bar":"","ocean_shortcode_after_top_bar":"","ocean_shortcode_before_header":"","ocean_shortcode_after_header":"","ocean_has_shortcode":"","ocean_shortcode_after_title":"","ocean_shortcode_before_footer_widgets":"","ocean_shortcode_after_footer_widgets":"","ocean_shortcode_before_footer_bottom":"","ocean_shortcode_after_footer_bottom":"","ocean_display_top_bar":"default","ocean_display_header":"default","ocean_header_style":"","ocean_center_header_left_menu":"","ocean_custom_header_template":"","ocean_custom_logo":0,"ocean_custom_retina_logo":0,"ocean_custom_logo_max_width":0,"ocean_custom_logo_tablet_max_width":0,"ocean_custom_logo_mobile_max_width":0,"ocean_custom_logo_max_height":0,"ocean_custom_logo_tablet_max_height":0,"ocean_custom_logo_mobile_max_height":0,"ocean_header_custom_menu":"","ocean_menu_typo_font_family":"","ocean_menu_typo_font_subset":"","ocean_menu_typo_font_size":0,"ocean_menu_typo_font_size_tablet":0,"ocean_menu_typo_font_size_mobile":0,"ocean_menu_typo_font_size_unit":"px","ocean_menu_typo_font_weight":"","ocean_menu_typo_font_weight_tablet":"","ocean_menu_typo_font_weight_mobile":"","ocean_menu_typo_transform":"","ocean_menu_typo_transform_tablet":"","ocean_menu_typo_transform_mobile":"","ocean_menu_typo_line_height":0,"ocean_menu_typo_line_height_tablet":0,"ocean_menu_typo_line_height_mobile":0,"ocean_menu_typo_line_height_unit":"","ocean_menu_typo_spacing":0,"ocean_menu_typo_spacing_tablet":0,"ocean_menu_typo_spacing_mobile":0,"ocean_menu_typo_spacing_unit":"","ocean_menu_link_color":"","ocean_menu_link_color_hover":"","ocean_menu_link_color_active":"","ocean_menu_link_background":"","ocean_menu_link_hover_background":"","ocean_menu_link_active_background":"","ocean_menu_social_links_bg":"","ocean_menu_social_hover_links_bg":"","ocean_menu_social_links_color":"","ocean_menu_social_hover_links_color":"","ocean_disable_title":"default","ocean_disable_heading":"default","ocean_post_title":"","ocean_post_subheading":"","ocean_post_title_style":"","ocean_post_title_background_color":"","ocean_post_title_background":0,"ocean_post_title_bg_image_position":"","ocean_post_title_bg_image_attachment":"","ocean_post_title_bg_image_repeat":"","ocean_post_title_bg_image_size":"","ocean_post_title_height":0,"ocean_post_title_bg_overlay":0.5,"ocean_post_title_bg_overlay_color":"","ocean_disable_breadcrumbs":"default","ocean_breadcrumbs_color":"","ocean_breadcrumbs_separator_color":"","ocean_breadcrumbs_links_color":"","ocean_breadcrumbs_links_hover_color":"","ocean_display_footer_widgets":"default","ocean_display_footer_bottom":"default","ocean_custom_footer_template":"","ofc_enable_fullscreen":"disable","ofc_fullscreen_speed":0,"ofc_fullscreen_nav":"enable","ofc_fullscreen_nav_pos":"right","ofc_fullscreen_nav_color":"","ofc_fullscreen_nav_tooltip_color":"","ofc_fullscreen_responsive":0,"osh_disable_topbar_sticky":"default","osh_disable_header_sticky":"default","osh_sticky_header_style":"default","osh_sticky_header_effect":"","osh_custom_sticky_logo":0,"osh_custom_retina_sticky_logo":0,"osh_custom_sticky_logo_height":0,"osh_background_color":"","osh_links_color":"","osh_links_hover_color":"","osh_links_active_color":"","osh_links_bg_color":"","osh_links_hover_bg_color":"","osh_links_active_bg_color":"","osh_menu_social_links_color":"","osh_menu_social_hover_links_color":"","footnotes":""},"class_list":["post-109","page","type-page","status-publish","has-post-thumbnail","hentry","entry","has-media"],"_links":{"self":[{"href":"https:\/\/www.maticsasa.com\/wps\/wp-json\/wp\/v2\/pages\/109","targetHints":{"allow":["GET"]}}],"collection":[{"href":"https:\/\/www.maticsasa.com\/wps\/wp-json\/wp\/v2\/pages"}],"about":[{"href":"https:\/\/www.maticsasa.com\/wps\/wp-json\/wp\/v2\/types\/page"}],"author":[{"embeddable":true,"href":"https:\/\/www.maticsasa.com\/wps\/wp-json\/wp\/v2\/users\/1"}],"replies":[{"embeddable":true,"href":"https:\/\/www.maticsasa.com\/wps\/wp-json\/wp\/v2\/comments?post=109"}],"version-history":[{"count":10,"href":"https:\/\/www.maticsasa.com\/wps\/wp-json\/wp\/v2\/pages\/109\/revisions"}],"predecessor-version":[{"id":2537,"href":"https:\/\/www.maticsasa.com\/wps\/wp-json\/wp\/v2\/pages\/109\/revisions\/2537"}],"wp:featuredmedia":[{"embeddable":true,"href":"https:\/\/www.maticsasa.com\/wps\/wp-json\/wp\/v2\/media\/12"}],"wp:attachment":[{"href":"https:\/\/www.maticsasa.com\/wps\/wp-json\/wp\/v2\/media?parent=109"}],"curies":[{"name":"wp","href":"https:\/\/api.w.org\/{rel}","templated":true}]}}