{"id":113,"date":"2015-11-06T12:39:57","date_gmt":"2015-11-06T12:39:57","guid":{"rendered":"https:\/\/www.maticsasa.com\/wps\/album-zabranjena-ljubav\/"},"modified":"2025-03-31T08:15:16","modified_gmt":"2025-03-31T06:15:16","slug":"album-zabranjena-ljubav","status":"publish","type":"page","link":"https:\/\/www.maticsasa.com\/wps\/album-zabranjena-ljubav\/","title":{"rendered":"2015. Zabranjena ljubav"},"content":{"rendered":"\t\t<div data-elementor-type=\"wp-page\" data-elementor-id=\"113\" class=\"elementor elementor-113\">\n\t\t\t\t<div class=\"elementor-element elementor-element-6b646745 e-flex e-con-boxed e-con e-parent\" data-id=\"6b646745\" data-element_type=\"container\" data-e-type=\"container\" data-settings=\"{&quot;background_background&quot;:&quot;classic&quot;}\">\n\t\t\t\t\t<div class=\"e-con-inner\">\n\t\t\t\t<div class=\"elementor-element elementor-element-329ba0b elementor-widget elementor-widget-heading\" data-id=\"329ba0b\" data-element_type=\"widget\" data-e-type=\"widget\" data-widget_type=\"heading.default\">\n\t\t\t\t<div class=\"elementor-widget-container\">\n\t\t\t\t\t<h2 class=\"elementor-heading-title elementor-size-default\">Album \"Zabranjena ljubav\"  - 2015. godina<\/h2>\t\t\t\t<\/div>\n\t\t\t\t<\/div>\n\t\t<div class=\"elementor-element elementor-element-5f5a8c8 e-grid e-con-full e-con e-child\" data-id=\"5f5a8c8\" data-element_type=\"container\" data-e-type=\"container\">\n\t\t\t\t<div class=\"elementor-element elementor-element-9b177ce elementor-widget elementor-widget-html\" data-id=\"9b177ce\" data-element_type=\"widget\" data-e-type=\"widget\" data-widget_type=\"html.default\">\n\t\t\t\t<div class=\"elementor-widget-container\">\n\t\t\t\t\t<a class=\"jcepopup img-container\" href=\"https:\/\/www.maticsasa.com\/wps\/wp-content\/uploads\/2015\/11\/zabranjenaljubav1.jpg\" target=\"_blank\" rel=\"noopener\" data-mediabox-group=\"zlj\">\n        <img decoding=\"async\" src=\"https:\/\/www.maticsasa.com\/wps\/wp-content\/uploads\/2015\/11\/zabranjenaljubav1.jpg\" alt=\"zabranjenaljubav1\" width=\"200\" height=\"199\">\n      <\/a>\n      <a class=\"jcepopup img-container\" href=\"https:\/\/www.maticsasa.com\/wps\/wp-content\/uploads\/2015\/11\/zabranjenaljubav2.jpg\" target=\"_blank\" rel=\"noopener\" data-mediabox-group=\"zlj\">\n        <img decoding=\"async\" src=\"https:\/\/www.maticsasa.com\/wps\/wp-content\/uploads\/2015\/11\/zabranjenaljubav2.jpg\" alt=\"zabranjenaljubav2\" width=\"200\" height=\"156\">\n      <\/a>\t\t\t\t<\/div>\n\t\t\t\t<\/div>\n\t\t\t\t<div class=\"elementor-element elementor-element-47b3950 elementor-widget elementor-widget-html\" data-id=\"47b3950\" data-element_type=\"widget\" data-e-type=\"widget\" data-widget_type=\"html.default\">\n\t\t\t\t<div class=\"elementor-widget-container\">\n\t\t\t\t\t<div>\n  <ol start=\"1\">\n    <li>\n      \n      <a class=\"underline-link\" href=\"https:\/\/www.maticsasa.com\/wps\/sto-sviraca\/\">Sto svira\u010da<\/a><br>\n      Harmonika \u2013 Zlatko Vuji\u0107 | Vokali \u2013 S. M. Mare | Bubnjevi \u2013 Petar Bogosavljevi\u0107 | Stihovi \u2013 Dragan Brajovi\u0107\n    <\/li>\n    <li>\n      <a class=\"underline-link\" href=\"https:\/\/www.maticsasa.com\/wps\/ja-samo-slusam-gospodara-svog\/\">Ja samo slu\u0161am gospodara svog<\/a><br>\n      Harmonika \u2013 Alen Staji\u0107 | Bas \u2013 Jovan Mati\u0107\n    <\/li>\n    <li>\n      <a class=\"underline-link\" href=\"https:\/\/www.maticsasa.com\/wps\/milo-moje\/\">Milo moje<\/a><br>\n      Drum \u2013 Milan Jelina | Klavijature \u2013 Marko Cvetkovi\u0107\n    <\/li>\n    <li>\n      <a class=\"underline-link\" href=\"https:\/\/www.maticsasa.com\/wps\/zabranjena-ljubav\/\">Zabranjena ljubav<\/a><br>\n      Stihovi \u2013 Sa\u0161a Milo\u0161evi\u0107 Mare | Klavir \u2013 \u017deljko Vasi\u0107\n    <\/li>\n    <li>\n      <a class=\"underline-link\" href=\"https:\/\/www.maticsasa.com\/wps\/meni-treba\/\">Meni treba<\/a><br>\n      Harmonika \u2013 End\u017ei Mavri\u0107\n    <\/li>\n\n  <\/ol>\n<\/div>\t\t\t\t<\/div>\n\t\t\t\t<\/div>\n\t\t\t\t<div class=\"elementor-element elementor-element-b2a2c0d elementor-widget elementor-widget-html\" data-id=\"b2a2c0d\" data-element_type=\"widget\" data-e-type=\"widget\" data-widget_type=\"html.default\">\n\t\t\t\t<div class=\"elementor-widget-container\">\n\t\t\t\t\t<a class=\"jcepopup img-container\" href=\"https:\/\/www.maticsasa.com\/wps\/wp-content\/uploads\/2015\/11\/zabranjenaljubav3.jpg\" target=\"_blank\" rel=\"noopener\" data-mediabox-group=\"zlj\">\n        <img decoding=\"async\" src=\"https:\/\/www.maticsasa.com\/wps\/wp-content\/uploads\/2015\/11\/zabranjenaljubav3.jpg\" alt=\"zabranjenaljubav3\" width=\"200\" height=\"199\">\n      <\/a>\t\t\t\t<\/div>\n\t\t\t\t<\/div>\n\t\t\t\t<div class=\"elementor-element elementor-element-b48ea88 elementor-widget elementor-widget-html\" data-id=\"b48ea88\" data-element_type=\"widget\" data-e-type=\"widget\" data-widget_type=\"html.default\">\n\t\t\t\t<div class=\"elementor-widget-container\">\n\t\t\t\t\t<div>\n  <ol start=\"6\">\n          <li>\n      <a class=\"underline-link\" href=\"https:\/\/www.maticsasa.com\/wps\/kad-tonem\/\">Kad tonem<\/a>\n    <\/li>\n    <li>\n      <a class=\"underline-link\" href=\"https:\/\/www.maticsasa.com\/wps\/preci-cu-na-stvar\/\">Pre\u0107i \u0107u na stvar<\/a><br>\n      Bas Guitar \u2013 Darko \u017divkovi\u0107 | Drum \u2013 Nenad Aleksandri\u0107\n    <\/li>\n    <li>\n      <a class=\"underline-link\" href=\"https:\/\/www.maticsasa.com\/wps\/lagala-je-grade\/\">Lagala je grade<\/a><br>\n      Acoustic Guitar \u2013 Goran Bo\u017eovi\u0107 | Gajde \u2013 Goran Markovi\u0107 | Elektri\u010dna gitara \u2013 Petar Trumbeta\u0161 \n    <\/li>\n    <li>\n        <a class=\"underline-link\"  href=\"https:\/\/www.maticsasa.com\/wps\/tuzna-balada\/\">TU\u017dNA BALADA<\/a>\n    <\/li>\n    <li>\n      <a class=\"underline-link\" href=\"https:\/\/www.maticsasa.com\/wps\/ispocetka\/\">Ispo\u010detka<\/a><br>\n      Gitara \u2013 Uro\u0161 Teofilovi\u0107\n    <\/li>\n    <li>\n      Bonus: <a class=\"underline-link\" href=\"https:\/\/www.maticsasa.com\/wps\/ispocetka-2\/\">Na\u0111i novu ljubav<\/a>\n    <\/li>\n    <li>\n      Bonus: <a class=\"underline-link\" href=\"https:\/\/www.maticsasa.com\/wps\/more-tuge\/\">More tuge<\/a><br>\n      Aran\u017eman \u2013 Dejan Abadi\u0107 | Featuring \u2013 Severina | Stihovi \u2013 Milo\u0161 Smiljani\u0107 \u017du\u0107a | miks \u2013 Vuk Zirojevi\u0107 | Muzika \u2013 Sa\u0161a Mati\u0107\n    <\/li>\n    <li>\n      Bonus: <a class=\"underline-link\" href=\"https:\/\/www.maticsasa.com\/wps\/zver\/\">Zver<\/a><br>\n      Featuring \u2013 Ministarke | Stihovi, aran\u017eman \u2013 Milo\u0161 Roganovi\u0107 | Muzika, aran\u017eman \u2013 Filip Mileti\u0107\n    <\/li>\n  <\/ol>\n<\/div>\t\t\t\t<\/div>\n\t\t\t\t<\/div>\n\t\t\t\t<\/div>\n\t\t\t\t\t<\/div>\n\t\t\t\t<\/div>\n\t\t\t\t<\/div>\n\t\t","protected":false},"excerpt":{"rendered":"<p>Album &#8220;Zabranjena ljubav&#8221;<br \/>Kliknite za fotografiju ili \u017eeljenu pesmu:<\/p>\n","protected":false},"author":1,"featured_media":23,"parent":0,"menu_order":1,"comment_status":"closed","ping_status":"closed","template":"","meta":{"opb_popup_content":"Popup Content","ocean_post_layout":"","ocean_both_sidebars_style":"","ocean_both_sidebars_content_width":0,"ocean_both_sidebars_sidebars_width":0,"ocean_sidebar":"","ocean_second_sidebar":"","ocean_disable_margins":"enable","ocean_add_body_class":"","ocean_shortcode_before_top_bar":"","ocean_shortcode_after_top_bar":"","ocean_shortcode_before_header":"","ocean_shortcode_after_header":"","ocean_has_shortcode":"","ocean_shortcode_after_title":"","ocean_shortcode_before_footer_widgets":"","ocean_shortcode_after_footer_widgets":"","ocean_shortcode_before_footer_bottom":"","ocean_shortcode_after_footer_bottom":"","ocean_display_top_bar":"default","ocean_display_header":"default","ocean_header_style":"","ocean_center_header_left_menu":"","ocean_custom_header_template":"","ocean_custom_logo":0,"ocean_custom_retina_logo":0,"ocean_custom_logo_max_width":0,"ocean_custom_logo_tablet_max_width":0,"ocean_custom_logo_mobile_max_width":0,"ocean_custom_logo_max_height":0,"ocean_custom_logo_tablet_max_height":0,"ocean_custom_logo_mobile_max_height":0,"ocean_header_custom_menu":"","ocean_menu_typo_font_family":"","ocean_menu_typo_font_subset":"","ocean_menu_typo_font_size":0,"ocean_menu_typo_font_size_tablet":0,"ocean_menu_typo_font_size_mobile":0,"ocean_menu_typo_font_size_unit":"px","ocean_menu_typo_font_weight":"","ocean_menu_typo_font_weight_tablet":"","ocean_menu_typo_font_weight_mobile":"","ocean_menu_typo_transform":"","ocean_menu_typo_transform_tablet":"","ocean_menu_typo_transform_mobile":"","ocean_menu_typo_line_height":0,"ocean_menu_typo_line_height_tablet":0,"ocean_menu_typo_line_height_mobile":0,"ocean_menu_typo_line_height_unit":"","ocean_menu_typo_spacing":0,"ocean_menu_typo_spacing_tablet":0,"ocean_menu_typo_spacing_mobile":0,"ocean_menu_typo_spacing_unit":"","ocean_menu_link_color":"","ocean_menu_link_color_hover":"","ocean_menu_link_color_active":"","ocean_menu_link_background":"","ocean_menu_link_hover_background":"","ocean_menu_link_active_background":"","ocean_menu_social_links_bg":"","ocean_menu_social_hover_links_bg":"","ocean_menu_social_links_color":"","ocean_menu_social_hover_links_color":"","ocean_disable_title":"default","ocean_disable_heading":"default","ocean_post_title":"","ocean_post_subheading":"","ocean_post_title_style":"","ocean_post_title_background_color":"","ocean_post_title_background":0,"ocean_post_title_bg_image_position":"","ocean_post_title_bg_image_attachment":"","ocean_post_title_bg_image_repeat":"","ocean_post_title_bg_image_size":"","ocean_post_title_height":0,"ocean_post_title_bg_overlay":0.5,"ocean_post_title_bg_overlay_color":"","ocean_disable_breadcrumbs":"default","ocean_breadcrumbs_color":"","ocean_breadcrumbs_separator_color":"","ocean_breadcrumbs_links_color":"","ocean_breadcrumbs_links_hover_color":"","ocean_display_footer_widgets":"default","ocean_display_footer_bottom":"default","ocean_custom_footer_template":"","ofc_enable_fullscreen":"disable","ofc_fullscreen_speed":0,"ofc_fullscreen_nav":"enable","ofc_fullscreen_nav_pos":"right","ofc_fullscreen_nav_color":"","ofc_fullscreen_nav_tooltip_color":"","ofc_fullscreen_responsive":0,"osh_disable_topbar_sticky":"default","osh_disable_header_sticky":"default","osh_sticky_header_style":"default","osh_sticky_header_effect":"","osh_custom_sticky_logo":0,"osh_custom_retina_sticky_logo":0,"osh_custom_sticky_logo_height":0,"osh_background_color":"","osh_links_color":"","osh_links_hover_color":"","osh_links_active_color":"","osh_links_bg_color":"","osh_links_hover_bg_color":"","osh_links_active_bg_color":"","osh_menu_social_links_color":"","osh_menu_social_hover_links_color":"","footnotes":""},"class_list":["post-113","page","type-page","status-publish","has-post-thumbnail","hentry","entry","has-media"],"_links":{"self":[{"href":"https:\/\/www.maticsasa.com\/wps\/wp-json\/wp\/v2\/pages\/113","targetHints":{"allow":["GET"]}}],"collection":[{"href":"https:\/\/www.maticsasa.com\/wps\/wp-json\/wp\/v2\/pages"}],"about":[{"href":"https:\/\/www.maticsasa.com\/wps\/wp-json\/wp\/v2\/types\/page"}],"author":[{"embeddable":true,"href":"https:\/\/www.maticsasa.com\/wps\/wp-json\/wp\/v2\/users\/1"}],"replies":[{"embeddable":true,"href":"https:\/\/www.maticsasa.com\/wps\/wp-json\/wp\/v2\/comments?post=113"}],"version-history":[{"count":25,"href":"https:\/\/www.maticsasa.com\/wps\/wp-json\/wp\/v2\/pages\/113\/revisions"}],"predecessor-version":[{"id":2565,"href":"https:\/\/www.maticsasa.com\/wps\/wp-json\/wp\/v2\/pages\/113\/revisions\/2565"}],"wp:featuredmedia":[{"embeddable":true,"href":"https:\/\/www.maticsasa.com\/wps\/wp-json\/wp\/v2\/media\/23"}],"wp:attachment":[{"href":"https:\/\/www.maticsasa.com\/wps\/wp-json\/wp\/v2\/media?parent=113"}],"curies":[{"name":"wp","href":"https:\/\/api.w.org\/{rel}","templated":true}]}}