{"id":115,"date":"2015-11-08T15:37:16","date_gmt":"2015-11-08T15:37:16","guid":{"rendered":"https:\/\/www.maticsasa.com\/wps\/prokleta-je-violina\/"},"modified":"2025-04-01T11:24:42","modified_gmt":"2025-04-01T09:24:42","slug":"prokleta-je-violina","status":"publish","type":"page","link":"https:\/\/www.maticsasa.com\/wps\/prokleta-je-violina\/","title":{"rendered":"Prokleta Je Violina"},"content":{"rendered":"\t\t<div data-elementor-type=\"wp-page\" data-elementor-id=\"115\" class=\"elementor elementor-115\">\n\t\t\t\t<div class=\"elementor-element elementor-element-6f4ff10b e-con-full e-flex e-con e-parent\" data-id=\"6f4ff10b\" data-element_type=\"container\" data-e-type=\"container\" data-settings=\"{&quot;background_background&quot;:&quot;classic&quot;}\">\n\t\t\t\t<div class=\"elementor-element elementor-element-0139341 elementor-widget elementor-widget-video\" data-id=\"0139341\" data-element_type=\"widget\" data-e-type=\"widget\" data-settings=\"{&quot;youtube_url&quot;:&quot;https:\\\/\\\/www.youtube.com\\\/watch?v=N8ijXQPv9iM&quot;,&quot;video_type&quot;:&quot;youtube&quot;,&quot;controls&quot;:&quot;yes&quot;}\" data-widget_type=\"video.default\">\n\t\t\t\t<div class=\"elementor-widget-container\">\n\t\t\t\t\t\t\t<div class=\"elementor-wrapper elementor-open-inline\">\n\t\t\t<div class=\"elementor-video\"><\/div>\t\t<\/div>\n\t\t\t\t\t\t<\/div>\n\t\t\t\t<\/div>\n\t\t\t\t<div class=\"elementor-element elementor-element-1f75543 elementor-widget elementor-widget-heading\" data-id=\"1f75543\" data-element_type=\"widget\" data-e-type=\"widget\" data-widget_type=\"heading.default\">\n\t\t\t\t<div class=\"elementor-widget-container\">\n\t\t\t\t\t<h2 class=\"elementor-heading-title elementor-size-default\">PROKLETA JE VIOLINA<\/h2>\t\t\t\t<\/div>\n\t\t\t\t<\/div>\n\t\t\t\t<div class=\"elementor-element elementor-element-fe3125c elementor-widget elementor-widget-text-editor\" data-id=\"fe3125c\" data-element_type=\"widget\" data-e-type=\"widget\" data-widget_type=\"text-editor.default\">\n\t\t\t\t<div class=\"elementor-widget-container\">\n\t\t\t\t\t\t\t\t\t<p>\u017deleo bih samo da je vidim,<br \/>pa nek umrem istog \u010dasa ja,<br \/>ba\u0161 je volim svima iz inata,<br \/>makar ljubav ta me ubila.<\/p><p>Dotakla me je do same sr\u017ei,<br \/>ranila me \u017eenskom sujetom, <br \/>ni sam ne znam \u0161ta me to jo\u0161 dr\u017ei, <br \/>pa se kockam sa svojim \u017eivotom.<\/p><p>REF. 2x:<\/p><p>Prokleta je violina, \u0161<br \/>to razloga trista ima, <br \/>da mi bolnu du\u0161u truje, <br \/>uvek kad joj zvuke \u010dujem, <br \/>hej svira\u010di, <br \/>krv mi dajte, moju pesmu zapevajte, <br \/>moju pesmu zapevajte\u00a0<\/p><p>Duboko je ispod moje ko\u017ee, <br \/>korene o \u017deleo bih samo da je vidim, <br \/>pa nek umrem istog \u010dasa ja, <br \/>ba\u0161 je volim svima iz inata, <br \/>makar ljubav ta me ubila |<\/p><p>Dotakla me je do same sr\u017ei, <br \/>ranila me \u017eenskom sujetom, <br \/>ni sam ne znam \u0161ta me to jo\u0161 dr\u017ei, <br \/>pa se kockam sa svojim \u017eivotom\u00a0<\/p><p>REF. 2x: <br \/>Prokleta je violina, \u0161to razloga trista ima,<br \/>\u00a0da mi bolnu du\u0161u truje,<br \/>uvek kad joj zvuke \u010dujem, <br \/>hej svira\u010di, krv mi dajte, <br \/>moju pesmu zapevajte, <br \/>moju pesmu zapevajte.<\/p><p>Duboko je ispod moje ko\u017ee,<br \/>korene odavno pustila,<br \/>na mom srcu o\u017eiljci se mno\u017ee,<br \/>\u0161to sam dalje njenim usnama <br \/>|<br \/>Ta mi \u017eena predrasude stvara, <br \/>truje vene gorkim \u0161e\u0107erom, <br \/>s dobrom dozom osvete u svemu, <br \/>mu\u0161kom rodu \u017eenskom namerom |<\/p><p>REF. <br \/>Davno pustila, na mom srcu o\u017eiljci se mno\u017ee, <br \/>\u0161to sam dalje njenim usnama |<\/p><p>Ta mi \u017eena predrasude stvara,<\/p><p>truje vene gorkim \u0161e\u0107erom, <br \/>s dobrom dozom osvete u svemu, <br \/>mu\u0161kom rodu \u017eenskom namerom |<br \/>REF.<\/p>\t\t\t\t\t\t\t\t<\/div>\n\t\t\t\t<\/div>\n\t\t\t\t<\/div>\n\t\t\t\t<\/div>\n\t\t","protected":false},"excerpt":{"rendered":"<p>PROKLETA JE VIOLINA \u017deleo bih samo da je vidim,pa nek umrem istog \u010dasa ja,ba\u0161 je volim svima iz inata,makar ljubav ta me ubila. Dotakla me je do same sr\u017ei,ranila me \u017eenskom sujetom, ni sam ne znam \u0161ta me to jo\u0161 dr\u017ei, pa se kockam sa svojim \u017eivotom. REF. 2x: Prokleta je violina, \u0161to razloga trista [&hellip;]<\/p>\n","protected":false},"author":1,"featured_media":114,"parent":0,"menu_order":11,"comment_status":"closed","ping_status":"closed","template":"","meta":{"opb_popup_content":"Popup Content","ocean_post_layout":"","ocean_both_sidebars_style":"","ocean_both_sidebars_content_width":0,"ocean_both_sidebars_sidebars_width":0,"ocean_sidebar":"","ocean_second_sidebar":"","ocean_disable_margins":"enable","ocean_add_body_class":"","ocean_shortcode_before_top_bar":"","ocean_shortcode_after_top_bar":"","ocean_shortcode_before_header":"","ocean_shortcode_after_header":"","ocean_has_shortcode":"","ocean_shortcode_after_title":"","ocean_shortcode_before_footer_widgets":"","ocean_shortcode_after_footer_widgets":"","ocean_shortcode_before_footer_bottom":"","ocean_shortcode_after_footer_bottom":"","ocean_display_top_bar":"default","ocean_display_header":"default","ocean_header_style":"","ocean_center_header_left_menu":"","ocean_custom_header_template":"","ocean_custom_logo":0,"ocean_custom_retina_logo":0,"ocean_custom_logo_max_width":0,"ocean_custom_logo_tablet_max_width":0,"ocean_custom_logo_mobile_max_width":0,"ocean_custom_logo_max_height":0,"ocean_custom_logo_tablet_max_height":0,"ocean_custom_logo_mobile_max_height":0,"ocean_header_custom_menu":"","ocean_menu_typo_font_family":"","ocean_menu_typo_font_subset":"","ocean_menu_typo_font_size":0,"ocean_menu_typo_font_size_tablet":0,"ocean_menu_typo_font_size_mobile":0,"ocean_menu_typo_font_size_unit":"px","ocean_menu_typo_font_weight":"","ocean_menu_typo_font_weight_tablet":"","ocean_menu_typo_font_weight_mobile":"","ocean_menu_typo_transform":"","ocean_menu_typo_transform_tablet":"","ocean_menu_typo_transform_mobile":"","ocean_menu_typo_line_height":0,"ocean_menu_typo_line_height_tablet":0,"ocean_menu_typo_line_height_mobile":0,"ocean_menu_typo_line_height_unit":"","ocean_menu_typo_spacing":0,"ocean_menu_typo_spacing_tablet":0,"ocean_menu_typo_spacing_mobile":0,"ocean_menu_typo_spacing_unit":"","ocean_menu_link_color":"","ocean_menu_link_color_hover":"","ocean_menu_link_color_active":"","ocean_menu_link_background":"","ocean_menu_link_hover_background":"","ocean_menu_link_active_background":"","ocean_menu_social_links_bg":"","ocean_menu_social_hover_links_bg":"","ocean_menu_social_links_color":"","ocean_menu_social_hover_links_color":"","ocean_disable_title":"default","ocean_disable_heading":"default","ocean_post_title":"","ocean_post_subheading":"","ocean_post_title_style":"","ocean_post_title_background_color":"","ocean_post_title_background":0,"ocean_post_title_bg_image_position":"","ocean_post_title_bg_image_attachment":"","ocean_post_title_bg_image_repeat":"","ocean_post_title_bg_image_size":"","ocean_post_title_height":0,"ocean_post_title_bg_overlay":0.5,"ocean_post_title_bg_overlay_color":"","ocean_disable_breadcrumbs":"default","ocean_breadcrumbs_color":"","ocean_breadcrumbs_separator_color":"","ocean_breadcrumbs_links_color":"","ocean_breadcrumbs_links_hover_color":"","ocean_display_footer_widgets":"default","ocean_display_footer_bottom":"default","ocean_custom_footer_template":"","ofc_enable_fullscreen":"disable","ofc_fullscreen_speed":0,"ofc_fullscreen_nav":"enable","ofc_fullscreen_nav_pos":"right","ofc_fullscreen_nav_color":"","ofc_fullscreen_nav_tooltip_color":"","ofc_fullscreen_responsive":0,"osh_disable_topbar_sticky":"default","osh_disable_header_sticky":"default","osh_sticky_header_style":"default","osh_sticky_header_effect":"","osh_custom_sticky_logo":0,"osh_custom_retina_sticky_logo":0,"osh_custom_sticky_logo_height":0,"osh_background_color":"","osh_links_color":"","osh_links_hover_color":"","osh_links_active_color":"","osh_links_bg_color":"","osh_links_hover_bg_color":"","osh_links_active_bg_color":"","osh_menu_social_links_color":"","osh_menu_social_hover_links_color":"","footnotes":""},"class_list":["post-115","page","type-page","status-publish","has-post-thumbnail","hentry","entry","has-media"],"_links":{"self":[{"href":"https:\/\/www.maticsasa.com\/wps\/wp-json\/wp\/v2\/pages\/115","targetHints":{"allow":["GET"]}}],"collection":[{"href":"https:\/\/www.maticsasa.com\/wps\/wp-json\/wp\/v2\/pages"}],"about":[{"href":"https:\/\/www.maticsasa.com\/wps\/wp-json\/wp\/v2\/types\/page"}],"author":[{"embeddable":true,"href":"https:\/\/www.maticsasa.com\/wps\/wp-json\/wp\/v2\/users\/1"}],"replies":[{"embeddable":true,"href":"https:\/\/www.maticsasa.com\/wps\/wp-json\/wp\/v2\/comments?post=115"}],"version-history":[{"count":24,"href":"https:\/\/www.maticsasa.com\/wps\/wp-json\/wp\/v2\/pages\/115\/revisions"}],"predecessor-version":[{"id":2718,"href":"https:\/\/www.maticsasa.com\/wps\/wp-json\/wp\/v2\/pages\/115\/revisions\/2718"}],"wp:featuredmedia":[{"embeddable":true,"href":"https:\/\/www.maticsasa.com\/wps\/wp-json\/wp\/v2\/media\/114"}],"wp:attachment":[{"href":"https:\/\/www.maticsasa.com\/wps\/wp-json\/wp\/v2\/media?parent=115"}],"curies":[{"name":"wp","href":"https:\/\/api.w.org\/{rel}","templated":true}]}}