{"id":116,"date":"2015-11-08T19:33:51","date_gmt":"2015-11-08T19:33:51","guid":{"rendered":"https:\/\/www.maticsasa.com\/wps\/lili\/"},"modified":"2025-03-31T11:37:01","modified_gmt":"2025-03-31T09:37:01","slug":"lili","status":"publish","type":"page","link":"https:\/\/www.maticsasa.com\/wps\/lili\/","title":{"rendered":"Lili"},"content":{"rendered":"\t\t<div data-elementor-type=\"wp-page\" data-elementor-id=\"116\" class=\"elementor elementor-116\">\n\t\t\t\t<div class=\"elementor-element elementor-element-2c9aabe1 e-flex e-con-boxed e-con e-parent\" data-id=\"2c9aabe1\" data-element_type=\"container\" data-e-type=\"container\" data-settings=\"{&quot;background_background&quot;:&quot;classic&quot;}\">\n\t\t\t\t\t<div class=\"e-con-inner\">\n\t\t\t\t<div class=\"elementor-element elementor-element-ae6fb8b elementor-widget elementor-widget-video\" data-id=\"ae6fb8b\" data-element_type=\"widget\" data-e-type=\"widget\" data-settings=\"{&quot;youtube_url&quot;:&quot;https:\\\/\\\/www.youtube.com\\\/watch?v=9jErA-HJvgM&quot;,&quot;video_type&quot;:&quot;youtube&quot;,&quot;controls&quot;:&quot;yes&quot;}\" data-widget_type=\"video.default\">\n\t\t\t\t<div class=\"elementor-widget-container\">\n\t\t\t\t\t\t\t<div class=\"elementor-wrapper elementor-open-inline\">\n\t\t\t<div class=\"elementor-video\"><\/div>\t\t<\/div>\n\t\t\t\t\t\t<\/div>\n\t\t\t\t<\/div>\n\t\t\t\t<div class=\"elementor-element elementor-element-5035d04 elementor-widget elementor-widget-heading\" data-id=\"5035d04\" data-element_type=\"widget\" data-e-type=\"widget\" data-widget_type=\"heading.default\">\n\t\t\t\t<div class=\"elementor-widget-container\">\n\t\t\t\t\t<h2 class=\"elementor-heading-title elementor-size-default\">LILI<\/h2>\t\t\t\t<\/div>\n\t\t\t\t<\/div>\n\t\t\t\t<div class=\"elementor-element elementor-element-4112864 elementor-widget elementor-widget-text-editor\" data-id=\"4112864\" data-element_type=\"widget\" data-e-type=\"widget\" data-widget_type=\"text-editor.default\">\n\t\t\t\t<div class=\"elementor-widget-container\">\n\t\t\t\t\t\t\t\t\t<p>AJDE LILILILILILILI UZMI KOLA\u010c POSLEDNJI.<\/p><p>DAJ LILILILILILILI MENI MRVE OSTAVI.<\/p><p>HAJ LILILILILI, HAJ LILILILILI LILILI LILI LILI.<\/p><p>TUGO MOJA A SVE ZA TEBE NAJBOLJE.<\/p><p>SAMO DR\u017dI TUGU OD NAS PODALJE.<\/p><p>SAMO LILI KA\u017dI MI, TEBI KREVET.<\/p><p>MENI BOL, MENI MORE UZBURKANO, TEBI BROD.<\/p><p>SAMO LILI, KA\u017dI MILI,<\/p><p>MENI NI\u0160TA, TEBI SVE.<\/p><p>\u00a0<\/p><p>TEBI TREBA, MENI NE,<\/p><p>NE GAZI MI SRE\u0106U TI.<\/p><p>OBI\u010cAN SAM SMRTNIK JA, TI BOGINJA LJUBAVI.<\/p><p>O TUGO MOJA, AAA\u2026<\/p><p>\u00a0<\/p><p>HAJ LILILILILI, HAJ LILILILILI LILILI LILI LILI<\/p><p>TUGO MOJA A SVE ZA TEBE NAJBOLJE<\/p><p>SAMO DR\u017dI TUGU OD NAS PODALJE.<\/p><p>SAMO LILI KA\u017dI MI, TEBI SUNCE,<\/p><p>MENI NO\u0106, MENI SLABOST,<\/p><p>TEBI SNAGA, TEBI MO\u0106.<\/p><p>\u00a0<\/p><p>SAMO LILI, KA\u017dI MILI,<\/p><p>MENI NI\u0160TA, TEBI SVE.<\/p><p>TEBI TREBA, MENI NE,<\/p><p>NE GAZI MI SRE\u0106U TI.<\/p><p>OBI\u010cAN SAM SMRTNIK JA,<\/p><p>TI BOGINJA LJUBAVI.<\/p><p>\u00a0<\/p><p>O TUGO MOJA, AAA\u2026\u017dIVA BILA, \u017dIVA BILA AAA\u2026<\/p>\t\t\t\t\t\t\t\t<\/div>\n\t\t\t\t<\/div>\n\t\t\t\t\t<\/div>\n\t\t\t\t<\/div>\n\t\t\t\t<\/div>\n\t\t","protected":false},"excerpt":{"rendered":"<p>LILI AJDE LILILILILILILI UZMI KOLA\u010c POSLEDNJI. DAJ LILILILILILILI MENI MRVE OSTAVI. HAJ LILILILILI, HAJ LILILILILI LILILI LILI LILI. TUGO MOJA A SVE ZA TEBE NAJBOLJE. SAMO DR\u017dI TUGU OD NAS PODALJE. SAMO LILI KA\u017dI MI, TEBI KREVET. MENI BOL, MENI MORE UZBURKANO, TEBI BROD. SAMO LILI, KA\u017dI MILI, MENI NI\u0160TA, TEBI SVE. \u00a0 TEBI TREBA, [&hellip;]<\/p>\n","protected":false},"author":1,"featured_media":114,"parent":0,"menu_order":9,"comment_status":"closed","ping_status":"closed","template":"","meta":{"opb_popup_content":"Popup Content","ocean_post_layout":"","ocean_both_sidebars_style":"","ocean_both_sidebars_content_width":0,"ocean_both_sidebars_sidebars_width":0,"ocean_sidebar":"","ocean_second_sidebar":"","ocean_disable_margins":"enable","ocean_add_body_class":"","ocean_shortcode_before_top_bar":"","ocean_shortcode_after_top_bar":"","ocean_shortcode_before_header":"","ocean_shortcode_after_header":"","ocean_has_shortcode":"","ocean_shortcode_after_title":"","ocean_shortcode_before_footer_widgets":"","ocean_shortcode_after_footer_widgets":"","ocean_shortcode_before_footer_bottom":"","ocean_shortcode_after_footer_bottom":"","ocean_display_top_bar":"default","ocean_display_header":"default","ocean_header_style":"","ocean_center_header_left_menu":"","ocean_custom_header_template":"","ocean_custom_logo":0,"ocean_custom_retina_logo":0,"ocean_custom_logo_max_width":0,"ocean_custom_logo_tablet_max_width":0,"ocean_custom_logo_mobile_max_width":0,"ocean_custom_logo_max_height":0,"ocean_custom_logo_tablet_max_height":0,"ocean_custom_logo_mobile_max_height":0,"ocean_header_custom_menu":"","ocean_menu_typo_font_family":"","ocean_menu_typo_font_subset":"","ocean_menu_typo_font_size":0,"ocean_menu_typo_font_size_tablet":0,"ocean_menu_typo_font_size_mobile":0,"ocean_menu_typo_font_size_unit":"px","ocean_menu_typo_font_weight":"","ocean_menu_typo_font_weight_tablet":"","ocean_menu_typo_font_weight_mobile":"","ocean_menu_typo_transform":"","ocean_menu_typo_transform_tablet":"","ocean_menu_typo_transform_mobile":"","ocean_menu_typo_line_height":0,"ocean_menu_typo_line_height_tablet":0,"ocean_menu_typo_line_height_mobile":0,"ocean_menu_typo_line_height_unit":"","ocean_menu_typo_spacing":0,"ocean_menu_typo_spacing_tablet":0,"ocean_menu_typo_spacing_mobile":0,"ocean_menu_typo_spacing_unit":"","ocean_menu_link_color":"","ocean_menu_link_color_hover":"","ocean_menu_link_color_active":"","ocean_menu_link_background":"","ocean_menu_link_hover_background":"","ocean_menu_link_active_background":"","ocean_menu_social_links_bg":"","ocean_menu_social_hover_links_bg":"","ocean_menu_social_links_color":"","ocean_menu_social_hover_links_color":"","ocean_disable_title":"default","ocean_disable_heading":"default","ocean_post_title":"","ocean_post_subheading":"","ocean_post_title_style":"","ocean_post_title_background_color":"","ocean_post_title_background":0,"ocean_post_title_bg_image_position":"","ocean_post_title_bg_image_attachment":"","ocean_post_title_bg_image_repeat":"","ocean_post_title_bg_image_size":"","ocean_post_title_height":0,"ocean_post_title_bg_overlay":0.5,"ocean_post_title_bg_overlay_color":"","ocean_disable_breadcrumbs":"default","ocean_breadcrumbs_color":"","ocean_breadcrumbs_separator_color":"","ocean_breadcrumbs_links_color":"","ocean_breadcrumbs_links_hover_color":"","ocean_display_footer_widgets":"default","ocean_display_footer_bottom":"default","ocean_custom_footer_template":"","ofc_enable_fullscreen":"disable","ofc_fullscreen_speed":0,"ofc_fullscreen_nav":"enable","ofc_fullscreen_nav_pos":"right","ofc_fullscreen_nav_color":"","ofc_fullscreen_nav_tooltip_color":"","ofc_fullscreen_responsive":0,"osh_disable_topbar_sticky":"default","osh_disable_header_sticky":"default","osh_sticky_header_style":"default","osh_sticky_header_effect":"","osh_custom_sticky_logo":0,"osh_custom_retina_sticky_logo":0,"osh_custom_sticky_logo_height":0,"osh_background_color":"","osh_links_color":"","osh_links_hover_color":"","osh_links_active_color":"","osh_links_bg_color":"","osh_links_hover_bg_color":"","osh_links_active_bg_color":"","osh_menu_social_links_color":"","osh_menu_social_hover_links_color":"","footnotes":""},"class_list":["post-116","page","type-page","status-publish","has-post-thumbnail","hentry","entry","has-media"],"_links":{"self":[{"href":"https:\/\/www.maticsasa.com\/wps\/wp-json\/wp\/v2\/pages\/116","targetHints":{"allow":["GET"]}}],"collection":[{"href":"https:\/\/www.maticsasa.com\/wps\/wp-json\/wp\/v2\/pages"}],"about":[{"href":"https:\/\/www.maticsasa.com\/wps\/wp-json\/wp\/v2\/types\/page"}],"author":[{"embeddable":true,"href":"https:\/\/www.maticsasa.com\/wps\/wp-json\/wp\/v2\/users\/1"}],"replies":[{"embeddable":true,"href":"https:\/\/www.maticsasa.com\/wps\/wp-json\/wp\/v2\/comments?post=116"}],"version-history":[{"count":6,"href":"https:\/\/www.maticsasa.com\/wps\/wp-json\/wp\/v2\/pages\/116\/revisions"}],"predecessor-version":[{"id":2580,"href":"https:\/\/www.maticsasa.com\/wps\/wp-json\/wp\/v2\/pages\/116\/revisions\/2580"}],"wp:featuredmedia":[{"embeddable":true,"href":"https:\/\/www.maticsasa.com\/wps\/wp-json\/wp\/v2\/media\/114"}],"wp:attachment":[{"href":"https:\/\/www.maticsasa.com\/wps\/wp-json\/wp\/v2\/media?parent=116"}],"curies":[{"name":"wp","href":"https:\/\/api.w.org\/{rel}","templated":true}]}}