{"id":133,"date":"2015-11-09T10:12:18","date_gmt":"2015-11-09T10:12:18","guid":{"rendered":"https:\/\/www.maticsasa.com\/wps\/ne-zovi-me-na-greh\/"},"modified":"2025-03-30T17:31:47","modified_gmt":"2025-03-30T15:31:47","slug":"ne-zovi-me-na-greh","status":"publish","type":"page","link":"https:\/\/www.maticsasa.com\/wps\/ne-zovi-me-na-greh\/","title":{"rendered":"Ne zovi me na greh"},"content":{"rendered":"\t\t<div data-elementor-type=\"wp-page\" data-elementor-id=\"133\" class=\"elementor elementor-133\">\n\t\t\t\t<div class=\"elementor-element elementor-element-68a4d3b2 e-flex e-con-boxed e-con e-parent\" data-id=\"68a4d3b2\" data-element_type=\"container\" data-e-type=\"container\" data-settings=\"{&quot;background_background&quot;:&quot;classic&quot;}\">\n\t\t\t\t\t<div class=\"e-con-inner\">\n\t\t\t\t<div class=\"elementor-element elementor-element-7230417 elementor-widget elementor-widget-video\" data-id=\"7230417\" data-element_type=\"widget\" data-e-type=\"widget\" data-settings=\"{&quot;youtube_url&quot;:&quot;https:\\\/\\\/www.youtube.com\\\/watch?v=ad78jOX0ZTU&quot;,&quot;video_type&quot;:&quot;youtube&quot;,&quot;controls&quot;:&quot;yes&quot;}\" data-widget_type=\"video.default\">\n\t\t\t\t<div class=\"elementor-widget-container\">\n\t\t\t\t\t\t\t<div class=\"elementor-wrapper elementor-open-inline\">\n\t\t\t<div class=\"elementor-video\"><\/div>\t\t<\/div>\n\t\t\t\t\t\t<\/div>\n\t\t\t\t<\/div>\n\t\t\t\t<div class=\"elementor-element elementor-element-69b2e57 elementor-widget elementor-widget-heading\" data-id=\"69b2e57\" data-element_type=\"widget\" data-e-type=\"widget\" data-widget_type=\"heading.default\">\n\t\t\t\t<div class=\"elementor-widget-container\">\n\t\t\t\t\t<h2 class=\"elementor-heading-title elementor-size-default\">Ne zovi me na greh<\/h2>\t\t\t\t<\/div>\n\t\t\t\t<\/div>\n\t\t\t\t<div class=\"elementor-element elementor-element-f5634ed elementor-widget elementor-widget-text-editor\" data-id=\"f5634ed\" data-element_type=\"widget\" data-e-type=\"widget\" data-widget_type=\"text-editor.default\">\n\t\t\t\t<div class=\"elementor-widget-container\">\n\t\t\t\t\t\t\t\t\t<p>OD KUD TI, OD KUD TU NA PRAGU SRCA MOG,<br \/>VRA\u0106A\u0160 SE, VRA\u0106A\u0160 SAMO DA POVE\u0106A\u0160 ULOG,<br \/>OD KUD TI OD KUD TI IZ ALBUMA SE\u0106ANJA,<br \/>DA VATRU PALI\u0160 NA ZGARI\u0160TU MOJIH OSE\u0106ANJA.<\/p><p>NE ZOVI ME NA GREH, NE ZOVI ME NA GREH,<br \/>JER PREVISOK JE CEH, JER PREVISOK JE CEH,<br \/>KOJI OD NAS DVOJE JEDNO \u0106E DA PLATI.<\/p><p>NE ZOVI ME NA GREH, NE ZOVI ME NA GREH,<br \/>JER PREVISOK JE CEH.<br \/>A TO NI TEBI NI MENI SE NE ISPLATI.<br \/>BOLJE SE NJEMU VRATI.<\/p><p>NIJE TO, NIJE LJUBAV, VE\u0106 TVOJE STRASTI GLAS.<br \/>SAT U TVOM SRCU KASNI, IDE UNAZAD.<br \/>NISAM JA VOJNIK \u0160TO SLU\u017dI TVOJIM \u017dELJAMA.<br \/>\u017dAO MI JE ONIH KOJE SI TROVALA USNAMA.<\/p><p>NE ZOVI ME NA GREH, NE ZOVI ME NA GREH,<br \/>JER PREVISOK JE CEH, JER PREVISOK JE CEH,<br \/>KOJI OD NAS DVOJE JEDNO \u0106E DA PLATI.<\/p><p>NE ZOVI ME NA GREH, NE ZOVI ME NA GREH,<br \/>JER PREVISOK JE CEH, A TO NI TEBI NI MENI SE NE ISPLATI.<br \/>BOLJE SE NJEMU VRATI.<\/p><p>NE ZOVI ME NA GREH, NE ZOVI ME NA GREH,<br \/>JER PREVISOK JE CEH, JER PREVISOK JE CEH,<br \/>KOJI OD NAS DVOJE JEDNO \u0106E DA PLATI.<\/p><p>NE ZOVI ME NA GREH, NE ZOVI ME NA GREH,<br \/>JER PREVISOK JE CEH,<br \/>A TO NI TEBI NI MENI SE NE ISPLATI.<br \/>BOLJE SE NJEMU VRATI.<\/p>\t\t\t\t\t\t\t\t<\/div>\n\t\t\t\t<\/div>\n\t\t\t\t\t<\/div>\n\t\t\t\t<\/div>\n\t\t\t\t<\/div>\n\t\t","protected":false},"excerpt":{"rendered":"<p>Ne zovi me na greh OD KUD TI, OD KUD TU NA PRAGU SRCA MOG,VRA\u0106A\u0160 SE, VRA\u0106A\u0160 SAMO DA POVE\u0106A\u0160 ULOG,OD KUD TI OD KUD TI IZ ALBUMA SE\u0106ANJA,DA VATRU PALI\u0160 NA ZGARI\u0160TU MOJIH OSE\u0106ANJA. NE ZOVI ME NA GREH, NE ZOVI ME NA GREH,JER PREVISOK JE CEH, JER PREVISOK JE CEH,KOJI OD NAS DVOJE [&hellip;]<\/p>\n","protected":false},"author":1,"featured_media":114,"parent":0,"menu_order":3,"comment_status":"closed","ping_status":"closed","template":"","meta":{"opb_popup_content":"Popup Content","ocean_post_layout":"","ocean_both_sidebars_style":"","ocean_both_sidebars_content_width":0,"ocean_both_sidebars_sidebars_width":0,"ocean_sidebar":"","ocean_second_sidebar":"","ocean_disable_margins":"enable","ocean_add_body_class":"","ocean_shortcode_before_top_bar":"","ocean_shortcode_after_top_bar":"","ocean_shortcode_before_header":"","ocean_shortcode_after_header":"","ocean_has_shortcode":"","ocean_shortcode_after_title":"","ocean_shortcode_before_footer_widgets":"","ocean_shortcode_after_footer_widgets":"","ocean_shortcode_before_footer_bottom":"","ocean_shortcode_after_footer_bottom":"","ocean_display_top_bar":"default","ocean_display_header":"default","ocean_header_style":"","ocean_center_header_left_menu":"","ocean_custom_header_template":"","ocean_custom_logo":0,"ocean_custom_retina_logo":0,"ocean_custom_logo_max_width":0,"ocean_custom_logo_tablet_max_width":0,"ocean_custom_logo_mobile_max_width":0,"ocean_custom_logo_max_height":0,"ocean_custom_logo_tablet_max_height":0,"ocean_custom_logo_mobile_max_height":0,"ocean_header_custom_menu":"","ocean_menu_typo_font_family":"","ocean_menu_typo_font_subset":"","ocean_menu_typo_font_size":0,"ocean_menu_typo_font_size_tablet":0,"ocean_menu_typo_font_size_mobile":0,"ocean_menu_typo_font_size_unit":"px","ocean_menu_typo_font_weight":"","ocean_menu_typo_font_weight_tablet":"","ocean_menu_typo_font_weight_mobile":"","ocean_menu_typo_transform":"","ocean_menu_typo_transform_tablet":"","ocean_menu_typo_transform_mobile":"","ocean_menu_typo_line_height":0,"ocean_menu_typo_line_height_tablet":0,"ocean_menu_typo_line_height_mobile":0,"ocean_menu_typo_line_height_unit":"","ocean_menu_typo_spacing":0,"ocean_menu_typo_spacing_tablet":0,"ocean_menu_typo_spacing_mobile":0,"ocean_menu_typo_spacing_unit":"","ocean_menu_link_color":"","ocean_menu_link_color_hover":"","ocean_menu_link_color_active":"","ocean_menu_link_background":"","ocean_menu_link_hover_background":"","ocean_menu_link_active_background":"","ocean_menu_social_links_bg":"","ocean_menu_social_hover_links_bg":"","ocean_menu_social_links_color":"","ocean_menu_social_hover_links_color":"","ocean_disable_title":"default","ocean_disable_heading":"default","ocean_post_title":"","ocean_post_subheading":"","ocean_post_title_style":"","ocean_post_title_background_color":"","ocean_post_title_background":0,"ocean_post_title_bg_image_position":"","ocean_post_title_bg_image_attachment":"","ocean_post_title_bg_image_repeat":"","ocean_post_title_bg_image_size":"","ocean_post_title_height":0,"ocean_post_title_bg_overlay":0.5,"ocean_post_title_bg_overlay_color":"","ocean_disable_breadcrumbs":"default","ocean_breadcrumbs_color":"","ocean_breadcrumbs_separator_color":"","ocean_breadcrumbs_links_color":"","ocean_breadcrumbs_links_hover_color":"","ocean_display_footer_widgets":"default","ocean_display_footer_bottom":"default","ocean_custom_footer_template":"","ofc_enable_fullscreen":"disable","ofc_fullscreen_speed":0,"ofc_fullscreen_nav":"enable","ofc_fullscreen_nav_pos":"right","ofc_fullscreen_nav_color":"","ofc_fullscreen_nav_tooltip_color":"","ofc_fullscreen_responsive":0,"osh_disable_topbar_sticky":"default","osh_disable_header_sticky":"default","osh_sticky_header_style":"default","osh_sticky_header_effect":"","osh_custom_sticky_logo":0,"osh_custom_retina_sticky_logo":0,"osh_custom_sticky_logo_height":0,"osh_background_color":"","osh_links_color":"","osh_links_hover_color":"","osh_links_active_color":"","osh_links_bg_color":"","osh_links_hover_bg_color":"","osh_links_active_bg_color":"","osh_menu_social_links_color":"","osh_menu_social_hover_links_color":"","footnotes":""},"class_list":["post-133","page","type-page","status-publish","has-post-thumbnail","hentry","entry","has-media"],"_links":{"self":[{"href":"https:\/\/www.maticsasa.com\/wps\/wp-json\/wp\/v2\/pages\/133","targetHints":{"allow":["GET"]}}],"collection":[{"href":"https:\/\/www.maticsasa.com\/wps\/wp-json\/wp\/v2\/pages"}],"about":[{"href":"https:\/\/www.maticsasa.com\/wps\/wp-json\/wp\/v2\/types\/page"}],"author":[{"embeddable":true,"href":"https:\/\/www.maticsasa.com\/wps\/wp-json\/wp\/v2\/users\/1"}],"replies":[{"embeddable":true,"href":"https:\/\/www.maticsasa.com\/wps\/wp-json\/wp\/v2\/comments?post=133"}],"version-history":[{"count":6,"href":"https:\/\/www.maticsasa.com\/wps\/wp-json\/wp\/v2\/pages\/133\/revisions"}],"predecessor-version":[{"id":2275,"href":"https:\/\/www.maticsasa.com\/wps\/wp-json\/wp\/v2\/pages\/133\/revisions\/2275"}],"wp:featuredmedia":[{"embeddable":true,"href":"https:\/\/www.maticsasa.com\/wps\/wp-json\/wp\/v2\/media\/114"}],"wp:attachment":[{"href":"https:\/\/www.maticsasa.com\/wps\/wp-json\/wp\/v2\/media?parent=133"}],"curies":[{"name":"wp","href":"https:\/\/api.w.org\/{rel}","templated":true}]}}