{"id":142,"date":"2015-11-09T12:18:50","date_gmt":"2015-11-09T12:18:50","guid":{"rendered":"https:\/\/www.maticsasa.com\/wps\/jednom-kraj-zauvek-kraj\/"},"modified":"2025-03-28T22:39:17","modified_gmt":"2025-03-28T21:39:17","slug":"jednom-kraj-zauvek-kraj","status":"publish","type":"page","link":"https:\/\/www.maticsasa.com\/wps\/jednom-kraj-zauvek-kraj\/","title":{"rendered":"JEDNOM KRAJ ZAUVEK KRAJ"},"content":{"rendered":"\t\t<div data-elementor-type=\"wp-page\" data-elementor-id=\"142\" class=\"elementor elementor-142\">\n\t\t\t\t<div class=\"elementor-element elementor-element-6c3ec798 e-flex e-con-boxed e-con e-parent\" data-id=\"6c3ec798\" data-element_type=\"container\" data-e-type=\"container\" data-settings=\"{&quot;background_background&quot;:&quot;classic&quot;}\">\n\t\t\t\t\t<div class=\"e-con-inner\">\n\t\t\t\t<div class=\"elementor-element elementor-element-2478427 elementor-widget elementor-widget-video\" data-id=\"2478427\" data-element_type=\"widget\" data-e-type=\"widget\" data-settings=\"{&quot;youtube_url&quot;:&quot;https:\\\/\\\/www.youtube.com\\\/watch?v=e8WSC5cR_cU&quot;,&quot;video_type&quot;:&quot;youtube&quot;,&quot;controls&quot;:&quot;yes&quot;}\" data-widget_type=\"video.default\">\n\t\t\t\t<div class=\"elementor-widget-container\">\n\t\t\t\t\t\t\t<div class=\"elementor-wrapper elementor-open-inline\">\n\t\t\t<div class=\"elementor-video\"><\/div>\t\t<\/div>\n\t\t\t\t\t\t<\/div>\n\t\t\t\t<\/div>\n\t\t\t\t<div class=\"elementor-element elementor-element-030d983 elementor-widget elementor-widget-heading\" data-id=\"030d983\" data-element_type=\"widget\" data-e-type=\"widget\" data-widget_type=\"heading.default\">\n\t\t\t\t<div class=\"elementor-widget-container\">\n\t\t\t\t\t<h2 class=\"elementor-heading-title elementor-size-default\">Jednom kraj, zauvek kraj<\/h2>\t\t\t\t<\/div>\n\t\t\t\t<\/div>\n\t\t\t\t<div class=\"elementor-element elementor-element-efa08fc elementor-widget elementor-widget-text-editor\" data-id=\"efa08fc\" data-element_type=\"widget\" data-e-type=\"widget\" data-widget_type=\"text-editor.default\">\n\t\t\t\t<div class=\"elementor-widget-container\">\n\t\t\t\t\t\t\t\t\t<p>KA\u017dE\u0160 ODLAZI\u0160 PRE SUNCA<br \/>SLEDI\u0160 ZAKONE SVOG SRCA<br \/>I DA LO\u0160A LJUBAV SE NE ISPLATI<br \/>\u0160TO MOM SRCU DU\u017dNA TI SI<br \/>OD VE\u010cERAS VI\u0160E NISI<br \/>NEKA BOG TI SUDI I SVE NAPLATI<\/p><p>OPET VETAR JE U DU\u0160I<br \/>I SVET CEO MI SE RU\u0160I<br \/>SRE\u0106A MI KROZ PRSTE IZMI\u010cE<br \/>OPET PITA\u0106E KAFANE<br \/>DOK MI NE ZACELE RANE<br \/>\u0160TO MI VINO VENAMA PROTI\u010cE<\/p><p>REF. 2X<br \/>KAD JEDNOM VRATA ZATVORI\u0160<br \/>NA KU\u0106I MOJE LJUBAVI<br \/>POVRATKA TAMO TEBI NEMA VI\u0160E, ZNAJ<br \/>NE\u0106U TE NIKAD PUSTITI<br \/>\u010cAK NI U SVOJE SE\u0106ANJE<br \/>ZA MENE JEDNOM KRAJ ZAUVEK JE KRAJ<\/p><p>KAO KO\u0160ULJU ME SKIDA\u0160<br \/>NEMA\u0160 HRABROSTI DA PRIZNA\u0160<br \/>DA JE TVOJE TELO \u017dELJNO PROMENE<br \/>MALO TI JE LJUBAV JEDNA<br \/>MOJE \u017dRTVE NISI VREDNA<br \/>KA\u017dEM IDI, A SAMO \u0160TO NE UMREM<\/p>\t\t\t\t\t\t\t\t<\/div>\n\t\t\t\t<\/div>\n\t\t\t\t\t<\/div>\n\t\t\t\t<\/div>\n\t\t\t\t<\/div>\n\t\t","protected":false},"excerpt":{"rendered":"<p>Jednom kraj, zauvek kraj KA\u017dE\u0160 ODLAZI\u0160 PRE SUNCASLEDI\u0160 ZAKONE SVOG SRCAI DA LO\u0160A LJUBAV SE NE ISPLATI\u0160TO MOM SRCU DU\u017dNA TI SIOD VE\u010cERAS VI\u0160E NISINEKA BOG TI SUDI I SVE NAPLATI OPET VETAR JE U DU\u0160II SVET CEO MI SE RU\u0160ISRE\u0106A MI KROZ PRSTE IZMI\u010cEOPET PITA\u0106E KAFANEDOK MI NE ZACELE RANE\u0160TO MI VINO VENAMA PROTI\u010cE [&hellip;]<\/p>\n","protected":false},"author":1,"featured_media":136,"parent":0,"menu_order":6,"comment_status":"closed","ping_status":"closed","template":"","meta":{"opb_popup_content":"Popup Content","ocean_post_layout":"","ocean_both_sidebars_style":"","ocean_both_sidebars_content_width":0,"ocean_both_sidebars_sidebars_width":0,"ocean_sidebar":"","ocean_second_sidebar":"","ocean_disable_margins":"enable","ocean_add_body_class":"","ocean_shortcode_before_top_bar":"","ocean_shortcode_after_top_bar":"","ocean_shortcode_before_header":"","ocean_shortcode_after_header":"","ocean_has_shortcode":"","ocean_shortcode_after_title":"","ocean_shortcode_before_footer_widgets":"","ocean_shortcode_after_footer_widgets":"","ocean_shortcode_before_footer_bottom":"","ocean_shortcode_after_footer_bottom":"","ocean_display_top_bar":"default","ocean_display_header":"default","ocean_header_style":"","ocean_center_header_left_menu":"","ocean_custom_header_template":"","ocean_custom_logo":0,"ocean_custom_retina_logo":0,"ocean_custom_logo_max_width":0,"ocean_custom_logo_tablet_max_width":0,"ocean_custom_logo_mobile_max_width":0,"ocean_custom_logo_max_height":0,"ocean_custom_logo_tablet_max_height":0,"ocean_custom_logo_mobile_max_height":0,"ocean_header_custom_menu":"","ocean_menu_typo_font_family":"","ocean_menu_typo_font_subset":"","ocean_menu_typo_font_size":0,"ocean_menu_typo_font_size_tablet":0,"ocean_menu_typo_font_size_mobile":0,"ocean_menu_typo_font_size_unit":"px","ocean_menu_typo_font_weight":"","ocean_menu_typo_font_weight_tablet":"","ocean_menu_typo_font_weight_mobile":"","ocean_menu_typo_transform":"","ocean_menu_typo_transform_tablet":"","ocean_menu_typo_transform_mobile":"","ocean_menu_typo_line_height":0,"ocean_menu_typo_line_height_tablet":0,"ocean_menu_typo_line_height_mobile":0,"ocean_menu_typo_line_height_unit":"","ocean_menu_typo_spacing":0,"ocean_menu_typo_spacing_tablet":0,"ocean_menu_typo_spacing_mobile":0,"ocean_menu_typo_spacing_unit":"","ocean_menu_link_color":"","ocean_menu_link_color_hover":"","ocean_menu_link_color_active":"","ocean_menu_link_background":"","ocean_menu_link_hover_background":"","ocean_menu_link_active_background":"","ocean_menu_social_links_bg":"","ocean_menu_social_hover_links_bg":"","ocean_menu_social_links_color":"","ocean_menu_social_hover_links_color":"","ocean_disable_title":"default","ocean_disable_heading":"default","ocean_post_title":"","ocean_post_subheading":"","ocean_post_title_style":"","ocean_post_title_background_color":"","ocean_post_title_background":0,"ocean_post_title_bg_image_position":"","ocean_post_title_bg_image_attachment":"","ocean_post_title_bg_image_repeat":"","ocean_post_title_bg_image_size":"","ocean_post_title_height":0,"ocean_post_title_bg_overlay":0.5,"ocean_post_title_bg_overlay_color":"","ocean_disable_breadcrumbs":"default","ocean_breadcrumbs_color":"","ocean_breadcrumbs_separator_color":"","ocean_breadcrumbs_links_color":"","ocean_breadcrumbs_links_hover_color":"","ocean_display_footer_widgets":"default","ocean_display_footer_bottom":"default","ocean_custom_footer_template":"","ofc_enable_fullscreen":"disable","ofc_fullscreen_speed":0,"ofc_fullscreen_nav":"enable","ofc_fullscreen_nav_pos":"right","ofc_fullscreen_nav_color":"","ofc_fullscreen_nav_tooltip_color":"","ofc_fullscreen_responsive":0,"osh_disable_topbar_sticky":"default","osh_disable_header_sticky":"default","osh_sticky_header_style":"default","osh_sticky_header_effect":"","osh_custom_sticky_logo":0,"osh_custom_retina_sticky_logo":0,"osh_custom_sticky_logo_height":0,"osh_background_color":"","osh_links_color":"","osh_links_hover_color":"","osh_links_active_color":"","osh_links_bg_color":"","osh_links_hover_bg_color":"","osh_links_active_bg_color":"","osh_menu_social_links_color":"","osh_menu_social_hover_links_color":"","footnotes":""},"class_list":["post-142","page","type-page","status-publish","has-post-thumbnail","hentry","entry","has-media"],"_links":{"self":[{"href":"https:\/\/www.maticsasa.com\/wps\/wp-json\/wp\/v2\/pages\/142","targetHints":{"allow":["GET"]}}],"collection":[{"href":"https:\/\/www.maticsasa.com\/wps\/wp-json\/wp\/v2\/pages"}],"about":[{"href":"https:\/\/www.maticsasa.com\/wps\/wp-json\/wp\/v2\/types\/page"}],"author":[{"embeddable":true,"href":"https:\/\/www.maticsasa.com\/wps\/wp-json\/wp\/v2\/users\/1"}],"replies":[{"embeddable":true,"href":"https:\/\/www.maticsasa.com\/wps\/wp-json\/wp\/v2\/comments?post=142"}],"version-history":[{"count":3,"href":"https:\/\/www.maticsasa.com\/wps\/wp-json\/wp\/v2\/pages\/142\/revisions"}],"predecessor-version":[{"id":1966,"href":"https:\/\/www.maticsasa.com\/wps\/wp-json\/wp\/v2\/pages\/142\/revisions\/1966"}],"wp:featuredmedia":[{"embeddable":true,"href":"https:\/\/www.maticsasa.com\/wps\/wp-json\/wp\/v2\/media\/136"}],"wp:attachment":[{"href":"https:\/\/www.maticsasa.com\/wps\/wp-json\/wp\/v2\/media?parent=142"}],"curies":[{"name":"wp","href":"https:\/\/api.w.org\/{rel}","templated":true}]}}