{"id":145,"date":"2015-11-09T12:22:53","date_gmt":"2015-11-09T12:22:53","guid":{"rendered":"https:\/\/www.maticsasa.com\/wps\/ne-zovi-ne-pisi\/"},"modified":"2025-03-28T23:20:17","modified_gmt":"2025-03-28T22:20:17","slug":"ne-zovi-ne-pisi","status":"publish","type":"page","link":"https:\/\/www.maticsasa.com\/wps\/ne-zovi-ne-pisi\/","title":{"rendered":"NE ZOVI, NE PI\u0160I"},"content":{"rendered":"\t\t<div data-elementor-type=\"wp-page\" data-elementor-id=\"145\" class=\"elementor elementor-145\">\n\t\t\t\t<div class=\"elementor-element elementor-element-79013263 e-flex e-con-boxed e-con e-parent\" data-id=\"79013263\" data-element_type=\"container\" data-e-type=\"container\" data-settings=\"{&quot;background_background&quot;:&quot;classic&quot;}\">\n\t\t\t\t\t<div class=\"e-con-inner\">\n\t\t\t\t<div class=\"elementor-element elementor-element-3203785 elementor-widget elementor-widget-video\" data-id=\"3203785\" data-element_type=\"widget\" data-e-type=\"widget\" data-settings=\"{&quot;youtube_url&quot;:&quot;https:\\\/\\\/www.youtube.com\\\/watch?v=9JMHEueT-Nw&quot;,&quot;video_type&quot;:&quot;youtube&quot;,&quot;controls&quot;:&quot;yes&quot;}\" data-widget_type=\"video.default\">\n\t\t\t\t<div class=\"elementor-widget-container\">\n\t\t\t\t\t\t\t<div class=\"elementor-wrapper elementor-open-inline\">\n\t\t\t<div class=\"elementor-video\"><\/div>\t\t<\/div>\n\t\t\t\t\t\t<\/div>\n\t\t\t\t<\/div>\n\t\t\t\t<div class=\"elementor-element elementor-element-ae2396d elementor-widget elementor-widget-heading\" data-id=\"ae2396d\" data-element_type=\"widget\" data-e-type=\"widget\" data-widget_type=\"heading.default\">\n\t\t\t\t<div class=\"elementor-widget-container\">\n\t\t\t\t\t<h2 class=\"elementor-heading-title elementor-size-default\">Ne zovi ne  pi\u0161i<\/h2>\t\t\t\t<\/div>\n\t\t\t\t<\/div>\n\t\t\t\t<div class=\"elementor-element elementor-element-622dacc elementor-widget elementor-widget-text-editor\" data-id=\"622dacc\" data-element_type=\"widget\" data-e-type=\"widget\" data-widget_type=\"text-editor.default\">\n\t\t\t\t<div class=\"elementor-widget-container\">\n\t\t\t\t\t\t\t\t\t<p>SVAKI NA\u0160 SUSRET<br \/>UVEK SVE TE\u017dI JE<br \/>UMORNO SRCE IDE<br \/>GDE JE SVE\u017dIJE<\/p><p>DUBOKO NEGDE OVA<br \/>LJUBAV IMA DRA\u017d<br \/>NA POVR\u0160INI SVE JE<br \/>SAMO \u010cISTA LA\u017d<\/p><p>NE ZOVI, NE PI\u0160I I NE DOLAZI<br \/>PUSTI ME, \u017dELJA ME PROLAZI<br \/>NIKO OD NAS NIJE MA\u0110IONI\u010cAR<br \/>DA O\u017dIVI MRTVU STVAR<\/p><p>NE ZOVI, NE PI\u0160I I NE DOLAZI<br \/>PUSTI ME, \u017dELJA ME PROLAZI<br \/>\u010cAROBNI JE \u0160TAPI\u0106 PUKO NA DVOJE<br \/>MAGIJA NEK NESTAJE<\/p><p>NE BOLE MENE VI\u0160E<br \/>TVOJE PREVARE<br \/>VE\u0106 OVA NADA STO<br \/>U MENI UMIRE<\/p><p>KAD SI VE\u0106 HTELA ZA NAS<br \/>TAKO RU\u017dAN KRAJ<br \/>NE BUDI FINA<br \/>DOBRO ME RAZO\u010cARAJ<\/p>\t\t\t\t\t\t\t\t<\/div>\n\t\t\t\t<\/div>\n\t\t\t\t<div class=\"elementor-element elementor-element-6a4c2649 elementor-widget elementor-widget-text-editor\" data-id=\"6a4c2649\" data-element_type=\"widget\" data-e-type=\"widget\" data-widget_type=\"text-editor.default\">\n\t\t\t\t<div class=\"elementor-widget-container\">\n\t\t\t\t\t\t\t\t\t<table border=\"0\">\r\n<tbody>\r\n<tr>\r\n<td>NE ZOVI, NE PI\u0160I<\/td>\r\n<\/tr>\r\n<tr>\r\n<td><img fetchpriority=\"high\" decoding=\"async\" class=\" size-full wp-image-136\" src=\"https:\/\/www.maticsasa.com\/wps\/wp-content\/uploads\/2015\/11\/zbogom_ljubavi_play.jpg\" alt=\"zbogom ljubavi play\" width=\"555\" height=\"270\" srcset=\"https:\/\/www.maticsasa.com\/wps\/wp-content\/uploads\/2015\/11\/zbogom_ljubavi_play.jpg 555w, https:\/\/www.maticsasa.com\/wps\/wp-content\/uploads\/2015\/11\/zbogom_ljubavi_play-300x146.jpg 300w\" sizes=\"(max-width: 555px) 100vw, 555px\" \/><\/td>\r\n<\/tr>\r\n<tr>\r\n<td>\r\n<p>SVAKI NA\u0160 SUSRET <br \/>UVEK SVE TE\u017dI JE<br \/>UMORNO SRCE IDE <br \/>GDE JE SVE\u017dIJE<\/p>\r\n<p>DUBOKO NEGDE OVA <br \/>LJUBAV IMA DRA\u017d<br \/>NA POVR\u0160INI SVE JE <br \/>SAMO \u010cISTA LA\u017d<\/p>\r\n<p>NE ZOVI, NE PI\u0160I I NE DOLAZI<br \/>PUSTI ME, \u017dELJA ME PROLAZI<br \/>NIKO OD NAS NIJE MA\u0110IONI\u010cAR<br \/>DA O\u017dIVI MRTVU STVAR<\/p>\r\n<p>NE ZOVI, NE PI\u0160I I NE DOLAZI<br \/>PUSTI ME, \u017dELJA ME PROLAZI<br \/>\u010cAROBNI JE \u0160TAPI\u0106 PUKO NA DVOJE<br \/>MAGIJA NEK NESTAJE<\/p>\r\n<p>NE BOLE MENE VI\u0160E <br \/>TVOJE PREVARE<br \/>VE\u0106 OVA NADA STO <br \/>U MENI UMIRE<\/p>\r\n<p>KAD SI VE\u0106 HTELA ZA NAS <br \/>TAKO RU\u017dAN KRAJ<br \/>NE BUDI FINA <br \/>DOBRO ME RAZO\u010cARAJ<\/p>\r\n<\/td>\r\n<\/tr>\r\n<\/tbody>\r\n<\/table>\t\t\t\t\t\t\t\t<\/div>\n\t\t\t\t<\/div>\n\t\t\t\t\t<\/div>\n\t\t\t\t<\/div>\n\t\t\t\t<\/div>\n\t\t","protected":false},"excerpt":{"rendered":"<p>Ne zovi ne pi\u0161i SVAKI NA\u0160 SUSRETUVEK SVE TE\u017dI JEUMORNO SRCE IDEGDE JE SVE\u017dIJE DUBOKO NEGDE OVALJUBAV IMA DRA\u017dNA POVR\u0160INI SVE JESAMO \u010cISTA LA\u017d NE ZOVI, NE PI\u0160I I NE DOLAZIPUSTI ME, \u017dELJA ME PROLAZINIKO OD NAS NIJE MA\u0110IONI\u010cARDA O\u017dIVI MRTVU STVAR NE ZOVI, NE PI\u0160I I NE DOLAZIPUSTI ME, \u017dELJA ME PROLAZI\u010cAROBNI JE \u0160TAPI\u0106 [&hellip;]<\/p>\n","protected":false},"author":1,"featured_media":136,"parent":0,"menu_order":3,"comment_status":"closed","ping_status":"closed","template":"","meta":{"opb_popup_content":"Popup Content","ocean_post_layout":"","ocean_both_sidebars_style":"","ocean_both_sidebars_content_width":0,"ocean_both_sidebars_sidebars_width":0,"ocean_sidebar":"","ocean_second_sidebar":"","ocean_disable_margins":"enable","ocean_add_body_class":"","ocean_shortcode_before_top_bar":"","ocean_shortcode_after_top_bar":"","ocean_shortcode_before_header":"","ocean_shortcode_after_header":"","ocean_has_shortcode":"","ocean_shortcode_after_title":"","ocean_shortcode_before_footer_widgets":"","ocean_shortcode_after_footer_widgets":"","ocean_shortcode_before_footer_bottom":"","ocean_shortcode_after_footer_bottom":"","ocean_display_top_bar":"default","ocean_display_header":"default","ocean_header_style":"","ocean_center_header_left_menu":"","ocean_custom_header_template":"","ocean_custom_logo":0,"ocean_custom_retina_logo":0,"ocean_custom_logo_max_width":0,"ocean_custom_logo_tablet_max_width":0,"ocean_custom_logo_mobile_max_width":0,"ocean_custom_logo_max_height":0,"ocean_custom_logo_tablet_max_height":0,"ocean_custom_logo_mobile_max_height":0,"ocean_header_custom_menu":"","ocean_menu_typo_font_family":"","ocean_menu_typo_font_subset":"","ocean_menu_typo_font_size":0,"ocean_menu_typo_font_size_tablet":0,"ocean_menu_typo_font_size_mobile":0,"ocean_menu_typo_font_size_unit":"px","ocean_menu_typo_font_weight":"","ocean_menu_typo_font_weight_tablet":"","ocean_menu_typo_font_weight_mobile":"","ocean_menu_typo_transform":"","ocean_menu_typo_transform_tablet":"","ocean_menu_typo_transform_mobile":"","ocean_menu_typo_line_height":0,"ocean_menu_typo_line_height_tablet":0,"ocean_menu_typo_line_height_mobile":0,"ocean_menu_typo_line_height_unit":"","ocean_menu_typo_spacing":0,"ocean_menu_typo_spacing_tablet":0,"ocean_menu_typo_spacing_mobile":0,"ocean_menu_typo_spacing_unit":"","ocean_menu_link_color":"","ocean_menu_link_color_hover":"","ocean_menu_link_color_active":"","ocean_menu_link_background":"","ocean_menu_link_hover_background":"","ocean_menu_link_active_background":"","ocean_menu_social_links_bg":"","ocean_menu_social_hover_links_bg":"","ocean_menu_social_links_color":"","ocean_menu_social_hover_links_color":"","ocean_disable_title":"default","ocean_disable_heading":"default","ocean_post_title":"","ocean_post_subheading":"","ocean_post_title_style":"","ocean_post_title_background_color":"","ocean_post_title_background":0,"ocean_post_title_bg_image_position":"","ocean_post_title_bg_image_attachment":"","ocean_post_title_bg_image_repeat":"","ocean_post_title_bg_image_size":"","ocean_post_title_height":0,"ocean_post_title_bg_overlay":0.5,"ocean_post_title_bg_overlay_color":"","ocean_disable_breadcrumbs":"default","ocean_breadcrumbs_color":"","ocean_breadcrumbs_separator_color":"","ocean_breadcrumbs_links_color":"","ocean_breadcrumbs_links_hover_color":"","ocean_display_footer_widgets":"default","ocean_display_footer_bottom":"default","ocean_custom_footer_template":"","ofc_enable_fullscreen":"disable","ofc_fullscreen_speed":0,"ofc_fullscreen_nav":"enable","ofc_fullscreen_nav_pos":"right","ofc_fullscreen_nav_color":"","ofc_fullscreen_nav_tooltip_color":"","ofc_fullscreen_responsive":0,"osh_disable_topbar_sticky":"default","osh_disable_header_sticky":"default","osh_sticky_header_style":"default","osh_sticky_header_effect":"","osh_custom_sticky_logo":0,"osh_custom_retina_sticky_logo":0,"osh_custom_sticky_logo_height":0,"osh_background_color":"","osh_links_color":"","osh_links_hover_color":"","osh_links_active_color":"","osh_links_bg_color":"","osh_links_hover_bg_color":"","osh_links_active_bg_color":"","osh_menu_social_links_color":"","osh_menu_social_hover_links_color":"","footnotes":""},"class_list":["post-145","page","type-page","status-publish","has-post-thumbnail","hentry","entry","has-media"],"_links":{"self":[{"href":"https:\/\/www.maticsasa.com\/wps\/wp-json\/wp\/v2\/pages\/145","targetHints":{"allow":["GET"]}}],"collection":[{"href":"https:\/\/www.maticsasa.com\/wps\/wp-json\/wp\/v2\/pages"}],"about":[{"href":"https:\/\/www.maticsasa.com\/wps\/wp-json\/wp\/v2\/types\/page"}],"author":[{"embeddable":true,"href":"https:\/\/www.maticsasa.com\/wps\/wp-json\/wp\/v2\/users\/1"}],"replies":[{"embeddable":true,"href":"https:\/\/www.maticsasa.com\/wps\/wp-json\/wp\/v2\/comments?post=145"}],"version-history":[{"count":3,"href":"https:\/\/www.maticsasa.com\/wps\/wp-json\/wp\/v2\/pages\/145\/revisions"}],"predecessor-version":[{"id":1975,"href":"https:\/\/www.maticsasa.com\/wps\/wp-json\/wp\/v2\/pages\/145\/revisions\/1975"}],"wp:featuredmedia":[{"embeddable":true,"href":"https:\/\/www.maticsasa.com\/wps\/wp-json\/wp\/v2\/media\/136"}],"wp:attachment":[{"href":"https:\/\/www.maticsasa.com\/wps\/wp-json\/wp\/v2\/media?parent=145"}],"curies":[{"name":"wp","href":"https:\/\/api.w.org\/{rel}","templated":true}]}}