{"id":149,"date":"2015-11-09T12:56:20","date_gmt":"2015-11-09T12:56:20","guid":{"rendered":"https:\/\/www.maticsasa.com\/wps\/ko-te-ljubi-ovih-dana\/"},"modified":"2025-03-28T23:26:41","modified_gmt":"2025-03-28T22:26:41","slug":"ko-te-ljubi-ovih-dana","status":"publish","type":"page","link":"https:\/\/www.maticsasa.com\/wps\/ko-te-ljubi-ovih-dana\/","title":{"rendered":"KO TE LJUBI OVIH DANA"},"content":{"rendered":"\t\t<div data-elementor-type=\"wp-page\" data-elementor-id=\"149\" class=\"elementor elementor-149\">\n\t\t\t\t<div class=\"elementor-element elementor-element-1d7e9619 e-flex e-con-boxed e-con e-parent\" data-id=\"1d7e9619\" data-element_type=\"container\" data-e-type=\"container\" data-settings=\"{&quot;background_background&quot;:&quot;classic&quot;}\">\n\t\t\t\t\t<div class=\"e-con-inner\">\n\t\t\t\t<div class=\"elementor-element elementor-element-f146e32 elementor-widget elementor-widget-video\" data-id=\"f146e32\" data-element_type=\"widget\" data-e-type=\"widget\" data-settings=\"{&quot;youtube_url&quot;:&quot;https:\\\/\\\/www.youtube.com\\\/watch?v=R0BPeUr1pH4&quot;,&quot;video_type&quot;:&quot;youtube&quot;,&quot;controls&quot;:&quot;yes&quot;}\" data-widget_type=\"video.default\">\n\t\t\t\t<div class=\"elementor-widget-container\">\n\t\t\t\t\t\t\t<div class=\"elementor-wrapper elementor-open-inline\">\n\t\t\t<div class=\"elementor-video\"><\/div>\t\t<\/div>\n\t\t\t\t\t\t<\/div>\n\t\t\t\t<\/div>\n\t\t\t\t<div class=\"elementor-element elementor-element-357b96f elementor-widget elementor-widget-heading\" data-id=\"357b96f\" data-element_type=\"widget\" data-e-type=\"widget\" data-widget_type=\"heading.default\">\n\t\t\t\t<div class=\"elementor-widget-container\">\n\t\t\t\t\t<h2 class=\"elementor-heading-title elementor-size-default\">KO te ljubi ovih dana<\/h2>\t\t\t\t<\/div>\n\t\t\t\t<\/div>\n\t\t\t\t<div class=\"elementor-element elementor-element-1531e6f elementor-widget elementor-widget-text-editor\" data-id=\"1531e6f\" data-element_type=\"widget\" data-e-type=\"widget\" data-widget_type=\"text-editor.default\">\n\t\t\t\t<div class=\"elementor-widget-container\">\n\t\t\t\t\t\t\t\t\t<p>ZAR JA, KOJI SAM UVEK \u017dENE NAJLEP\u0160E<br \/>KAD GOD SAM HTEO IMAO.<br \/>ZAR JA, DA I DAN DANAS VOLIM NAJVI\u0160E<br \/>ONU S KOJOM NISAM SPAVAO.<\/p><p>NI DVE, ZA NO\u0106 MI NISU BILE DOVOLJNE<br \/>DA NA TEBE NE MISLIM<br \/>U TOJ SAM IGRI SA NJIMA UZIVAO<br \/>SAMO AKO TEBE ZAMISLIM.<\/p><p>KO TE LJUBI OVIH DANA<br \/>S KIM SE TOPI\u0160 NA JASTUKU<br \/>ODNELA GA NO\u0106NA TAMA<br \/>NEKA TRA\u017dI DRUGU DEVOJKU.<\/p><p>KO TE LJUBI OVIH DANA<br \/>DA GA NEMA SVE BIH DAO,<br \/>AL\u2019 NE VREDI, AL\u2019 NE VREDI<br \/>OPET TI SE NE BIH DOPAO.<\/p><p>ZAR JA, KOJI SAM \u017dENSKA SRCA LOMIO<br \/>KO DA SU OD STAKLA PRAVLJENA<br \/>ZAR JA, DA BUDEM SLOMLJEN OD TVOG POGLEDA<br \/>KO RU\u017dA OD LO\u0160EG VREMENA.<\/p><p>NI DVE, ZA NO\u0106 MI NISU BILE DOVOLJNE<br \/>DA NA TEBE NE MISLIM<br \/>U TOJ SAM IGRI SA NJIMA U\u017dIVAO<br \/>SAMO AKO TEBE ZAMISLIM.<\/p><p>KO TE LJUBI OVIH DANA<br \/>S KIM SE TOPI\u0160 NA JASTUKU<br \/>ODNELA GA NO\u0106NA TAMA<br \/>NEKA TRA\u017dI DRUGU DEVOJKU.<\/p><p>REF.<\/p>\t\t\t\t\t\t\t\t<\/div>\n\t\t\t\t<\/div>\n\t\t\t\t\t<\/div>\n\t\t\t\t<\/div>\n\t\t\t\t<\/div>\n\t\t","protected":false},"excerpt":{"rendered":"<p>KO te ljubi ovih dana ZAR JA, KOJI SAM UVEK \u017dENE NAJLEP\u0160EKAD GOD SAM HTEO IMAO.ZAR JA, DA I DAN DANAS VOLIM NAJVI\u0160EONU S KOJOM NISAM SPAVAO. NI DVE, ZA NO\u0106 MI NISU BILE DOVOLJNEDA NA TEBE NE MISLIMU TOJ SAM IGRI SA NJIMA UZIVAOSAMO AKO TEBE ZAMISLIM. KO TE LJUBI OVIH DANAS KIM SE [&hellip;]<\/p>\n","protected":false},"author":1,"featured_media":148,"parent":0,"menu_order":11,"comment_status":"closed","ping_status":"closed","template":"","meta":{"opb_popup_content":"Popup Content","ocean_post_layout":"","ocean_both_sidebars_style":"","ocean_both_sidebars_content_width":0,"ocean_both_sidebars_sidebars_width":0,"ocean_sidebar":"","ocean_second_sidebar":"","ocean_disable_margins":"enable","ocean_add_body_class":"","ocean_shortcode_before_top_bar":"","ocean_shortcode_after_top_bar":"","ocean_shortcode_before_header":"","ocean_shortcode_after_header":"","ocean_has_shortcode":"","ocean_shortcode_after_title":"","ocean_shortcode_before_footer_widgets":"","ocean_shortcode_after_footer_widgets":"","ocean_shortcode_before_footer_bottom":"","ocean_shortcode_after_footer_bottom":"","ocean_display_top_bar":"default","ocean_display_header":"default","ocean_header_style":"","ocean_center_header_left_menu":"","ocean_custom_header_template":"","ocean_custom_logo":0,"ocean_custom_retina_logo":0,"ocean_custom_logo_max_width":0,"ocean_custom_logo_tablet_max_width":0,"ocean_custom_logo_mobile_max_width":0,"ocean_custom_logo_max_height":0,"ocean_custom_logo_tablet_max_height":0,"ocean_custom_logo_mobile_max_height":0,"ocean_header_custom_menu":"","ocean_menu_typo_font_family":"","ocean_menu_typo_font_subset":"","ocean_menu_typo_font_size":0,"ocean_menu_typo_font_size_tablet":0,"ocean_menu_typo_font_size_mobile":0,"ocean_menu_typo_font_size_unit":"px","ocean_menu_typo_font_weight":"","ocean_menu_typo_font_weight_tablet":"","ocean_menu_typo_font_weight_mobile":"","ocean_menu_typo_transform":"","ocean_menu_typo_transform_tablet":"","ocean_menu_typo_transform_mobile":"","ocean_menu_typo_line_height":0,"ocean_menu_typo_line_height_tablet":0,"ocean_menu_typo_line_height_mobile":0,"ocean_menu_typo_line_height_unit":"","ocean_menu_typo_spacing":0,"ocean_menu_typo_spacing_tablet":0,"ocean_menu_typo_spacing_mobile":0,"ocean_menu_typo_spacing_unit":"","ocean_menu_link_color":"","ocean_menu_link_color_hover":"","ocean_menu_link_color_active":"","ocean_menu_link_background":"","ocean_menu_link_hover_background":"","ocean_menu_link_active_background":"","ocean_menu_social_links_bg":"","ocean_menu_social_hover_links_bg":"","ocean_menu_social_links_color":"","ocean_menu_social_hover_links_color":"","ocean_disable_title":"default","ocean_disable_heading":"default","ocean_post_title":"","ocean_post_subheading":"","ocean_post_title_style":"","ocean_post_title_background_color":"","ocean_post_title_background":0,"ocean_post_title_bg_image_position":"","ocean_post_title_bg_image_attachment":"","ocean_post_title_bg_image_repeat":"","ocean_post_title_bg_image_size":"","ocean_post_title_height":0,"ocean_post_title_bg_overlay":0.5,"ocean_post_title_bg_overlay_color":"","ocean_disable_breadcrumbs":"default","ocean_breadcrumbs_color":"","ocean_breadcrumbs_separator_color":"","ocean_breadcrumbs_links_color":"","ocean_breadcrumbs_links_hover_color":"","ocean_display_footer_widgets":"default","ocean_display_footer_bottom":"default","ocean_custom_footer_template":"","ofc_enable_fullscreen":"disable","ofc_fullscreen_speed":0,"ofc_fullscreen_nav":"enable","ofc_fullscreen_nav_pos":"right","ofc_fullscreen_nav_color":"","ofc_fullscreen_nav_tooltip_color":"","ofc_fullscreen_responsive":0,"osh_disable_topbar_sticky":"default","osh_disable_header_sticky":"default","osh_sticky_header_style":"default","osh_sticky_header_effect":"","osh_custom_sticky_logo":0,"osh_custom_retina_sticky_logo":0,"osh_custom_sticky_logo_height":0,"osh_background_color":"","osh_links_color":"","osh_links_hover_color":"","osh_links_active_color":"","osh_links_bg_color":"","osh_links_hover_bg_color":"","osh_links_active_bg_color":"","osh_menu_social_links_color":"","osh_menu_social_hover_links_color":"","footnotes":""},"class_list":["post-149","page","type-page","status-publish","has-post-thumbnail","hentry","entry","has-media"],"_links":{"self":[{"href":"https:\/\/www.maticsasa.com\/wps\/wp-json\/wp\/v2\/pages\/149","targetHints":{"allow":["GET"]}}],"collection":[{"href":"https:\/\/www.maticsasa.com\/wps\/wp-json\/wp\/v2\/pages"}],"about":[{"href":"https:\/\/www.maticsasa.com\/wps\/wp-json\/wp\/v2\/types\/page"}],"author":[{"embeddable":true,"href":"https:\/\/www.maticsasa.com\/wps\/wp-json\/wp\/v2\/users\/1"}],"replies":[{"embeddable":true,"href":"https:\/\/www.maticsasa.com\/wps\/wp-json\/wp\/v2\/comments?post=149"}],"version-history":[{"count":3,"href":"https:\/\/www.maticsasa.com\/wps\/wp-json\/wp\/v2\/pages\/149\/revisions"}],"predecessor-version":[{"id":1981,"href":"https:\/\/www.maticsasa.com\/wps\/wp-json\/wp\/v2\/pages\/149\/revisions\/1981"}],"wp:featuredmedia":[{"embeddable":true,"href":"https:\/\/www.maticsasa.com\/wps\/wp-json\/wp\/v2\/media\/148"}],"wp:attachment":[{"href":"https:\/\/www.maticsasa.com\/wps\/wp-json\/wp\/v2\/media?parent=149"}],"curies":[{"name":"wp","href":"https:\/\/api.w.org\/{rel}","templated":true}]}}