{"id":155,"date":"2015-11-09T14:36:09","date_gmt":"2015-11-09T14:36:09","guid":{"rendered":"https:\/\/www.maticsasa.com\/wps\/pravi-se\/"},"modified":"2025-03-28T23:46:01","modified_gmt":"2025-03-28T22:46:01","slug":"pravi-se","status":"publish","type":"page","link":"https:\/\/www.maticsasa.com\/wps\/pravi-se\/","title":{"rendered":"PRAVI SE"},"content":{"rendered":"\t\t<div data-elementor-type=\"wp-page\" data-elementor-id=\"155\" class=\"elementor elementor-155\">\n\t\t\t\t<div class=\"elementor-element elementor-element-2a4e68a4 e-flex e-con-boxed e-con e-parent\" data-id=\"2a4e68a4\" data-element_type=\"container\" data-e-type=\"container\" data-settings=\"{&quot;background_background&quot;:&quot;classic&quot;}\">\n\t\t\t\t\t<div class=\"e-con-inner\">\n\t\t\t\t<div class=\"elementor-element elementor-element-729281c elementor-widget elementor-widget-video\" data-id=\"729281c\" data-element_type=\"widget\" data-e-type=\"widget\" data-settings=\"{&quot;youtube_url&quot;:&quot;https:\\\/\\\/www.youtube.com\\\/watch?v=O368K5ryLTQ&quot;,&quot;video_type&quot;:&quot;youtube&quot;,&quot;controls&quot;:&quot;yes&quot;}\" data-widget_type=\"video.default\">\n\t\t\t\t<div class=\"elementor-widget-container\">\n\t\t\t\t\t\t\t<div class=\"elementor-wrapper elementor-open-inline\">\n\t\t\t<div class=\"elementor-video\"><\/div>\t\t<\/div>\n\t\t\t\t\t\t<\/div>\n\t\t\t\t<\/div>\n\t\t\t\t<div class=\"elementor-element elementor-element-cea9333 elementor-widget elementor-widget-heading\" data-id=\"cea9333\" data-element_type=\"widget\" data-e-type=\"widget\" data-widget_type=\"heading.default\">\n\t\t\t\t<div class=\"elementor-widget-container\">\n\t\t\t\t\t<h2 class=\"elementor-heading-title elementor-size-default\">Pravi se<\/h2>\t\t\t\t<\/div>\n\t\t\t\t<\/div>\n\t\t\t\t<div class=\"elementor-element elementor-element-5ec9fb3 elementor-widget elementor-widget-text-editor\" data-id=\"5ec9fb3\" data-element_type=\"widget\" data-e-type=\"widget\" data-widget_type=\"text-editor.default\">\n\t\t\t\t<div class=\"elementor-widget-container\">\n\t\t\t\t\t\t\t\t\t<p>UMORAN SAM OD DUGIH NO\u0106I,<br \/>UMORAN OD KRATKIH VEZA<br \/>VEZA STO NE TRAJU, ZENA STO SE LAKO DAJU.<br \/>PRVO ME TOPLIM RUKAMA MAZE<br \/>ONDA ME HLADNIM RE\u010cIMA ZGAZE<br \/>I ODLAZE, NISAM JA ZA TAKVE STAZE.<br \/>I NE ZNAM \u0160TO TI PRI\u010cAM OVO SVE<br \/>AL\u2019 NE\u0160TO U TVOM GLASU TERA ME<br \/>DA MISLIM DA SI \u010cISTA NISI ISTA KAO OSTALE<\/p><p>PRAVI SE, DA ME NISI \u010cULA,<br \/>POMNO\u017dI ME SA HILJADU NULA,<br \/>PRAVI SE KAKO TI SE SPAVA,<br \/>AKO SI LA\u017dNA, AKO NISI PRAVA.<br \/>PRAVI SE, DA TE BOLI GLAVA<br \/>NEMOJ DA SE PRAVI\u0160 DA SI PRAVA.<br \/>IMAJ BAR TOLIKO MORALA<br \/>SVE \u0106U TI DATI, SAMO RECI HVALA.<\/p><p>NE PLA\u0160I SE, DA MI TELO DA\u0160<br \/>AKO JE TO NAJBOLJE \u0160TO ZNA\u0160.<br \/>I NE ZNAM \u0160TO TI PRI\u010cAM OVO SVE<br \/>AL\u2019 NE\u0160TO U TVOM GLASU TERA ME<br \/>DA MISLIM DA SI \u010cISTA, NISI ISTA KAO OSTALE<\/p><p>PRAVI SE, DA ME NISI \u010cULA,<br \/>POMNO\u017dI ME SA HILJADU NULA,<br \/>PRAVI SE KAKO TI SE SPAVA,<br \/>AKO SI LA\u017dNA, AKO NISI PRAVA.<\/p><p>PRAVI SE, DA TE BOLI GLAVA<br \/>NEMOJ DA SE PRAVI\u0160 DA SI PRAVA.<br \/>IMAJ BAR TOLIKO MORALA<br \/>SVE \u0106U TI DATI, SAMO RECI HVALA.<\/p><p>(X 2)<\/p>\t\t\t\t\t\t\t\t<\/div>\n\t\t\t\t<\/div>\n\t\t\t\t\t<\/div>\n\t\t\t\t<\/div>\n\t\t\t\t<\/div>\n\t\t","protected":false},"excerpt":{"rendered":"<p>Pravi se UMORAN SAM OD DUGIH NO\u0106I,UMORAN OD KRATKIH VEZAVEZA STO NE TRAJU, ZENA STO SE LAKO DAJU.PRVO ME TOPLIM RUKAMA MAZEONDA ME HLADNIM RE\u010cIMA ZGAZEI ODLAZE, NISAM JA ZA TAKVE STAZE.I NE ZNAM \u0160TO TI PRI\u010cAM OVO SVEAL\u2019 NE\u0160TO U TVOM GLASU TERA MEDA MISLIM DA SI \u010cISTA NISI ISTA KAO OSTALE PRAVI SE, [&hellip;]<\/p>\n","protected":false},"author":1,"featured_media":148,"parent":0,"menu_order":5,"comment_status":"closed","ping_status":"closed","template":"","meta":{"opb_popup_content":"Popup Content","ocean_post_layout":"","ocean_both_sidebars_style":"","ocean_both_sidebars_content_width":0,"ocean_both_sidebars_sidebars_width":0,"ocean_sidebar":"","ocean_second_sidebar":"","ocean_disable_margins":"enable","ocean_add_body_class":"","ocean_shortcode_before_top_bar":"","ocean_shortcode_after_top_bar":"","ocean_shortcode_before_header":"","ocean_shortcode_after_header":"","ocean_has_shortcode":"","ocean_shortcode_after_title":"","ocean_shortcode_before_footer_widgets":"","ocean_shortcode_after_footer_widgets":"","ocean_shortcode_before_footer_bottom":"","ocean_shortcode_after_footer_bottom":"","ocean_display_top_bar":"default","ocean_display_header":"default","ocean_header_style":"","ocean_center_header_left_menu":"","ocean_custom_header_template":"","ocean_custom_logo":0,"ocean_custom_retina_logo":0,"ocean_custom_logo_max_width":0,"ocean_custom_logo_tablet_max_width":0,"ocean_custom_logo_mobile_max_width":0,"ocean_custom_logo_max_height":0,"ocean_custom_logo_tablet_max_height":0,"ocean_custom_logo_mobile_max_height":0,"ocean_header_custom_menu":"","ocean_menu_typo_font_family":"","ocean_menu_typo_font_subset":"","ocean_menu_typo_font_size":0,"ocean_menu_typo_font_size_tablet":0,"ocean_menu_typo_font_size_mobile":0,"ocean_menu_typo_font_size_unit":"px","ocean_menu_typo_font_weight":"","ocean_menu_typo_font_weight_tablet":"","ocean_menu_typo_font_weight_mobile":"","ocean_menu_typo_transform":"","ocean_menu_typo_transform_tablet":"","ocean_menu_typo_transform_mobile":"","ocean_menu_typo_line_height":0,"ocean_menu_typo_line_height_tablet":0,"ocean_menu_typo_line_height_mobile":0,"ocean_menu_typo_line_height_unit":"","ocean_menu_typo_spacing":0,"ocean_menu_typo_spacing_tablet":0,"ocean_menu_typo_spacing_mobile":0,"ocean_menu_typo_spacing_unit":"","ocean_menu_link_color":"","ocean_menu_link_color_hover":"","ocean_menu_link_color_active":"","ocean_menu_link_background":"","ocean_menu_link_hover_background":"","ocean_menu_link_active_background":"","ocean_menu_social_links_bg":"","ocean_menu_social_hover_links_bg":"","ocean_menu_social_links_color":"","ocean_menu_social_hover_links_color":"","ocean_disable_title":"default","ocean_disable_heading":"default","ocean_post_title":"","ocean_post_subheading":"","ocean_post_title_style":"","ocean_post_title_background_color":"","ocean_post_title_background":0,"ocean_post_title_bg_image_position":"","ocean_post_title_bg_image_attachment":"","ocean_post_title_bg_image_repeat":"","ocean_post_title_bg_image_size":"","ocean_post_title_height":0,"ocean_post_title_bg_overlay":0.5,"ocean_post_title_bg_overlay_color":"","ocean_disable_breadcrumbs":"default","ocean_breadcrumbs_color":"","ocean_breadcrumbs_separator_color":"","ocean_breadcrumbs_links_color":"","ocean_breadcrumbs_links_hover_color":"","ocean_display_footer_widgets":"default","ocean_display_footer_bottom":"default","ocean_custom_footer_template":"","ofc_enable_fullscreen":"disable","ofc_fullscreen_speed":0,"ofc_fullscreen_nav":"enable","ofc_fullscreen_nav_pos":"right","ofc_fullscreen_nav_color":"","ofc_fullscreen_nav_tooltip_color":"","ofc_fullscreen_responsive":0,"osh_disable_topbar_sticky":"default","osh_disable_header_sticky":"default","osh_sticky_header_style":"default","osh_sticky_header_effect":"","osh_custom_sticky_logo":0,"osh_custom_retina_sticky_logo":0,"osh_custom_sticky_logo_height":0,"osh_background_color":"","osh_links_color":"","osh_links_hover_color":"","osh_links_active_color":"","osh_links_bg_color":"","osh_links_hover_bg_color":"","osh_links_active_bg_color":"","osh_menu_social_links_color":"","osh_menu_social_hover_links_color":"","footnotes":""},"class_list":["post-155","page","type-page","status-publish","has-post-thumbnail","hentry","entry","has-media"],"_links":{"self":[{"href":"https:\/\/www.maticsasa.com\/wps\/wp-json\/wp\/v2\/pages\/155","targetHints":{"allow":["GET"]}}],"collection":[{"href":"https:\/\/www.maticsasa.com\/wps\/wp-json\/wp\/v2\/pages"}],"about":[{"href":"https:\/\/www.maticsasa.com\/wps\/wp-json\/wp\/v2\/types\/page"}],"author":[{"embeddable":true,"href":"https:\/\/www.maticsasa.com\/wps\/wp-json\/wp\/v2\/users\/1"}],"replies":[{"embeddable":true,"href":"https:\/\/www.maticsasa.com\/wps\/wp-json\/wp\/v2\/comments?post=155"}],"version-history":[{"count":3,"href":"https:\/\/www.maticsasa.com\/wps\/wp-json\/wp\/v2\/pages\/155\/revisions"}],"predecessor-version":[{"id":2002,"href":"https:\/\/www.maticsasa.com\/wps\/wp-json\/wp\/v2\/pages\/155\/revisions\/2002"}],"wp:featuredmedia":[{"embeddable":true,"href":"https:\/\/www.maticsasa.com\/wps\/wp-json\/wp\/v2\/media\/148"}],"wp:attachment":[{"href":"https:\/\/www.maticsasa.com\/wps\/wp-json\/wp\/v2\/media?parent=155"}],"curies":[{"name":"wp","href":"https:\/\/api.w.org\/{rel}","templated":true}]}}