{"id":157,"date":"2015-11-09T14:38:32","date_gmt":"2015-11-09T14:38:32","guid":{"rendered":"https:\/\/www.maticsasa.com\/wps\/ruzmarin\/"},"modified":"2025-03-28T23:52:21","modified_gmt":"2025-03-28T22:52:21","slug":"ruzmarin","status":"publish","type":"page","link":"https:\/\/www.maticsasa.com\/wps\/ruzmarin\/","title":{"rendered":"RUZMARIN"},"content":{"rendered":"\t\t<div data-elementor-type=\"wp-page\" data-elementor-id=\"157\" class=\"elementor elementor-157\">\n\t\t\t\t<div class=\"elementor-element elementor-element-260d3404 e-flex e-con-boxed e-con e-parent\" data-id=\"260d3404\" data-element_type=\"container\" data-e-type=\"container\" data-settings=\"{&quot;background_background&quot;:&quot;classic&quot;}\">\n\t\t\t\t\t<div class=\"e-con-inner\">\n\t\t\t\t<div class=\"elementor-element elementor-element-57355c5 elementor-widget elementor-widget-video\" data-id=\"57355c5\" data-element_type=\"widget\" data-e-type=\"widget\" data-settings=\"{&quot;youtube_url&quot;:&quot;https:\\\/\\\/www.youtube.com\\\/watch?v=xzw9Q3oSIfY&quot;,&quot;video_type&quot;:&quot;youtube&quot;,&quot;controls&quot;:&quot;yes&quot;}\" data-widget_type=\"video.default\">\n\t\t\t\t<div class=\"elementor-widget-container\">\n\t\t\t\t\t\t\t<div class=\"elementor-wrapper elementor-open-inline\">\n\t\t\t<div class=\"elementor-video\"><\/div>\t\t<\/div>\n\t\t\t\t\t\t<\/div>\n\t\t\t\t<\/div>\n\t\t\t\t<div class=\"elementor-element elementor-element-f37ba67 elementor-widget elementor-widget-heading\" data-id=\"f37ba67\" data-element_type=\"widget\" data-e-type=\"widget\" data-widget_type=\"heading.default\">\n\t\t\t\t<div class=\"elementor-widget-container\">\n\t\t\t\t\t<h2 class=\"elementor-heading-title elementor-size-default\">Ruzmarin<\/h2>\t\t\t\t<\/div>\n\t\t\t\t<\/div>\n\t\t\t\t<div class=\"elementor-element elementor-element-2060b76 elementor-widget elementor-widget-text-editor\" data-id=\"2060b76\" data-element_type=\"widget\" data-e-type=\"widget\" data-widget_type=\"text-editor.default\">\n\t\t\t\t<div class=\"elementor-widget-container\">\n\t\t\t\t\t\t\t\t\t<p>POGLED MI TVOJ SRCE NA\u010cINJE<br \/>DOK TI SE TELO KA MENI NAGINJE<br \/>I GOTOV SAM DA OPET GLUPOST NAPRAVIM<br \/>A RE\u0160IH DA SE POPRAVIM.<\/p><p>\u0160TA MI TO TREBA, \u0160TA \u0106E RE\u0106I SVET<br \/>SVI OVDE ZNAJU DA SAM ZAUZET,<br \/>AL\u2019 GOTOV SAM DA OPET GLUPOST NAPRAVIM<br \/>NE MOGU DA SE POPRAVIM.<\/p><p>O, TVOJA LEPOTA BOLI, O, HAJDE LE\u010cI ME<br \/>O, JO\u0160 NO\u0106A\u0160 SLOBODAN SAMO, SUTRA \u017dENIM SE<\/p><p>RUZMARIN VE\u0106 NOSIM NA REVERU,<br \/>U D\u017dEPU MI BURMA DA JOJ DAM.<br \/>NA RUCI SAT \u0160TO PET MINUTA KASNI,<br \/>AKO SE KRAJ TEBE USPAVAM.<\/p><p>POGLED MI TVOJ SRCE NA\u010cINJE<br \/>IZ ISKUSTVA ZNAM TO TAKO PO\u010cINJE<br \/>A KADA NE\u0160TO PO\u010cNEM JA NE PRESTAJEM<br \/>INIKADA SE NE KAJEM.<\/p><p>RUZMARIN VE\u0106 NOSIM NA REVERU,<br \/>U D\u017dEPU MI BURMA DA JOJ DAM.<br \/>NA RUCI SAT \u0160TO PET MINUTA KASNI,<br \/>AKO SE KRAJ TEBE USPAVAM.<\/p><p>RUZMARIN VE\u0106 NOSIM NA REVERU,<br \/>U D\u017dEPU MI BURMA DA JOJ DAM.<br \/>NA RUCI SAT \u0160TO PET MINUTA KASNI,<br \/>AKO SE KRAJ TEBE USPAVAM.<\/p>\t\t\t\t\t\t\t\t<\/div>\n\t\t\t\t<\/div>\n\t\t\t\t\t<\/div>\n\t\t\t\t<\/div>\n\t\t\t\t<\/div>\n\t\t","protected":false},"excerpt":{"rendered":"<p>Ruzmarin POGLED MI TVOJ SRCE NA\u010cINJEDOK TI SE TELO KA MENI NAGINJEI GOTOV SAM DA OPET GLUPOST NAPRAVIMA RE\u0160IH DA SE POPRAVIM. \u0160TA MI TO TREBA, \u0160TA \u0106E RE\u0106I SVETSVI OVDE ZNAJU DA SAM ZAUZET,AL\u2019 GOTOV SAM DA OPET GLUPOST NAPRAVIMNE MOGU DA SE POPRAVIM. O, TVOJA LEPOTA BOLI, O, HAJDE LE\u010cI MEO, JO\u0160 NO\u0106A\u0160 [&hellip;]<\/p>\n","protected":false},"author":1,"featured_media":148,"parent":0,"menu_order":3,"comment_status":"closed","ping_status":"closed","template":"","meta":{"opb_popup_content":"Popup Content","ocean_post_layout":"","ocean_both_sidebars_style":"","ocean_both_sidebars_content_width":0,"ocean_both_sidebars_sidebars_width":0,"ocean_sidebar":"","ocean_second_sidebar":"","ocean_disable_margins":"enable","ocean_add_body_class":"","ocean_shortcode_before_top_bar":"","ocean_shortcode_after_top_bar":"","ocean_shortcode_before_header":"","ocean_shortcode_after_header":"","ocean_has_shortcode":"","ocean_shortcode_after_title":"","ocean_shortcode_before_footer_widgets":"","ocean_shortcode_after_footer_widgets":"","ocean_shortcode_before_footer_bottom":"","ocean_shortcode_after_footer_bottom":"","ocean_display_top_bar":"default","ocean_display_header":"default","ocean_header_style":"","ocean_center_header_left_menu":"","ocean_custom_header_template":"","ocean_custom_logo":0,"ocean_custom_retina_logo":0,"ocean_custom_logo_max_width":0,"ocean_custom_logo_tablet_max_width":0,"ocean_custom_logo_mobile_max_width":0,"ocean_custom_logo_max_height":0,"ocean_custom_logo_tablet_max_height":0,"ocean_custom_logo_mobile_max_height":0,"ocean_header_custom_menu":"","ocean_menu_typo_font_family":"","ocean_menu_typo_font_subset":"","ocean_menu_typo_font_size":0,"ocean_menu_typo_font_size_tablet":0,"ocean_menu_typo_font_size_mobile":0,"ocean_menu_typo_font_size_unit":"px","ocean_menu_typo_font_weight":"","ocean_menu_typo_font_weight_tablet":"","ocean_menu_typo_font_weight_mobile":"","ocean_menu_typo_transform":"","ocean_menu_typo_transform_tablet":"","ocean_menu_typo_transform_mobile":"","ocean_menu_typo_line_height":0,"ocean_menu_typo_line_height_tablet":0,"ocean_menu_typo_line_height_mobile":0,"ocean_menu_typo_line_height_unit":"","ocean_menu_typo_spacing":0,"ocean_menu_typo_spacing_tablet":0,"ocean_menu_typo_spacing_mobile":0,"ocean_menu_typo_spacing_unit":"","ocean_menu_link_color":"","ocean_menu_link_color_hover":"","ocean_menu_link_color_active":"","ocean_menu_link_background":"","ocean_menu_link_hover_background":"","ocean_menu_link_active_background":"","ocean_menu_social_links_bg":"","ocean_menu_social_hover_links_bg":"","ocean_menu_social_links_color":"","ocean_menu_social_hover_links_color":"","ocean_disable_title":"default","ocean_disable_heading":"default","ocean_post_title":"","ocean_post_subheading":"","ocean_post_title_style":"","ocean_post_title_background_color":"","ocean_post_title_background":0,"ocean_post_title_bg_image_position":"","ocean_post_title_bg_image_attachment":"","ocean_post_title_bg_image_repeat":"","ocean_post_title_bg_image_size":"","ocean_post_title_height":0,"ocean_post_title_bg_overlay":0.5,"ocean_post_title_bg_overlay_color":"","ocean_disable_breadcrumbs":"default","ocean_breadcrumbs_color":"","ocean_breadcrumbs_separator_color":"","ocean_breadcrumbs_links_color":"","ocean_breadcrumbs_links_hover_color":"","ocean_display_footer_widgets":"default","ocean_display_footer_bottom":"default","ocean_custom_footer_template":"","ofc_enable_fullscreen":"disable","ofc_fullscreen_speed":0,"ofc_fullscreen_nav":"enable","ofc_fullscreen_nav_pos":"right","ofc_fullscreen_nav_color":"","ofc_fullscreen_nav_tooltip_color":"","ofc_fullscreen_responsive":0,"osh_disable_topbar_sticky":"default","osh_disable_header_sticky":"default","osh_sticky_header_style":"default","osh_sticky_header_effect":"","osh_custom_sticky_logo":0,"osh_custom_retina_sticky_logo":0,"osh_custom_sticky_logo_height":0,"osh_background_color":"","osh_links_color":"","osh_links_hover_color":"","osh_links_active_color":"","osh_links_bg_color":"","osh_links_hover_bg_color":"","osh_links_active_bg_color":"","osh_menu_social_links_color":"","osh_menu_social_hover_links_color":"","footnotes":""},"class_list":["post-157","page","type-page","status-publish","has-post-thumbnail","hentry","entry","has-media"],"_links":{"self":[{"href":"https:\/\/www.maticsasa.com\/wps\/wp-json\/wp\/v2\/pages\/157","targetHints":{"allow":["GET"]}}],"collection":[{"href":"https:\/\/www.maticsasa.com\/wps\/wp-json\/wp\/v2\/pages"}],"about":[{"href":"https:\/\/www.maticsasa.com\/wps\/wp-json\/wp\/v2\/types\/page"}],"author":[{"embeddable":true,"href":"https:\/\/www.maticsasa.com\/wps\/wp-json\/wp\/v2\/users\/1"}],"replies":[{"embeddable":true,"href":"https:\/\/www.maticsasa.com\/wps\/wp-json\/wp\/v2\/comments?post=157"}],"version-history":[{"count":3,"href":"https:\/\/www.maticsasa.com\/wps\/wp-json\/wp\/v2\/pages\/157\/revisions"}],"predecessor-version":[{"id":2008,"href":"https:\/\/www.maticsasa.com\/wps\/wp-json\/wp\/v2\/pages\/157\/revisions\/2008"}],"wp:featuredmedia":[{"embeddable":true,"href":"https:\/\/www.maticsasa.com\/wps\/wp-json\/wp\/v2\/media\/148"}],"wp:attachment":[{"href":"https:\/\/www.maticsasa.com\/wps\/wp-json\/wp\/v2\/media?parent=157"}],"curies":[{"name":"wp","href":"https:\/\/api.w.org\/{rel}","templated":true}]}}