{"id":1819,"date":"2025-03-28T00:08:52","date_gmt":"2025-03-27T23:08:52","guid":{"rendered":"https:\/\/www.maticsasa.com\/wps\/?page_id=1819"},"modified":"2025-03-31T08:17:56","modified_gmt":"2025-03-31T06:17:56","slug":"dva-zivota","status":"publish","type":"page","link":"https:\/\/www.maticsasa.com\/wps\/dva-zivota\/","title":{"rendered":"Dva \u017divota &#8211; 2021. godina"},"content":{"rendered":"\t\t<div data-elementor-type=\"wp-page\" data-elementor-id=\"1819\" class=\"elementor elementor-1819\">\n\t\t\t\t<div class=\"elementor-element elementor-element-3a28176a e-flex e-con-boxed e-con e-parent\" data-id=\"3a28176a\" data-element_type=\"container\" data-e-type=\"container\" data-settings=\"{&quot;background_background&quot;:&quot;classic&quot;}\">\n\t\t\t\t\t<div class=\"e-con-inner\">\n\t\t\t\t<div class=\"elementor-element elementor-element-4df4a4f elementor-widget elementor-widget-heading\" data-id=\"4df4a4f\" data-element_type=\"widget\" data-e-type=\"widget\" data-widget_type=\"heading.default\">\n\t\t\t\t<div class=\"elementor-widget-container\">\n\t\t\t\t\t<h2 class=\"elementor-heading-title elementor-size-default\">Album \"Dva \u017divota\" - 2021. godina<\/h2>\t\t\t\t<\/div>\n\t\t\t\t<\/div>\n\t\t<div class=\"elementor-element elementor-element-1990167 e-grid e-con-full e-con e-child\" data-id=\"1990167\" data-element_type=\"container\" data-e-type=\"container\">\n\t\t\t\t<div class=\"elementor-element elementor-element-4cbb7a7 elementor-widget elementor-widget-html\" data-id=\"4cbb7a7\" data-element_type=\"widget\" data-e-type=\"widget\" data-widget_type=\"html.default\">\n\t\t\t\t<div class=\"elementor-widget-container\">\n\t\t\t\t\t\n      <a class=\"jcepopup img-container\" href=\"https:\/\/www.maticsasa.com\/wps\/wp-content\/uploads\/2025\/03\/dva_zivota.png\" target=\"_blank\" rel=\"noopener\">\n        <img decoding=\"async\" src=\"https:\/\/www.maticsasa.com\/wps\/wp-content\/uploads\/2025\/03\/dva_zivota.png\" alt=\"Dva \u017eivota\" width=\"200\" height=\"200\">\n      <\/a>\n      \t\t\t\t<\/div>\n\t\t\t\t<\/div>\n\t\t\t\t<div class=\"elementor-element elementor-element-63b47c6 elementor-widget elementor-widget-html\" data-id=\"63b47c6\" data-element_type=\"widget\" data-e-type=\"widget\" data-widget_type=\"html.default\">\n\t\t\t\t<div class=\"elementor-widget-container\">\n\t\t\t\t\t<div>\n  <ol start=\"1\">\n    <li>\n\n<a class=\"underline-link\" href=\"https:\/\/www.maticsasa.com\/wps\/kad-prode-sve\/\">Kad Pro\u0111e Sve<\/a>\n    <\/li>\n    <li>\n      <a class=\"underline-link\" href=\"https:\/\/www.maticsasa.com\/wps\/https-www-youtube-com-watchvrnhod_7xqf4\/\">Ti i Ja<\/a> by Sa\u0161a Mati\u0107 &amp; Jelena Rozga\n    <\/li>\n    <li>\n      <a class=\"underline-link\" href=\"https:\/\/www.maticsasa.com\/wps\/https-www-youtube-com-watchvrnhod_7xqf4\">Dva \u017divota<\/a>\n    <\/li>\n    <li>\n      <a class=\"underline-link\" href=\"https:\/\/www.maticsasa.com\/wps\/upitnik\/\">Upitnik<\/a>\n    <\/li>\n    <li>\n      <a class=\"underline-link\" href=\"https:\/\/www.maticsasa.com\/wps\/nebitno\/\">Nebitno<\/a>\n    <\/li>\n    <li>\n      <a class=\"underline-link\" href=\"https:\/\/www.maticsasa.com\/wps\/hiljadu-puta\/\">Hiljadu Puta<\/a>\n    <\/li>\n        <li>\n      <a class=\"underline-link\" href=\"https:\/\/www.maticsasa.com\/wps\/slavi-zeno\/\">Slavi \u017eeno<\/a>\n    <\/li>\n  <\/ol>\n<\/div>\n\t\t\t\t<\/div>\n\t\t\t\t<\/div>\n\t\t\t\t<div class=\"elementor-element elementor-element-3bef6a0 elementor-widget elementor-widget-html\" data-id=\"3bef6a0\" data-element_type=\"widget\" data-e-type=\"widget\" data-widget_type=\"html.default\">\n\t\t\t\t<div class=\"elementor-widget-container\">\n\t\t\t\t\t\n<div>\n  <ol start=\"8\">\n    <li>\n      <a class=\"underline-link\" href=\"https:\/\/www.maticsasa.com\/wps\/falis-mi\/\">Fali\u0161 Mi<\/a>\n    <\/li>\n    <li>\n      <a class=\"underline-link\" href=\"https:\/\/www.maticsasa.com\/wps\/instagram\/\">Instagram<\/a>\n    <\/li>\n    <li>\n      <a class=\"underline-link\" href=\"https:\/\/www.maticsasa.com\/wps\/probaj-me\/\">Probaj Me<\/a>\n    <\/li>\n    <li>\n      <a class=\"underline-link\" href=\"https:\/\/www.maticsasa.com\/wps\/putuj-tugo\/\">Putuj Tugo<\/a>\n    <\/li>\n    <li>\n      <a class=\"underline-link\" href=\"https:\/\/www.maticsasa.com\/wps\/samo-da-prodje-ova-noc\/\">Samo Da Pro\u0111e Ova No\u0107<\/a>\n    <\/li>\n        <li>\n      <a class=\"underline-link\" href=\"https:\/\/www.maticsasa.com\/wps\/oko-moje-by-milica-pavlovic-i-sasa-matic\/\">Oko moje<\/a> by Milica Pavlovi\u0107 &amp; Sa\u0161a Mati\u0107\n    <\/li>\n        <li>\n      <a class=\"underline-link\" href=\"https:\/\/www.maticsasa.com\/wps\/cujem-da-se-ovih-dana-razvodis1\/\">\u010cujem Da Se Ovih Dana Razvodi\u0161<\/a>\n    <\/li>\n        <li>\n      <a class=\"underline-link\" href=\"https:\/\/www.maticsasa.com\/wps\/mesaj-mala2\/\">Me\u0161aj mala<\/a>\n    <\/li>\n  <\/ol>\n<\/div>\t\t\t\t<\/div>\n\t\t\t\t<\/div>\n\t\t\t\t<\/div>\n\t\t\t\t\t<\/div>\n\t\t\t\t<\/div>\n\t\t\t\t<\/div>\n\t\t","protected":false},"excerpt":{"rendered":"<p>Album &#8220;X godina zajedno&#8221; iz 2011. godine.<br \/>Kliknite za fotografiju ili \u017eeljenu pesmu:<\/p>\n","protected":false},"author":1,"featured_media":20,"parent":0,"menu_order":2,"comment_status":"closed","ping_status":"closed","template":"","meta":{"opb_popup_content":"Popup Content","ocean_post_layout":"","ocean_both_sidebars_style":"","ocean_both_sidebars_content_width":0,"ocean_both_sidebars_sidebars_width":0,"ocean_sidebar":"","ocean_second_sidebar":"","ocean_disable_margins":"enable","ocean_add_body_class":"","ocean_shortcode_before_top_bar":"","ocean_shortcode_after_top_bar":"","ocean_shortcode_before_header":"","ocean_shortcode_after_header":"","ocean_has_shortcode":"","ocean_shortcode_after_title":"","ocean_shortcode_before_footer_widgets":"","ocean_shortcode_after_footer_widgets":"","ocean_shortcode_before_footer_bottom":"","ocean_shortcode_after_footer_bottom":"","ocean_display_top_bar":"default","ocean_display_header":"default","ocean_header_style":"","ocean_center_header_left_menu":"","ocean_custom_header_template":"","ocean_custom_logo":0,"ocean_custom_retina_logo":0,"ocean_custom_logo_max_width":0,"ocean_custom_logo_tablet_max_width":0,"ocean_custom_logo_mobile_max_width":0,"ocean_custom_logo_max_height":0,"ocean_custom_logo_tablet_max_height":0,"ocean_custom_logo_mobile_max_height":0,"ocean_header_custom_menu":"","ocean_menu_typo_font_family":"","ocean_menu_typo_font_subset":"","ocean_menu_typo_font_size":0,"ocean_menu_typo_font_size_tablet":0,"ocean_menu_typo_font_size_mobile":0,"ocean_menu_typo_font_size_unit":"px","ocean_menu_typo_font_weight":"","ocean_menu_typo_font_weight_tablet":"","ocean_menu_typo_font_weight_mobile":"","ocean_menu_typo_transform":"","ocean_menu_typo_transform_tablet":"","ocean_menu_typo_transform_mobile":"","ocean_menu_typo_line_height":0,"ocean_menu_typo_line_height_tablet":0,"ocean_menu_typo_line_height_mobile":0,"ocean_menu_typo_line_height_unit":"","ocean_menu_typo_spacing":0,"ocean_menu_typo_spacing_tablet":0,"ocean_menu_typo_spacing_mobile":0,"ocean_menu_typo_spacing_unit":"","ocean_menu_link_color":"","ocean_menu_link_color_hover":"","ocean_menu_link_color_active":"","ocean_menu_link_background":"","ocean_menu_link_hover_background":"","ocean_menu_link_active_background":"","ocean_menu_social_links_bg":"","ocean_menu_social_hover_links_bg":"","ocean_menu_social_links_color":"","ocean_menu_social_hover_links_color":"","ocean_disable_title":"default","ocean_disable_heading":"default","ocean_post_title":"","ocean_post_subheading":"","ocean_post_title_style":"","ocean_post_title_background_color":"","ocean_post_title_background":0,"ocean_post_title_bg_image_position":"","ocean_post_title_bg_image_attachment":"","ocean_post_title_bg_image_repeat":"","ocean_post_title_bg_image_size":"","ocean_post_title_height":0,"ocean_post_title_bg_overlay":0.5,"ocean_post_title_bg_overlay_color":"","ocean_disable_breadcrumbs":"default","ocean_breadcrumbs_color":"","ocean_breadcrumbs_separator_color":"","ocean_breadcrumbs_links_color":"","ocean_breadcrumbs_links_hover_color":"","ocean_display_footer_widgets":"default","ocean_display_footer_bottom":"default","ocean_custom_footer_template":"","ofc_enable_fullscreen":"disable","ofc_fullscreen_speed":0,"ofc_fullscreen_nav":"enable","ofc_fullscreen_nav_pos":"right","ofc_fullscreen_nav_color":"","ofc_fullscreen_nav_tooltip_color":"","ofc_fullscreen_responsive":0,"osh_disable_topbar_sticky":"default","osh_disable_header_sticky":"default","osh_sticky_header_style":"default","osh_sticky_header_effect":"","osh_custom_sticky_logo":0,"osh_custom_retina_sticky_logo":0,"osh_custom_sticky_logo_height":0,"osh_background_color":"","osh_links_color":"","osh_links_hover_color":"","osh_links_active_color":"","osh_links_bg_color":"","osh_links_hover_bg_color":"","osh_links_active_bg_color":"","osh_menu_social_links_color":"","osh_menu_social_hover_links_color":"","footnotes":""},"class_list":["post-1819","page","type-page","status-publish","has-post-thumbnail","hentry","entry","has-media"],"_links":{"self":[{"href":"https:\/\/www.maticsasa.com\/wps\/wp-json\/wp\/v2\/pages\/1819","targetHints":{"allow":["GET"]}}],"collection":[{"href":"https:\/\/www.maticsasa.com\/wps\/wp-json\/wp\/v2\/pages"}],"about":[{"href":"https:\/\/www.maticsasa.com\/wps\/wp-json\/wp\/v2\/types\/page"}],"author":[{"embeddable":true,"href":"https:\/\/www.maticsasa.com\/wps\/wp-json\/wp\/v2\/users\/1"}],"replies":[{"embeddable":true,"href":"https:\/\/www.maticsasa.com\/wps\/wp-json\/wp\/v2\/comments?post=1819"}],"version-history":[{"count":39,"href":"https:\/\/www.maticsasa.com\/wps\/wp-json\/wp\/v2\/pages\/1819\/revisions"}],"predecessor-version":[{"id":2574,"href":"https:\/\/www.maticsasa.com\/wps\/wp-json\/wp\/v2\/pages\/1819\/revisions\/2574"}],"wp:featuredmedia":[{"embeddable":true,"href":"https:\/\/www.maticsasa.com\/wps\/wp-json\/wp\/v2\/media\/20"}],"wp:attachment":[{"href":"https:\/\/www.maticsasa.com\/wps\/wp-json\/wp\/v2\/media?parent=1819"}],"curies":[{"name":"wp","href":"https:\/\/api.w.org\/{rel}","templated":true}]}}