{"id":2365,"date":"2025-03-30T22:08:15","date_gmt":"2025-03-30T20:08:15","guid":{"rendered":"https:\/\/www.maticsasa.com\/wps\/?page_id=2365"},"modified":"2025-03-31T12:11:32","modified_gmt":"2025-03-31T10:11:32","slug":"https-www-youtube-com-watchvrnhod_7xqf4","status":"publish","type":"page","link":"https:\/\/www.maticsasa.com\/wps\/https-www-youtube-com-watchvrnhod_7xqf4\/","title":{"rendered":"Ti i Ja"},"content":{"rendered":"\t\t<div data-elementor-type=\"wp-page\" data-elementor-id=\"2365\" class=\"elementor elementor-2365\">\n\t\t\t\t<div class=\"elementor-element elementor-element-62adbd7 e-flex e-con-boxed e-con e-parent\" data-id=\"62adbd7\" data-element_type=\"container\" data-e-type=\"container\" data-settings=\"{&quot;background_background&quot;:&quot;classic&quot;}\">\n\t\t\t\t\t<div class=\"e-con-inner\">\n\t\t\t\t<div class=\"elementor-element elementor-element-ed02583 elementor-widget elementor-widget-video\" data-id=\"ed02583\" data-element_type=\"widget\" data-e-type=\"widget\" data-settings=\"{&quot;youtube_url&quot;:&quot;https:\\\/\\\/www.youtube.com\\\/watch?v=rnHOd_7XQf4&quot;,&quot;video_type&quot;:&quot;youtube&quot;,&quot;controls&quot;:&quot;yes&quot;}\" data-widget_type=\"video.default\">\n\t\t\t\t<div class=\"elementor-widget-container\">\n\t\t\t\t\t\t\t<div class=\"elementor-wrapper elementor-open-inline\">\n\t\t\t<div class=\"elementor-video\"><\/div>\t\t<\/div>\n\t\t\t\t\t\t<\/div>\n\t\t\t\t<\/div>\n\t\t\t\t<div class=\"elementor-element elementor-element-ff0d510 elementor-widget elementor-widget-heading\" data-id=\"ff0d510\" data-element_type=\"widget\" data-e-type=\"widget\" data-widget_type=\"heading.default\">\n\t\t\t\t<div class=\"elementor-widget-container\">\n\t\t\t\t\t<h2 class=\"elementor-heading-title elementor-size-default\">Ti i ja<\/h2>\t\t\t\t<\/div>\n\t\t\t\t<\/div>\n\t\t\t\t<div class=\"elementor-element elementor-element-be09015 elementor-widget elementor-widget-text-editor\" data-id=\"be09015\" data-element_type=\"widget\" data-e-type=\"widget\" data-widget_type=\"text-editor.default\">\n\t\t\t\t<div class=\"elementor-widget-container\">\n\t\t\t\t\t\t\t\t\t<div class=\"Lyrics__Container-sc-926d9e10-1 fEHzCI\" data-lyrics-container=\"true\"><p>Kaznio nas Bog<br \/>Takve samo on mo\u017ee da spoji<br \/><i>Zaslu\u017eili smo kraj<br \/>Jer sanjali smo raj \u0161to ne postoji<\/i><\/p><p>[Pred-Refren: Sa\u0161a Mati\u0107 &amp; Jelena Rozga]<br \/>Sve stane na dlan\u00a0<br \/>Kad osvane dan u kome ostane\u0161 sam<\/p><p>Refren:\u00a0<br \/>Jo\u0161\u00a0<i>uvek<\/i>\u00a0(<b>uvijek<\/b>) moje si\u00a0<i>svetlo<\/i>\u00a0(<b>svjetlo<\/b>)<br \/>U ovom prokletom mraku<br \/>K\u00f4 razum no\u0107as fali\u0161 ovome\u00a0<i>ludaku<\/i>\u00a0(<b>lu\u0111aku<\/b>)<br \/>Jo\u0161 mnogo toga smo mogli<br \/>Al\u2019 su nam krila u kvaru<br \/>Suvi\u0161e svoji da bi\u2019 trajali u paru,\u00a0<i>ti i ja<\/i><\/p><p>Mi nismo bili, znam<br \/>K\u00f4 svaki drugi par koji se voli<br \/><i>Hteli smo po svom<br \/>Sad svakom svoja bol, pa neka boli<\/i><\/p><\/div><div class=\"RightSidebar__Container-sc-29f47c92-0 kjpsqk\"><div class=\"StubhubLink__Container-sc-c1aab57d-0 cpMeHl\"><div class=\"StubhubLink__Left-sc-c1aab57d-2 fwwXFm\"><div class=\"StubhubLink__Information-sc-c1aab57d-4 ivWlfZ\">\u00a0<\/div><\/div><\/div><div class=\"LyricsSidebarAd__RecommendationsContainer-sc-f6208354-0 jxwZJC\"><aside class=\"RecommendedSongs__Container-sc-7b317158-0 kcOpLt LyricsSidebarAd__Recommendations-sc-f6208354-1 eRwhep\"><div class=\"MiniChart__Container-sc-b9aa837c-0 eNPUdN\">\u00a0<\/div><\/aside><\/div><\/div><div class=\"Lyrics__Container-sc-926d9e10-1 fEHzCI\" data-lyrics-container=\"true\"><p>Sve stane na dlan<br \/>Kad osvane dan u kome ostane\u0161 sam<\/p><p>Refren:\u00a0<br \/>Jo\u0161\u00a0<i>uvek<\/i>\u00a0(<b>uvijek<\/b>) moje si\u00a0<i>svetlo<\/i>\u00a0(<b>svjetlo<\/b>)<br \/>U ovom prokletom mraku<br \/>K\u00f4 razum no\u0107as fali\u0161 ovome\u00a0<i>ludaku<\/i>\u00a0(<b>lu\u0111aku<\/b>)<br \/>Jo\u0161 mnogo toga smo mogli<br \/>Al\u2019 su nam krila u kvaru<br \/>Suvi\u0161e svoji da bi\u2019 trajali u paru,\u00a0<b>ti i ja<\/b><\/p><\/div>\t\t\t\t\t\t\t\t<\/div>\n\t\t\t\t<\/div>\n\t\t\t\t\t<\/div>\n\t\t\t\t<\/div>\n\t\t\t\t<\/div>\n\t\t","protected":false},"excerpt":{"rendered":"<p>Ti i ja Kaznio nas BogTakve samo on mo\u017ee da spojiZaslu\u017eili smo krajJer sanjali smo raj \u0161to ne postoji [Pred-Refren: Sa\u0161a Mati\u0107 &amp; Jelena Rozga]Sve stane na dlan\u00a0Kad osvane dan u kome ostane\u0161 sam Refren:\u00a0Jo\u0161\u00a0uvek\u00a0(uvijek) moje si\u00a0svetlo\u00a0(svjetlo)U ovom prokletom mrakuK\u00f4 razum no\u0107as fali\u0161 ovome\u00a0ludaku\u00a0(lu\u0111aku)Jo\u0161 mnogo toga smo mogliAl\u2019 su nam krila u kvaruSuvi\u0161e svoji da [&hellip;]<\/p>\n","protected":false},"author":1,"featured_media":0,"parent":0,"menu_order":0,"comment_status":"closed","ping_status":"closed","template":"","meta":{"opb_popup_content":"Popup Content","ocean_post_layout":"","ocean_both_sidebars_style":"","ocean_both_sidebars_content_width":0,"ocean_both_sidebars_sidebars_width":0,"ocean_sidebar":"","ocean_second_sidebar":"","ocean_disable_margins":"enable","ocean_add_body_class":"","ocean_shortcode_before_top_bar":"","ocean_shortcode_after_top_bar":"","ocean_shortcode_before_header":"","ocean_shortcode_after_header":"","ocean_has_shortcode":"","ocean_shortcode_after_title":"","ocean_shortcode_before_footer_widgets":"","ocean_shortcode_after_footer_widgets":"","ocean_shortcode_before_footer_bottom":"","ocean_shortcode_after_footer_bottom":"","ocean_display_top_bar":"default","ocean_display_header":"default","ocean_header_style":"","ocean_center_header_left_menu":"","ocean_custom_header_template":"","ocean_custom_logo":0,"ocean_custom_retina_logo":0,"ocean_custom_logo_max_width":0,"ocean_custom_logo_tablet_max_width":0,"ocean_custom_logo_mobile_max_width":0,"ocean_custom_logo_max_height":0,"ocean_custom_logo_tablet_max_height":0,"ocean_custom_logo_mobile_max_height":0,"ocean_header_custom_menu":"","ocean_menu_typo_font_family":"","ocean_menu_typo_font_subset":"","ocean_menu_typo_font_size":0,"ocean_menu_typo_font_size_tablet":0,"ocean_menu_typo_font_size_mobile":0,"ocean_menu_typo_font_size_unit":"px","ocean_menu_typo_font_weight":"","ocean_menu_typo_font_weight_tablet":"","ocean_menu_typo_font_weight_mobile":"","ocean_menu_typo_transform":"","ocean_menu_typo_transform_tablet":"","ocean_menu_typo_transform_mobile":"","ocean_menu_typo_line_height":0,"ocean_menu_typo_line_height_tablet":0,"ocean_menu_typo_line_height_mobile":0,"ocean_menu_typo_line_height_unit":"","ocean_menu_typo_spacing":0,"ocean_menu_typo_spacing_tablet":0,"ocean_menu_typo_spacing_mobile":0,"ocean_menu_typo_spacing_unit":"","ocean_menu_link_color":"","ocean_menu_link_color_hover":"","ocean_menu_link_color_active":"","ocean_menu_link_background":"","ocean_menu_link_hover_background":"","ocean_menu_link_active_background":"","ocean_menu_social_links_bg":"","ocean_menu_social_hover_links_bg":"","ocean_menu_social_links_color":"","ocean_menu_social_hover_links_color":"","ocean_disable_title":"default","ocean_disable_heading":"default","ocean_post_title":"","ocean_post_subheading":"","ocean_post_title_style":"","ocean_post_title_background_color":"","ocean_post_title_background":0,"ocean_post_title_bg_image_position":"","ocean_post_title_bg_image_attachment":"","ocean_post_title_bg_image_repeat":"","ocean_post_title_bg_image_size":"","ocean_post_title_height":0,"ocean_post_title_bg_overlay":0.5,"ocean_post_title_bg_overlay_color":"","ocean_disable_breadcrumbs":"default","ocean_breadcrumbs_color":"","ocean_breadcrumbs_separator_color":"","ocean_breadcrumbs_links_color":"","ocean_breadcrumbs_links_hover_color":"","ocean_display_footer_widgets":"default","ocean_display_footer_bottom":"default","ocean_custom_footer_template":"","ofc_enable_fullscreen":"disable","ofc_fullscreen_speed":0,"ofc_fullscreen_nav":"enable","ofc_fullscreen_nav_pos":"right","ofc_fullscreen_nav_color":"","ofc_fullscreen_nav_tooltip_color":"","ofc_fullscreen_responsive":0,"osh_disable_topbar_sticky":"default","osh_disable_header_sticky":"default","osh_sticky_header_style":"default","osh_sticky_header_effect":"","osh_custom_sticky_logo":0,"osh_custom_retina_sticky_logo":0,"osh_custom_sticky_logo_height":0,"osh_background_color":"","osh_links_color":"","osh_links_hover_color":"","osh_links_active_color":"","osh_links_bg_color":"","osh_links_hover_bg_color":"","osh_links_active_bg_color":"","osh_menu_social_links_color":"","osh_menu_social_hover_links_color":"","footnotes":""},"class_list":["post-2365","page","type-page","status-publish","hentry","entry"],"_links":{"self":[{"href":"https:\/\/www.maticsasa.com\/wps\/wp-json\/wp\/v2\/pages\/2365","targetHints":{"allow":["GET"]}}],"collection":[{"href":"https:\/\/www.maticsasa.com\/wps\/wp-json\/wp\/v2\/pages"}],"about":[{"href":"https:\/\/www.maticsasa.com\/wps\/wp-json\/wp\/v2\/types\/page"}],"author":[{"embeddable":true,"href":"https:\/\/www.maticsasa.com\/wps\/wp-json\/wp\/v2\/users\/1"}],"replies":[{"embeddable":true,"href":"https:\/\/www.maticsasa.com\/wps\/wp-json\/wp\/v2\/comments?post=2365"}],"version-history":[{"count":7,"href":"https:\/\/www.maticsasa.com\/wps\/wp-json\/wp\/v2\/pages\/2365\/revisions"}],"predecessor-version":[{"id":2694,"href":"https:\/\/www.maticsasa.com\/wps\/wp-json\/wp\/v2\/pages\/2365\/revisions\/2694"}],"wp:attachment":[{"href":"https:\/\/www.maticsasa.com\/wps\/wp-json\/wp\/v2\/media?parent=2365"}],"curies":[{"name":"wp","href":"https:\/\/api.w.org\/{rel}","templated":true}]}}