{"id":2399,"date":"2025-03-30T22:22:49","date_gmt":"2025-03-30T20:22:49","guid":{"rendered":"https:\/\/www.maticsasa.com\/wps\/?page_id=2399"},"modified":"2025-03-30T22:24:32","modified_gmt":"2025-03-30T20:24:32","slug":"hiljadu-puta","status":"publish","type":"page","link":"https:\/\/www.maticsasa.com\/wps\/hiljadu-puta\/","title":{"rendered":"Hiljadu puta"},"content":{"rendered":"\t\t<div data-elementor-type=\"wp-page\" data-elementor-id=\"2399\" class=\"elementor elementor-2399\">\n\t\t\t\t<div class=\"elementor-element elementor-element-b9c3804 e-flex e-con-boxed e-con e-parent\" data-id=\"b9c3804\" data-element_type=\"container\" data-e-type=\"container\" data-settings=\"{&quot;background_background&quot;:&quot;classic&quot;}\">\n\t\t\t\t\t<div class=\"e-con-inner\">\n\t\t\t\t<div class=\"elementor-element elementor-element-0c5f005 elementor-widget elementor-widget-video\" data-id=\"0c5f005\" data-element_type=\"widget\" data-e-type=\"widget\" data-settings=\"{&quot;youtube_url&quot;:&quot;https:\\\/\\\/www.youtube.com\\\/watch?v=o1h9HAKpeko&quot;,&quot;video_type&quot;:&quot;youtube&quot;,&quot;controls&quot;:&quot;yes&quot;}\" data-widget_type=\"video.default\">\n\t\t\t\t<div class=\"elementor-widget-container\">\n\t\t\t\t\t\t\t<div class=\"elementor-wrapper elementor-open-inline\">\n\t\t\t<div class=\"elementor-video\"><\/div>\t\t<\/div>\n\t\t\t\t\t\t<\/div>\n\t\t\t\t<\/div>\n\t\t\t\t<div class=\"elementor-element elementor-element-de5b2cd elementor-widget elementor-widget-heading\" data-id=\"de5b2cd\" data-element_type=\"widget\" data-e-type=\"widget\" data-widget_type=\"heading.default\">\n\t\t\t\t<div class=\"elementor-widget-container\">\n\t\t\t\t\t<h2 class=\"elementor-heading-title elementor-size-default\">Hiljadu puta<\/h2>\t\t\t\t<\/div>\n\t\t\t\t<\/div>\n\t\t\t\t<div class=\"elementor-element elementor-element-3cd09fd elementor-widget elementor-widget-text-editor\" data-id=\"3cd09fd\" data-element_type=\"widget\" data-e-type=\"widget\" data-widget_type=\"text-editor.default\">\n\t\t\t\t<div class=\"elementor-widget-container\">\n\t\t\t\t\t\t\t\t\t<div class=\"Lyrics__Container-sc-926d9e10-1 fEHzCI\" data-lyrics-container=\"true\"><p>Svake no\u0107i ti u glavi si<br \/>I sve me ovo s nama ubija<br \/>A tvoje srce tako ledeno<br \/>Prerano nas je udaljilo<\/p><p>[Pred-Refren]<br \/>I ne treba mi ljubav da kazni me<br \/>Meni treba ljubav da digne me<br \/>Ma evo, da\u0107u ti ja krila da bude\u0161 \u0161to si bila<br \/>Da bude\u0161 ona najbolja<\/p><p>[Refren]<br \/>Hiljadu sam puta sve dao<br \/>Hiljadu jo\u0161 da\u0107u za nas<br \/>I branim tvoje ime, branim tvoje mane<br \/>Samo da te volim ja<br \/>Hiljadu sam puta ja pao<br \/>Ali nikad ne\u0107u na to<br \/>Da ovo nije ljubav, ma nemoj da si luda<br \/>S nama nije jo\u0161 gotovo<\/p><p>[Pred-Refren]<br \/>I ne treba mi ljubav da kazni me<br \/>Meni treba ljubav da digne me<br \/>I gde je sada moja vila, \u0161to meni sve je bila<br \/>Gde j\u0435 moja najbolja?<\/p><\/div><div class=\"RightSidebar__Container-sc-29f47c92-0 kjpsqk\"><div class=\"StubhubLink__Container-sc-c1aab57d-0 cpMeHl\"><div class=\"StubhubLink__Left-sc-c1aab57d-2 fwwXFm\"><div class=\"StubhubLink__Information-sc-c1aab57d-4 ivWlfZ\"><div class=\"StubhubLink__Headline-sc-c1aab57d-5 cnLKTt\">See upcoming pop shows<\/div><div class=\"StubhubLink__Body-sc-c1aab57d-6 cFCPYp\">Get tickets for your favorite artists<\/div><\/div><\/div><div class=\"StubhubLink__Right-sc-c1aab57d-3 dHbaWW\">\u00a0<\/div><\/div><div class=\"LyricsSidebarAd__RecommendationsContainer-sc-f6208354-0 jxwZJC\"><aside class=\"RecommendedSongs__Container-sc-7b317158-0 kcOpLt LyricsSidebarAd__Recommendations-sc-f6208354-1 eRwhep\"><div class=\"RecommendedSongs__Header-sc-7b317158-2 izxrhd\">You might also like<\/div><div class=\"RecommendedSongs__Body-sc-7b317158-1 kYBdjY\"><div class=\"SizedImage__Container-sc-39a204ed-0 hQdwwn RecommendedSong__Image-sc-f41041e5-1 kGlSVC\" role=\"img\" aria-label=\"Cover art for Slavi \u017eeno by Sa\u0161a Mati\u0107\" data-visible=\"true\">\u00a0<\/div><div class=\"RecommendedSong__ItemContent-sc-f41041e5-2 fhJcuA\"><div class=\"RecommendedSong__SongTitle-sc-f41041e5-3 kNuxYk\">Slavi \u017eeno<\/div><div class=\"RecommendedSong__ArtistName-sc-f41041e5-4 eHMmvN\">Sa\u0161a Mati\u0107<\/div><\/div><div class=\"SizedImage__Container-sc-39a204ed-0 hQdwwn RecommendedSong__Image-sc-f41041e5-1 kGlSVC\" role=\"img\" aria-label=\"Cover art for Nebitno by Sa\u0161a Mati\u0107\" data-visible=\"true\">\u00a0<\/div><div class=\"RecommendedSong__ItemContent-sc-f41041e5-2 fhJcuA\"><div class=\"RecommendedSong__SongTitle-sc-f41041e5-3 kNuxYk\">Nebitno<\/div><div class=\"RecommendedSong__ArtistName-sc-f41041e5-4 eHMmvN\">Sa\u0161a Mati\u0107<\/div><\/div><div class=\"SizedImage__Container-sc-39a204ed-0 fOSjai RecommendedSong__Image-sc-f41041e5-1 kGlSVC\" role=\"img\" aria-label=\"Cover art for Mesaj mala by Rada Manojlovi\u0107\" data-visible=\"true\">\u00a0<\/div><div class=\"RecommendedSong__ItemContent-sc-f41041e5-2 fhJcuA\"><div class=\"RecommendedSong__SongTitle-sc-f41041e5-3 kNuxYk\">Mesaj mala<\/div><div class=\"RecommendedSong__ArtistName-sc-f41041e5-4 eHMmvN\">Rada Manojlovi\u0107<\/div><\/div><\/div><div class=\"MiniChart__Container-sc-b9aa837c-0 eNPUdN\">\u00a0<\/div><\/aside><\/div><\/div><div class=\"Lyrics__Container-sc-926d9e10-1 fEHzCI\" data-lyrics-container=\"true\"><p>[Refren]<br \/>Hiljadu sam puta sve dao<br \/>Hiljadu jo\u0161 da\u0107u za nas<br \/>I branim tvoje ime, branim tvoj\u0435 mane<br \/>Samo da te volim ja<br \/>Hiljadu sam puta ja pao<br \/>Ali nikad ne\u0107u na to<br \/>Da ovo nije ljubav, ma nemoj da si luda<br \/>S nama nije jo\u0161 gotovo<\/p><p>[Refren]<br \/>Hiljadu sam puta sve dao<br \/>Hiljadu jo\u0161 da\u0107u za nas<br \/>I branim tvoje ime, branim tvoje mane<br \/>Samo da te volim ja<br \/>Hiljadu sam puta ja pao<br \/>Ali nikad ne\u0107u na to<br \/>Da ovo nije ljubav, ma nemoj da si luda<br \/>S nama nije jo\u0161 gotovo<\/p><\/div>\t\t\t\t\t\t\t\t<\/div>\n\t\t\t\t<\/div>\n\t\t\t\t\t<\/div>\n\t\t\t\t<\/div>\n\t\t\t\t<\/div>\n\t\t","protected":false},"excerpt":{"rendered":"<p>Hiljadu puta Svake no\u0107i ti u glavi siI sve me ovo s nama ubijaA tvoje srce tako ledenoPrerano nas je udaljilo [Pred-Refren]I ne treba mi ljubav da kazni meMeni treba ljubav da digne meMa evo, da\u0107u ti ja krila da bude\u0161 \u0161to si bilaDa bude\u0161 ona najbolja [Refren]Hiljadu sam puta sve daoHiljadu jo\u0161 da\u0107u za [&hellip;]<\/p>\n","protected":false},"author":1,"featured_media":0,"parent":0,"menu_order":0,"comment_status":"closed","ping_status":"closed","template":"","meta":{"opb_popup_content":"Popup Content","ocean_post_layout":"","ocean_both_sidebars_style":"","ocean_both_sidebars_content_width":0,"ocean_both_sidebars_sidebars_width":0,"ocean_sidebar":"","ocean_second_sidebar":"","ocean_disable_margins":"enable","ocean_add_body_class":"","ocean_shortcode_before_top_bar":"","ocean_shortcode_after_top_bar":"","ocean_shortcode_before_header":"","ocean_shortcode_after_header":"","ocean_has_shortcode":"","ocean_shortcode_after_title":"","ocean_shortcode_before_footer_widgets":"","ocean_shortcode_after_footer_widgets":"","ocean_shortcode_before_footer_bottom":"","ocean_shortcode_after_footer_bottom":"","ocean_display_top_bar":"default","ocean_display_header":"default","ocean_header_style":"","ocean_center_header_left_menu":"","ocean_custom_header_template":"","ocean_custom_logo":0,"ocean_custom_retina_logo":0,"ocean_custom_logo_max_width":0,"ocean_custom_logo_tablet_max_width":0,"ocean_custom_logo_mobile_max_width":0,"ocean_custom_logo_max_height":0,"ocean_custom_logo_tablet_max_height":0,"ocean_custom_logo_mobile_max_height":0,"ocean_header_custom_menu":"","ocean_menu_typo_font_family":"","ocean_menu_typo_font_subset":"","ocean_menu_typo_font_size":0,"ocean_menu_typo_font_size_tablet":0,"ocean_menu_typo_font_size_mobile":0,"ocean_menu_typo_font_size_unit":"px","ocean_menu_typo_font_weight":"","ocean_menu_typo_font_weight_tablet":"","ocean_menu_typo_font_weight_mobile":"","ocean_menu_typo_transform":"","ocean_menu_typo_transform_tablet":"","ocean_menu_typo_transform_mobile":"","ocean_menu_typo_line_height":0,"ocean_menu_typo_line_height_tablet":0,"ocean_menu_typo_line_height_mobile":0,"ocean_menu_typo_line_height_unit":"","ocean_menu_typo_spacing":0,"ocean_menu_typo_spacing_tablet":0,"ocean_menu_typo_spacing_mobile":0,"ocean_menu_typo_spacing_unit":"","ocean_menu_link_color":"","ocean_menu_link_color_hover":"","ocean_menu_link_color_active":"","ocean_menu_link_background":"","ocean_menu_link_hover_background":"","ocean_menu_link_active_background":"","ocean_menu_social_links_bg":"","ocean_menu_social_hover_links_bg":"","ocean_menu_social_links_color":"","ocean_menu_social_hover_links_color":"","ocean_disable_title":"default","ocean_disable_heading":"default","ocean_post_title":"","ocean_post_subheading":"","ocean_post_title_style":"","ocean_post_title_background_color":"","ocean_post_title_background":0,"ocean_post_title_bg_image_position":"","ocean_post_title_bg_image_attachment":"","ocean_post_title_bg_image_repeat":"","ocean_post_title_bg_image_size":"","ocean_post_title_height":0,"ocean_post_title_bg_overlay":0.5,"ocean_post_title_bg_overlay_color":"","ocean_disable_breadcrumbs":"default","ocean_breadcrumbs_color":"","ocean_breadcrumbs_separator_color":"","ocean_breadcrumbs_links_color":"","ocean_breadcrumbs_links_hover_color":"","ocean_display_footer_widgets":"default","ocean_display_footer_bottom":"default","ocean_custom_footer_template":"","ofc_enable_fullscreen":"disable","ofc_fullscreen_speed":0,"ofc_fullscreen_nav":"enable","ofc_fullscreen_nav_pos":"right","ofc_fullscreen_nav_color":"","ofc_fullscreen_nav_tooltip_color":"","ofc_fullscreen_responsive":0,"osh_disable_topbar_sticky":"default","osh_disable_header_sticky":"default","osh_sticky_header_style":"default","osh_sticky_header_effect":"","osh_custom_sticky_logo":0,"osh_custom_retina_sticky_logo":0,"osh_custom_sticky_logo_height":0,"osh_background_color":"","osh_links_color":"","osh_links_hover_color":"","osh_links_active_color":"","osh_links_bg_color":"","osh_links_hover_bg_color":"","osh_links_active_bg_color":"","osh_menu_social_links_color":"","osh_menu_social_hover_links_color":"","footnotes":""},"class_list":["post-2399","page","type-page","status-publish","hentry","entry"],"_links":{"self":[{"href":"https:\/\/www.maticsasa.com\/wps\/wp-json\/wp\/v2\/pages\/2399","targetHints":{"allow":["GET"]}}],"collection":[{"href":"https:\/\/www.maticsasa.com\/wps\/wp-json\/wp\/v2\/pages"}],"about":[{"href":"https:\/\/www.maticsasa.com\/wps\/wp-json\/wp\/v2\/types\/page"}],"author":[{"embeddable":true,"href":"https:\/\/www.maticsasa.com\/wps\/wp-json\/wp\/v2\/users\/1"}],"replies":[{"embeddable":true,"href":"https:\/\/www.maticsasa.com\/wps\/wp-json\/wp\/v2\/comments?post=2399"}],"version-history":[{"count":4,"href":"https:\/\/www.maticsasa.com\/wps\/wp-json\/wp\/v2\/pages\/2399\/revisions"}],"predecessor-version":[{"id":2404,"href":"https:\/\/www.maticsasa.com\/wps\/wp-json\/wp\/v2\/pages\/2399\/revisions\/2404"}],"wp:attachment":[{"href":"https:\/\/www.maticsasa.com\/wps\/wp-json\/wp\/v2\/media?parent=2399"}],"curies":[{"name":"wp","href":"https:\/\/api.w.org\/{rel}","templated":true}]}}