{"id":2458,"date":"2025-03-30T23:33:45","date_gmt":"2025-03-30T21:33:45","guid":{"rendered":"https:\/\/www.maticsasa.com\/wps\/?page_id=2458"},"modified":"2025-04-02T20:44:58","modified_gmt":"2025-04-02T18:44:58","slug":"putuj-tugo","status":"publish","type":"page","link":"https:\/\/www.maticsasa.com\/wps\/putuj-tugo\/","title":{"rendered":"Putuj tugo"},"content":{"rendered":"\t\t<div data-elementor-type=\"wp-page\" data-elementor-id=\"2458\" class=\"elementor elementor-2458\">\n\t\t\t\t<div class=\"elementor-element elementor-element-262922b e-flex e-con-boxed e-con e-parent\" data-id=\"262922b\" data-element_type=\"container\" data-e-type=\"container\" data-settings=\"{&quot;background_background&quot;:&quot;classic&quot;}\">\n\t\t\t\t\t<div class=\"e-con-inner\">\n\t\t\t\t<div class=\"elementor-element elementor-element-21bd863 elementor-widget elementor-widget-video\" data-id=\"21bd863\" data-element_type=\"widget\" data-e-type=\"widget\" data-settings=\"{&quot;youtube_url&quot;:&quot;https:\\\/\\\/www.youtube.com\\\/watch?v=GcPVmp1ANLM&quot;,&quot;video_type&quot;:&quot;youtube&quot;,&quot;controls&quot;:&quot;yes&quot;}\" data-widget_type=\"video.default\">\n\t\t\t\t<div class=\"elementor-widget-container\">\n\t\t\t\t\t\t\t<div class=\"elementor-wrapper elementor-open-inline\">\n\t\t\t<div class=\"elementor-video\"><\/div>\t\t<\/div>\n\t\t\t\t\t\t<\/div>\n\t\t\t\t<\/div>\n\t\t\t\t<div class=\"elementor-element elementor-element-489a869 elementor-widget elementor-widget-heading\" data-id=\"489a869\" data-element_type=\"widget\" data-e-type=\"widget\" data-widget_type=\"heading.default\">\n\t\t\t\t<div class=\"elementor-widget-container\">\n\t\t\t\t\t<h2 class=\"elementor-heading-title elementor-size-default\">Putuj tugo<\/h2>\t\t\t\t<\/div>\n\t\t\t\t<\/div>\n\t\t\t\t<div class=\"elementor-element elementor-element-e8f3350 elementor-widget elementor-widget-text-editor\" data-id=\"e8f3350\" data-element_type=\"widget\" data-e-type=\"widget\" data-widget_type=\"text-editor.default\">\n\t\t\t\t<div class=\"elementor-widget-container\">\n\t\t\t\t\t\t\t\t\t<div class=\"Lyrics__Container-sc-926d9e10-1 fEHzCI\" data-lyrics-container=\"true\"><p>Nisi ti vredna ovih nota, zbog tebe sam ih pisao<br \/>Bila si deo mog \u017eivota, ja sam za tebe disao<br \/>Nisi ti vredna ovog pla\u010da, ni onog \u0161to se popije<br \/>Svaka je no\u0107 od mene ja\u010da, svaka me isto ubije\u00a0<\/p><p>[Refren]\u00a0<br \/>Putuj, tugo moja<br \/>Nismo istog kroja<br \/>Prekasno sam shvatio<br \/>Se\u0107anje nek zivi<br \/>Oboje smo krivi<br \/>Ja sam dosta patio<br \/>Putuj, tugo moja<br \/>I svet je bez boja<br \/>Sve sa tvojom posvetom<br \/>Tuge da se spasim<br \/>Sebe da po\u010dastim<br \/>Svojim starim osmehom<\/p><p>Nisi ti vredna svake zore, \u0161to je zbog tebe svanula<br \/>Nisi ti vredna ni jedne bore, ni suze \u0161to je kanula<br \/>Nisi ti vredna ovog pla\u010da, ni onog \u0161to se popije<br \/>Svaka je no\u0107 od mene ja\u010da, svaka me isto ubije<\/p><\/div><div class=\"RightSidebar__Container-sc-29f47c92-0 kjpsqk\"><div class=\"StubhubLink__Container-sc-c1aab57d-0 cpMeHl\"><div class=\"StubhubLink__Left-sc-c1aab57d-2 fwwXFm\"><div class=\"StubhubLink__Information-sc-c1aab57d-4 ivWlfZ\">\u00a0<\/div><\/div><\/div><div class=\"LyricsSidebarAd__RecommendationsContainer-sc-f6208354-0 jxwZJC\"><aside class=\"RecommendedSongs__Container-sc-7b317158-0 kcOpLt LyricsSidebarAd__Recommendations-sc-f6208354-1 eRwhep\"><div class=\"MiniChart__Container-sc-b9aa837c-0 eNPUdN\">[Refren]<\/div><\/aside><\/div><\/div><div class=\"Lyrics__Container-sc-926d9e10-1 fEHzCI\" data-lyrics-container=\"true\">Putuj, tugo moja<br \/>Nismo istog kroja<br \/>Prekasno sam shvatio<br \/>Se\u0107anje nek zivi<br \/>Oboje smo krivi<br \/>Ja sam dosta patio<br \/>Putuj, tugo moja<br \/>I svet je bez boja<br \/>Sve sa tvojom posvetom<br \/>Tuge da se spasim<br \/>Sebe da po\u010dastim<br \/>Svojim starim osmehom<\/div>\t\t\t\t\t\t\t\t<\/div>\n\t\t\t\t<\/div>\n\t\t\t\t\t<\/div>\n\t\t\t\t<\/div>\n\t\t\t\t<\/div>\n\t\t","protected":false},"excerpt":{"rendered":"<p>Putuj tugo Nisi ti vredna ovih nota, zbog tebe sam ih pisaoBila si deo mog \u017eivota, ja sam za tebe disaoNisi ti vredna ovog pla\u010da, ni onog \u0161to se popijeSvaka je no\u0107 od mene ja\u010da, svaka me isto ubije\u00a0 [Refren]\u00a0Putuj, tugo mojaNismo istog krojaPrekasno sam shvatioSe\u0107anje nek ziviOboje smo kriviJa sam dosta patioPutuj, tugo mojaI [&hellip;]<\/p>\n","protected":false},"author":1,"featured_media":0,"parent":0,"menu_order":0,"comment_status":"closed","ping_status":"closed","template":"","meta":{"opb_popup_content":"Popup Content","ocean_post_layout":"","ocean_both_sidebars_style":"","ocean_both_sidebars_content_width":0,"ocean_both_sidebars_sidebars_width":0,"ocean_sidebar":"","ocean_second_sidebar":"","ocean_disable_margins":"enable","ocean_add_body_class":"","ocean_shortcode_before_top_bar":"","ocean_shortcode_after_top_bar":"","ocean_shortcode_before_header":"","ocean_shortcode_after_header":"","ocean_has_shortcode":"","ocean_shortcode_after_title":"","ocean_shortcode_before_footer_widgets":"","ocean_shortcode_after_footer_widgets":"","ocean_shortcode_before_footer_bottom":"","ocean_shortcode_after_footer_bottom":"","ocean_display_top_bar":"default","ocean_display_header":"default","ocean_header_style":"","ocean_center_header_left_menu":"","ocean_custom_header_template":"","ocean_custom_logo":0,"ocean_custom_retina_logo":0,"ocean_custom_logo_max_width":0,"ocean_custom_logo_tablet_max_width":0,"ocean_custom_logo_mobile_max_width":0,"ocean_custom_logo_max_height":0,"ocean_custom_logo_tablet_max_height":0,"ocean_custom_logo_mobile_max_height":0,"ocean_header_custom_menu":"","ocean_menu_typo_font_family":"","ocean_menu_typo_font_subset":"","ocean_menu_typo_font_size":0,"ocean_menu_typo_font_size_tablet":0,"ocean_menu_typo_font_size_mobile":0,"ocean_menu_typo_font_size_unit":"px","ocean_menu_typo_font_weight":"","ocean_menu_typo_font_weight_tablet":"","ocean_menu_typo_font_weight_mobile":"","ocean_menu_typo_transform":"","ocean_menu_typo_transform_tablet":"","ocean_menu_typo_transform_mobile":"","ocean_menu_typo_line_height":0,"ocean_menu_typo_line_height_tablet":0,"ocean_menu_typo_line_height_mobile":0,"ocean_menu_typo_line_height_unit":"","ocean_menu_typo_spacing":0,"ocean_menu_typo_spacing_tablet":0,"ocean_menu_typo_spacing_mobile":0,"ocean_menu_typo_spacing_unit":"","ocean_menu_link_color":"","ocean_menu_link_color_hover":"","ocean_menu_link_color_active":"","ocean_menu_link_background":"","ocean_menu_link_hover_background":"","ocean_menu_link_active_background":"","ocean_menu_social_links_bg":"","ocean_menu_social_hover_links_bg":"","ocean_menu_social_links_color":"","ocean_menu_social_hover_links_color":"","ocean_disable_title":"default","ocean_disable_heading":"default","ocean_post_title":"","ocean_post_subheading":"","ocean_post_title_style":"","ocean_post_title_background_color":"","ocean_post_title_background":0,"ocean_post_title_bg_image_position":"","ocean_post_title_bg_image_attachment":"","ocean_post_title_bg_image_repeat":"","ocean_post_title_bg_image_size":"","ocean_post_title_height":0,"ocean_post_title_bg_overlay":0.5,"ocean_post_title_bg_overlay_color":"","ocean_disable_breadcrumbs":"default","ocean_breadcrumbs_color":"","ocean_breadcrumbs_separator_color":"","ocean_breadcrumbs_links_color":"","ocean_breadcrumbs_links_hover_color":"","ocean_display_footer_widgets":"default","ocean_display_footer_bottom":"default","ocean_custom_footer_template":"","ofc_enable_fullscreen":"disable","ofc_fullscreen_speed":0,"ofc_fullscreen_nav":"enable","ofc_fullscreen_nav_pos":"right","ofc_fullscreen_nav_color":"","ofc_fullscreen_nav_tooltip_color":"","ofc_fullscreen_responsive":0,"osh_disable_topbar_sticky":"default","osh_disable_header_sticky":"default","osh_sticky_header_style":"default","osh_sticky_header_effect":"","osh_custom_sticky_logo":0,"osh_custom_retina_sticky_logo":0,"osh_custom_sticky_logo_height":0,"osh_background_color":"","osh_links_color":"","osh_links_hover_color":"","osh_links_active_color":"","osh_links_bg_color":"","osh_links_hover_bg_color":"","osh_links_active_bg_color":"","osh_menu_social_links_color":"","osh_menu_social_hover_links_color":"","footnotes":""},"class_list":["post-2458","page","type-page","status-publish","hentry","entry"],"_links":{"self":[{"href":"https:\/\/www.maticsasa.com\/wps\/wp-json\/wp\/v2\/pages\/2458","targetHints":{"allow":["GET"]}}],"collection":[{"href":"https:\/\/www.maticsasa.com\/wps\/wp-json\/wp\/v2\/pages"}],"about":[{"href":"https:\/\/www.maticsasa.com\/wps\/wp-json\/wp\/v2\/types\/page"}],"author":[{"embeddable":true,"href":"https:\/\/www.maticsasa.com\/wps\/wp-json\/wp\/v2\/users\/1"}],"replies":[{"embeddable":true,"href":"https:\/\/www.maticsasa.com\/wps\/wp-json\/wp\/v2\/comments?post=2458"}],"version-history":[{"count":9,"href":"https:\/\/www.maticsasa.com\/wps\/wp-json\/wp\/v2\/pages\/2458\/revisions"}],"predecessor-version":[{"id":2724,"href":"https:\/\/www.maticsasa.com\/wps\/wp-json\/wp\/v2\/pages\/2458\/revisions\/2724"}],"wp:attachment":[{"href":"https:\/\/www.maticsasa.com\/wps\/wp-json\/wp\/v2\/media?parent=2458"}],"curies":[{"name":"wp","href":"https:\/\/api.w.org\/{rel}","templated":true}]}}