{"id":2463,"date":"2025-03-30T23:35:22","date_gmt":"2025-03-30T21:35:22","guid":{"rendered":"https:\/\/www.maticsasa.com\/wps\/?page_id=2463"},"modified":"2025-03-30T23:37:13","modified_gmt":"2025-03-30T21:37:13","slug":"samo-da-prodje-ova-noc","status":"publish","type":"page","link":"https:\/\/www.maticsasa.com\/wps\/samo-da-prodje-ova-noc\/","title":{"rendered":"Samo da prodje ova no\u0107"},"content":{"rendered":"\t\t<div data-elementor-type=\"wp-page\" data-elementor-id=\"2463\" class=\"elementor elementor-2463\">\n\t\t\t\t<div class=\"elementor-element elementor-element-16cff2d e-flex e-con-boxed e-con e-parent\" data-id=\"16cff2d\" data-element_type=\"container\" data-e-type=\"container\" data-settings=\"{&quot;background_background&quot;:&quot;classic&quot;}\">\n\t\t\t\t\t<div class=\"e-con-inner\">\n\t\t\t\t<div class=\"elementor-element elementor-element-30cceff elementor-widget elementor-widget-video\" data-id=\"30cceff\" data-element_type=\"widget\" data-e-type=\"widget\" data-settings=\"{&quot;youtube_url&quot;:&quot;https:\\\/\\\/www.youtube.com\\\/watch?v=D6dlbTPschE&quot;,&quot;video_type&quot;:&quot;youtube&quot;,&quot;controls&quot;:&quot;yes&quot;}\" data-widget_type=\"video.default\">\n\t\t\t\t<div class=\"elementor-widget-container\">\n\t\t\t\t\t\t\t<div class=\"elementor-wrapper elementor-open-inline\">\n\t\t\t<div class=\"elementor-video\"><\/div>\t\t<\/div>\n\t\t\t\t\t\t<\/div>\n\t\t\t\t<\/div>\n\t\t\t\t<div class=\"elementor-element elementor-element-ed54399 elementor-widget elementor-widget-heading\" data-id=\"ed54399\" data-element_type=\"widget\" data-e-type=\"widget\" data-widget_type=\"heading.default\">\n\t\t\t\t<div class=\"elementor-widget-container\">\n\t\t\t\t\t<h2 class=\"elementor-heading-title elementor-size-default\">Samo da pro\u0111e ova no\u0107<\/h2>\t\t\t\t<\/div>\n\t\t\t\t<\/div>\n\t\t\t\t<div class=\"elementor-element elementor-element-ead0526 elementor-widget elementor-widget-text-editor\" data-id=\"ead0526\" data-element_type=\"widget\" data-e-type=\"widget\" data-widget_type=\"text-editor.default\">\n\t\t\t\t<div class=\"elementor-widget-container\">\n\t\t\t\t\t\t\t\t\t<div class=\"Lyrics__Container-sc-926d9e10-1 fEHzCI\" data-lyrics-container=\"true\"><div class=\"Lyrics__Container-sc-926d9e10-1 fEHzCI\" data-lyrics-container=\"true\"><div class=\"Lyrics__Container-sc-926d9e10-1 fEHzCI\" data-lyrics-container=\"true\"><div class=\"Lyrics__Container-sc-926d9e10-1 fEHzCI\" data-lyrics-container=\"true\"><div class=\"Lyrics__Container-sc-926d9e10-1 fEHzCI\" data-lyrics-container=\"true\"><div class=\"Lyrics__Container-sc-926d9e10-1 fEHzCI\" data-lyrics-container=\"true\"><div class=\"Lyrics__Container-sc-926d9e10-1 fEHzCI\" data-lyrics-container=\"true\"><div class=\"Lyrics__Container-sc-926d9e10-1 fEHzCI\" data-lyrics-container=\"true\"><div class=\"Lyrics__Container-sc-926d9e10-1 fEHzCI\" data-lyrics-container=\"true\"><div class=\"Lyrics__Container-sc-926d9e10-1 fEHzCI\" data-lyrics-container=\"true\"><div class=\"Lyrics__Container-sc-926d9e10-1 fEHzCI\" data-lyrics-container=\"true\"><div class=\"Lyrics__Container-sc-926d9e10-1 fEHzCI\" data-lyrics-container=\"true\"><div class=\"Lyrics__Container-sc-926d9e10-1 fEHzCI\" data-lyrics-container=\"true\"><p>Vetar u jedrima, verov\u00f4 sam bila si<br \/>Zmija u nedrima, da si, ve\u0161to krila si<br \/>Prekasno to sam shvatio<br \/>Na tugu se s tobom preplatio<br \/>Prekasno to sam shvatio<br \/>Na tugu se s tobom preplatio<\/p><p>[Refren]<br \/>Samo da pro\u0111e ova no\u0107<br \/>Da pre\u017eivim pored tebe<br \/>Zva\u0107u hitnu u pomo\u0107<br \/>Adrenalin, pa u srce<br \/>Samo da pro\u0111e ova no\u0107<br \/>Okreni se i idi<br \/>Skupo ko\u0161tala si me<br \/>Za\u0161to glumi\u0161 da se stidi\u0161 uporno?<br \/>Samo nemoj to<br \/>Uporno, samo nemoj to<\/p><p>Srce u grudima, od ljubavi izgorelo<br \/>Kao da si poslednja, tako sam te voleo<br \/>Da mogu, vreme bih vratio<br \/>I sve bih ti unapred naplatio<br \/>Da mogu, vreme bih vratio (Vratio)<br \/>I sve bih ti unapred naplatio<\/p><\/div><div class=\"RightSidebar__Container-sc-29f47c92-0 kjpsqk\"><div class=\"StubhubLink__Container-sc-c1aab57d-0 cpMeHl\"><div class=\"StubhubLink__Left-sc-c1aab57d-2 fwwXFm\"><div class=\"StubhubLink__Information-sc-c1aab57d-4 ivWlfZ\">\u00a0<\/div><\/div><\/div><div class=\"LyricsSidebarAd__RecommendationsContainer-sc-f6208354-0 jxwZJC\"><aside class=\"RecommendedSongs__Container-sc-7b317158-0 kcOpLt LyricsSidebarAd__Recommendations-sc-f6208354-1 eRwhep\"><div class=\"MiniChart__Container-sc-b9aa837c-0 eNPUdN\">\u00a0<\/div><\/aside><\/div><\/div><div class=\"Lyrics__Container-sc-926d9e10-1 fEHzCI\" data-lyrics-container=\"true\">[Refren]<br \/>Samo da pro\u0111e ova no\u0107<br \/>Da pre\u017eivim pored tebe<br \/>Zva\u0107u hitnu u pomo\u0107<br \/>Adrenalin, pa u srce<br \/>Samo da pro\u0111e ova no\u0107<br \/>Okreni se i idi<br \/>Skupo ko\u0161tala si me<br \/>Za\u0161to glumi\u0161 da se stidi\u0161 uporno?<br \/>Samo nemoj to<br \/>(Samo da pro\u0111e ova no\u0107)<br \/>Samo da pro\u0111e ova no\u0107<br \/>Da pre\u017eivim pored tebe<br \/>Zva\u0107u hitnu u pomo\u0107<br \/>Adrenalin, pa u srce<br \/>Samo da pro\u0111e ova no\u0107<br \/>Okreni se i idi<br \/>Skupo ko\u0161tala si me<br \/>Za\u0161to glumi\u0161 da se stidi\u0161 uporno?<br \/>Samo nemoj to<br \/>Uporno, samo nemoj to<\/div><\/div><\/div><\/div><\/div><\/div><\/div><\/div><\/div><\/div><\/div><\/div><\/div>\t\t\t\t\t\t\t\t<\/div>\n\t\t\t\t<\/div>\n\t\t\t\t\t<\/div>\n\t\t\t\t<\/div>\n\t\t\t\t<\/div>\n\t\t","protected":false},"excerpt":{"rendered":"<p>Samo da pro\u0111e ova no\u0107 Vetar u jedrima, verov\u00f4 sam bila siZmija u nedrima, da si, ve\u0161to krila siPrekasno to sam shvatioNa tugu se s tobom preplatioPrekasno to sam shvatioNa tugu se s tobom preplatio [Refren]Samo da pro\u0111e ova no\u0107Da pre\u017eivim pored tebeZva\u0107u hitnu u pomo\u0107Adrenalin, pa u srceSamo da pro\u0111e ova no\u0107Okreni se i [&hellip;]<\/p>\n","protected":false},"author":1,"featured_media":0,"parent":0,"menu_order":0,"comment_status":"closed","ping_status":"closed","template":"","meta":{"opb_popup_content":"Popup Content","ocean_post_layout":"","ocean_both_sidebars_style":"","ocean_both_sidebars_content_width":0,"ocean_both_sidebars_sidebars_width":0,"ocean_sidebar":"","ocean_second_sidebar":"","ocean_disable_margins":"enable","ocean_add_body_class":"","ocean_shortcode_before_top_bar":"","ocean_shortcode_after_top_bar":"","ocean_shortcode_before_header":"","ocean_shortcode_after_header":"","ocean_has_shortcode":"","ocean_shortcode_after_title":"","ocean_shortcode_before_footer_widgets":"","ocean_shortcode_after_footer_widgets":"","ocean_shortcode_before_footer_bottom":"","ocean_shortcode_after_footer_bottom":"","ocean_display_top_bar":"default","ocean_display_header":"default","ocean_header_style":"","ocean_center_header_left_menu":"","ocean_custom_header_template":"","ocean_custom_logo":0,"ocean_custom_retina_logo":0,"ocean_custom_logo_max_width":0,"ocean_custom_logo_tablet_max_width":0,"ocean_custom_logo_mobile_max_width":0,"ocean_custom_logo_max_height":0,"ocean_custom_logo_tablet_max_height":0,"ocean_custom_logo_mobile_max_height":0,"ocean_header_custom_menu":"","ocean_menu_typo_font_family":"","ocean_menu_typo_font_subset":"","ocean_menu_typo_font_size":0,"ocean_menu_typo_font_size_tablet":0,"ocean_menu_typo_font_size_mobile":0,"ocean_menu_typo_font_size_unit":"px","ocean_menu_typo_font_weight":"","ocean_menu_typo_font_weight_tablet":"","ocean_menu_typo_font_weight_mobile":"","ocean_menu_typo_transform":"","ocean_menu_typo_transform_tablet":"","ocean_menu_typo_transform_mobile":"","ocean_menu_typo_line_height":0,"ocean_menu_typo_line_height_tablet":0,"ocean_menu_typo_line_height_mobile":0,"ocean_menu_typo_line_height_unit":"","ocean_menu_typo_spacing":0,"ocean_menu_typo_spacing_tablet":0,"ocean_menu_typo_spacing_mobile":0,"ocean_menu_typo_spacing_unit":"","ocean_menu_link_color":"","ocean_menu_link_color_hover":"","ocean_menu_link_color_active":"","ocean_menu_link_background":"","ocean_menu_link_hover_background":"","ocean_menu_link_active_background":"","ocean_menu_social_links_bg":"","ocean_menu_social_hover_links_bg":"","ocean_menu_social_links_color":"","ocean_menu_social_hover_links_color":"","ocean_disable_title":"default","ocean_disable_heading":"default","ocean_post_title":"","ocean_post_subheading":"","ocean_post_title_style":"","ocean_post_title_background_color":"","ocean_post_title_background":0,"ocean_post_title_bg_image_position":"","ocean_post_title_bg_image_attachment":"","ocean_post_title_bg_image_repeat":"","ocean_post_title_bg_image_size":"","ocean_post_title_height":0,"ocean_post_title_bg_overlay":0.5,"ocean_post_title_bg_overlay_color":"","ocean_disable_breadcrumbs":"default","ocean_breadcrumbs_color":"","ocean_breadcrumbs_separator_color":"","ocean_breadcrumbs_links_color":"","ocean_breadcrumbs_links_hover_color":"","ocean_display_footer_widgets":"default","ocean_display_footer_bottom":"default","ocean_custom_footer_template":"","ofc_enable_fullscreen":"disable","ofc_fullscreen_speed":0,"ofc_fullscreen_nav":"enable","ofc_fullscreen_nav_pos":"right","ofc_fullscreen_nav_color":"","ofc_fullscreen_nav_tooltip_color":"","ofc_fullscreen_responsive":0,"osh_disable_topbar_sticky":"default","osh_disable_header_sticky":"default","osh_sticky_header_style":"default","osh_sticky_header_effect":"","osh_custom_sticky_logo":0,"osh_custom_retina_sticky_logo":0,"osh_custom_sticky_logo_height":0,"osh_background_color":"","osh_links_color":"","osh_links_hover_color":"","osh_links_active_color":"","osh_links_bg_color":"","osh_links_hover_bg_color":"","osh_links_active_bg_color":"","osh_menu_social_links_color":"","osh_menu_social_hover_links_color":"","footnotes":""},"class_list":["post-2463","page","type-page","status-publish","hentry","entry"],"_links":{"self":[{"href":"https:\/\/www.maticsasa.com\/wps\/wp-json\/wp\/v2\/pages\/2463","targetHints":{"allow":["GET"]}}],"collection":[{"href":"https:\/\/www.maticsasa.com\/wps\/wp-json\/wp\/v2\/pages"}],"about":[{"href":"https:\/\/www.maticsasa.com\/wps\/wp-json\/wp\/v2\/types\/page"}],"author":[{"embeddable":true,"href":"https:\/\/www.maticsasa.com\/wps\/wp-json\/wp\/v2\/users\/1"}],"replies":[{"embeddable":true,"href":"https:\/\/www.maticsasa.com\/wps\/wp-json\/wp\/v2\/comments?post=2463"}],"version-history":[{"count":4,"href":"https:\/\/www.maticsasa.com\/wps\/wp-json\/wp\/v2\/pages\/2463\/revisions"}],"predecessor-version":[{"id":2468,"href":"https:\/\/www.maticsasa.com\/wps\/wp-json\/wp\/v2\/pages\/2463\/revisions\/2468"}],"wp:attachment":[{"href":"https:\/\/www.maticsasa.com\/wps\/wp-json\/wp\/v2\/media?parent=2463"}],"curies":[{"name":"wp","href":"https:\/\/api.w.org\/{rel}","templated":true}]}}