{"id":2469,"date":"2025-03-30T23:38:14","date_gmt":"2025-03-30T21:38:14","guid":{"rendered":"https:\/\/www.maticsasa.com\/wps\/?page_id=2469"},"modified":"2025-03-31T12:09:49","modified_gmt":"2025-03-31T10:09:49","slug":"oko-moje-by-milica-pavlovic-i-sasa-matic","status":"publish","type":"page","link":"https:\/\/www.maticsasa.com\/wps\/oko-moje-by-milica-pavlovic-i-sasa-matic\/","title":{"rendered":"Oko moje by Milica Pavlovi\u0107 i Sa\u0161a Mati\u0107"},"content":{"rendered":"\t\t<div data-elementor-type=\"wp-page\" data-elementor-id=\"2469\" class=\"elementor elementor-2469\">\n\t\t\t\t<div class=\"elementor-element elementor-element-0cae77e e-flex e-con-boxed e-con e-parent\" data-id=\"0cae77e\" data-element_type=\"container\" data-e-type=\"container\" data-settings=\"{&quot;background_background&quot;:&quot;classic&quot;}\">\n\t\t\t\t\t<div class=\"e-con-inner\">\n\t\t\t\t<div class=\"elementor-element elementor-element-f5da198 elementor-widget elementor-widget-video\" data-id=\"f5da198\" data-element_type=\"widget\" data-e-type=\"widget\" data-settings=\"{&quot;youtube_url&quot;:&quot;https:\\\/\\\/www.youtube.com\\\/watch?v=Gnv6kq3yJxc&quot;,&quot;video_type&quot;:&quot;youtube&quot;,&quot;controls&quot;:&quot;yes&quot;}\" data-widget_type=\"video.default\">\n\t\t\t\t<div class=\"elementor-widget-container\">\n\t\t\t\t\t\t\t<div class=\"elementor-wrapper elementor-open-inline\">\n\t\t\t<div class=\"elementor-video\"><\/div>\t\t<\/div>\n\t\t\t\t\t\t<\/div>\n\t\t\t\t<\/div>\n\t\t\t\t<div class=\"elementor-element elementor-element-f9aee20 elementor-widget elementor-widget-heading\" data-id=\"f9aee20\" data-element_type=\"widget\" data-e-type=\"widget\" data-widget_type=\"heading.default\">\n\t\t\t\t<div class=\"elementor-widget-container\">\n\t\t\t\t\t<h2 class=\"elementor-heading-title elementor-size-default\">OKO MOJE<\/h2>\t\t\t\t<\/div>\n\t\t\t\t<\/div>\n\t\t\t\t<div class=\"elementor-element elementor-element-88b8630 elementor-widget elementor-widget-text-editor\" data-id=\"88b8630\" data-element_type=\"widget\" data-e-type=\"widget\" data-widget_type=\"text-editor.default\">\n\t\t\t\t<div class=\"elementor-widget-container\">\n\t\t\t\t\t\t\t\t\t<div class=\"Lyrics__Container-sc-926d9e10-1 fEHzCI\" data-lyrics-container=\"true\"><p>Ako sam slagao ikad<br \/>Zbog tebe sam slagao ja<br \/>Ako sam gazio zakon<br \/>Zbog tebe to bilo je, znaj<br \/>Ako sam voleo ikog<br \/>K\u00f4 Boga, to bila si ti<br \/>Pljunula ti si na sve to<br \/>Kada si oti\u0161la s njim\u00a0<\/p><p>[Refren: Sa\u0161a Mati\u0107]<br \/>Oko moje plakalo je<br \/>\u0160to je moje, sad je tvoje<br \/>Spakuj i suze u kofer jedan<br \/>Uzmi \u0161ta ho\u0107e\u0161, al&#8217; ponos ti ne dam<br \/>Oko moje plakalo je<br \/>\u0160to je moje, sad je tvoje<br \/>Al&#8217; ko si bez mene tamo daleko<br \/>Niko i ni\u0161ta, a ja sam bar neko<\/p><p>\u00a0Milica Pavlovi\u0107<br \/>Zbog tebe sam lagala svoje<br \/>I\u0161la sam glavom kroz zid<br \/>Mislila, sudbina to je<br \/>Moj si pomutio vid<br \/>Videla nisam ja tada<br \/>A znali su, znali su svi<br \/>S tobom ja, nesre\u0107o, padam<br \/>Al&#8217; veruj mi, pa\u0161\u0107e\u0161 i ti<\/p><\/div><div class=\"RightSidebar__Container-sc-29f47c92-0 kjpsqk\"><div class=\"StubhubLink__Container-sc-c1aab57d-0 cpMeHl\"><div class=\"StubhubLink__Left-sc-c1aab57d-2 fwwXFm\"><div class=\"StubhubLink__Information-sc-c1aab57d-4 ivWlfZ\">\u00a0<\/div><\/div><\/div><div class=\"LyricsSidebarAd__RecommendationsContainer-sc-f6208354-0 jxwZJC\"><aside class=\"RecommendedSongs__Container-sc-7b317158-0 kcOpLt LyricsSidebarAd__Recommendations-sc-f6208354-1 eRwhep\"><div class=\"MiniChart__Container-sc-b9aa837c-0 eNPUdN\">\u00a0<\/div><\/aside><\/div><\/div><div class=\"Lyrics__Container-sc-926d9e10-1 fEHzCI\" data-lyrics-container=\"true\"><p>[Refren: Milica Pavlovi\u0107]<br \/>Oko moje plakalo je<br \/>\u0160to je moje, sad je tvoje<br \/>Spakuj i suze u kofer jedan<br \/>Uzmi \u0161ta ho\u0107e\u0161, al&#8217; ponos ti ne dam<br \/>Oko moje plakalo je<br \/>\u0160to je moje, sad je tvoje<br \/>Al&#8217; ko si bez mene tamo daleko<br \/>Niko i ni\u0161ta, a ja sam bar neko<\/p><p>[Prelaz: Milica Pavlovi\u0107,\u00a0<i>Sa\u0161a Mati\u0107<\/i>,\u00a0<b>Milica &amp; Sa\u0161a<\/b>]<br \/>Rekla sam, &#8220;Slobodno idi<br \/>Neko to gore sve vidi&#8221;<br \/><i>Ka\u017eu sve do\u0111e na svoje<br \/>Tako je i s nama dvoje<\/i><br \/><b>Hrabri se smrti ne boje<\/b><\/p><p>[Refren: Milica Pavlovi\u0107 &amp; Sa\u0161a Mati\u0107]<br \/>Oko moje plakalo je<br \/>\u0160to je moje, sad je tvoje<br \/>Spakuj i suze u kofer jedan<br \/>Uzmi \u0161ta ho\u0107e\u0161, al&#8217; ponos ti ne dam<br \/>Oko moje plakalo je<br \/>\u0160to je moje, sad je tvoje<br \/>Al&#8217; ko si bez mene tamo daleko<br \/>Niko i ni\u0161ta, a ja sam bar neko<br \/>Ko si bez mene tamo daleko<br \/>Niko i ni\u0161ta, a ja sam bar neko<\/p><\/div>\t\t\t\t\t\t\t\t<\/div>\n\t\t\t\t<\/div>\n\t\t\t\t\t<\/div>\n\t\t\t\t<\/div>\n\t\t\t\t<\/div>\n\t\t","protected":false},"excerpt":{"rendered":"<p>OKO MOJE Ako sam slagao ikadZbog tebe sam slagao jaAko sam gazio zakonZbog tebe to bilo je, znajAko sam voleo ikogK\u00f4 Boga, to bila si tiPljunula ti si na sve toKada si oti\u0161la s njim\u00a0 [Refren: Sa\u0161a Mati\u0107]Oko moje plakalo je\u0160to je moje, sad je tvojeSpakuj i suze u kofer jedanUzmi \u0161ta ho\u0107e\u0161, al&#8217; ponos [&hellip;]<\/p>\n","protected":false},"author":1,"featured_media":0,"parent":0,"menu_order":0,"comment_status":"closed","ping_status":"closed","template":"","meta":{"opb_popup_content":"Popup Content","ocean_post_layout":"","ocean_both_sidebars_style":"","ocean_both_sidebars_content_width":0,"ocean_both_sidebars_sidebars_width":0,"ocean_sidebar":"","ocean_second_sidebar":"","ocean_disable_margins":"enable","ocean_add_body_class":"","ocean_shortcode_before_top_bar":"","ocean_shortcode_after_top_bar":"","ocean_shortcode_before_header":"","ocean_shortcode_after_header":"","ocean_has_shortcode":"","ocean_shortcode_after_title":"","ocean_shortcode_before_footer_widgets":"","ocean_shortcode_after_footer_widgets":"","ocean_shortcode_before_footer_bottom":"","ocean_shortcode_after_footer_bottom":"","ocean_display_top_bar":"default","ocean_display_header":"default","ocean_header_style":"","ocean_center_header_left_menu":"","ocean_custom_header_template":"","ocean_custom_logo":0,"ocean_custom_retina_logo":0,"ocean_custom_logo_max_width":0,"ocean_custom_logo_tablet_max_width":0,"ocean_custom_logo_mobile_max_width":0,"ocean_custom_logo_max_height":0,"ocean_custom_logo_tablet_max_height":0,"ocean_custom_logo_mobile_max_height":0,"ocean_header_custom_menu":"","ocean_menu_typo_font_family":"","ocean_menu_typo_font_subset":"","ocean_menu_typo_font_size":0,"ocean_menu_typo_font_size_tablet":0,"ocean_menu_typo_font_size_mobile":0,"ocean_menu_typo_font_size_unit":"px","ocean_menu_typo_font_weight":"","ocean_menu_typo_font_weight_tablet":"","ocean_menu_typo_font_weight_mobile":"","ocean_menu_typo_transform":"","ocean_menu_typo_transform_tablet":"","ocean_menu_typo_transform_mobile":"","ocean_menu_typo_line_height":0,"ocean_menu_typo_line_height_tablet":0,"ocean_menu_typo_line_height_mobile":0,"ocean_menu_typo_line_height_unit":"","ocean_menu_typo_spacing":0,"ocean_menu_typo_spacing_tablet":0,"ocean_menu_typo_spacing_mobile":0,"ocean_menu_typo_spacing_unit":"","ocean_menu_link_color":"","ocean_menu_link_color_hover":"","ocean_menu_link_color_active":"","ocean_menu_link_background":"","ocean_menu_link_hover_background":"","ocean_menu_link_active_background":"","ocean_menu_social_links_bg":"","ocean_menu_social_hover_links_bg":"","ocean_menu_social_links_color":"","ocean_menu_social_hover_links_color":"","ocean_disable_title":"default","ocean_disable_heading":"default","ocean_post_title":"","ocean_post_subheading":"","ocean_post_title_style":"","ocean_post_title_background_color":"","ocean_post_title_background":0,"ocean_post_title_bg_image_position":"","ocean_post_title_bg_image_attachment":"","ocean_post_title_bg_image_repeat":"","ocean_post_title_bg_image_size":"","ocean_post_title_height":0,"ocean_post_title_bg_overlay":0.5,"ocean_post_title_bg_overlay_color":"","ocean_disable_breadcrumbs":"default","ocean_breadcrumbs_color":"","ocean_breadcrumbs_separator_color":"","ocean_breadcrumbs_links_color":"","ocean_breadcrumbs_links_hover_color":"","ocean_display_footer_widgets":"default","ocean_display_footer_bottom":"default","ocean_custom_footer_template":"","ofc_enable_fullscreen":"disable","ofc_fullscreen_speed":0,"ofc_fullscreen_nav":"enable","ofc_fullscreen_nav_pos":"right","ofc_fullscreen_nav_color":"","ofc_fullscreen_nav_tooltip_color":"","ofc_fullscreen_responsive":0,"osh_disable_topbar_sticky":"default","osh_disable_header_sticky":"default","osh_sticky_header_style":"default","osh_sticky_header_effect":"","osh_custom_sticky_logo":0,"osh_custom_retina_sticky_logo":0,"osh_custom_sticky_logo_height":0,"osh_background_color":"","osh_links_color":"","osh_links_hover_color":"","osh_links_active_color":"","osh_links_bg_color":"","osh_links_hover_bg_color":"","osh_links_active_bg_color":"","osh_menu_social_links_color":"","osh_menu_social_hover_links_color":"","footnotes":""},"class_list":["post-2469","page","type-page","status-publish","hentry","entry"],"_links":{"self":[{"href":"https:\/\/www.maticsasa.com\/wps\/wp-json\/wp\/v2\/pages\/2469","targetHints":{"allow":["GET"]}}],"collection":[{"href":"https:\/\/www.maticsasa.com\/wps\/wp-json\/wp\/v2\/pages"}],"about":[{"href":"https:\/\/www.maticsasa.com\/wps\/wp-json\/wp\/v2\/types\/page"}],"author":[{"embeddable":true,"href":"https:\/\/www.maticsasa.com\/wps\/wp-json\/wp\/v2\/users\/1"}],"replies":[{"embeddable":true,"href":"https:\/\/www.maticsasa.com\/wps\/wp-json\/wp\/v2\/comments?post=2469"}],"version-history":[{"count":7,"href":"https:\/\/www.maticsasa.com\/wps\/wp-json\/wp\/v2\/pages\/2469\/revisions"}],"predecessor-version":[{"id":2688,"href":"https:\/\/www.maticsasa.com\/wps\/wp-json\/wp\/v2\/pages\/2469\/revisions\/2688"}],"wp:attachment":[{"href":"https:\/\/www.maticsasa.com\/wps\/wp-json\/wp\/v2\/media?parent=2469"}],"curies":[{"name":"wp","href":"https:\/\/api.w.org\/{rel}","templated":true}]}}