{"id":2505,"date":"2025-03-30T23:55:45","date_gmt":"2025-03-30T21:55:45","guid":{"rendered":"https:\/\/www.maticsasa.com\/wps\/?page_id=2505"},"modified":"2025-03-31T12:07:08","modified_gmt":"2025-03-31T10:07:08","slug":"instagram","status":"publish","type":"page","link":"https:\/\/www.maticsasa.com\/wps\/instagram\/","title":{"rendered":"Instagram"},"content":{"rendered":"\t\t<div data-elementor-type=\"wp-page\" data-elementor-id=\"2505\" class=\"elementor elementor-2505\">\n\t\t\t\t<div class=\"elementor-element elementor-element-44dadb6 e-flex e-con-boxed e-con e-parent\" data-id=\"44dadb6\" data-element_type=\"container\" data-e-type=\"container\" data-settings=\"{&quot;background_background&quot;:&quot;classic&quot;}\">\n\t\t\t\t\t<div class=\"e-con-inner\">\n\t\t\t\t<div class=\"elementor-element elementor-element-54be20f elementor-widget elementor-widget-video\" data-id=\"54be20f\" data-element_type=\"widget\" data-e-type=\"widget\" data-settings=\"{&quot;youtube_url&quot;:&quot;https:\\\/\\\/www.youtube.com\\\/watch?v=H5F89J6De3M&quot;,&quot;video_type&quot;:&quot;youtube&quot;,&quot;controls&quot;:&quot;yes&quot;}\" data-widget_type=\"video.default\">\n\t\t\t\t<div class=\"elementor-widget-container\">\n\t\t\t\t\t\t\t<div class=\"elementor-wrapper elementor-open-inline\">\n\t\t\t<div class=\"elementor-video\"><\/div>\t\t<\/div>\n\t\t\t\t\t\t<\/div>\n\t\t\t\t<\/div>\n\t\t\t\t<div class=\"elementor-element elementor-element-ae92c37 elementor-widget elementor-widget-heading\" data-id=\"ae92c37\" data-element_type=\"widget\" data-e-type=\"widget\" data-widget_type=\"heading.default\">\n\t\t\t\t<div class=\"elementor-widget-container\">\n\t\t\t\t\t<h2 class=\"elementor-heading-title elementor-size-default\">Instagram<\/h2>\t\t\t\t<\/div>\n\t\t\t\t<\/div>\n\t\t\t\t<div class=\"elementor-element elementor-element-5e9e58b elementor-widget elementor-widget-text-editor\" data-id=\"5e9e58b\" data-element_type=\"widget\" data-e-type=\"widget\" data-widget_type=\"text-editor.default\">\n\t\t\t\t<div class=\"elementor-widget-container\">\n\t\t\t\t\t\t\t\t\t<div class=\"Lyrics__Container-sc-926d9e10-1 fEHzCI\" data-lyrics-container=\"true\"><div class=\"Lyrics__Container-sc-926d9e10-1 fEHzCI\" data-lyrics-container=\"true\"><div class=\"Lyrics__Container-sc-926d9e10-1 fEHzCI\" data-lyrics-container=\"true\"><div class=\"Lyrics__Container-sc-926d9e10-1 fEHzCI\" data-lyrics-container=\"true\"><div class=\"Lyrics__Container-sc-926d9e10-1 fEHzCI\" data-lyrics-container=\"true\"><div class=\"Lyrics__Container-sc-926d9e10-1 fEHzCI\" data-lyrics-container=\"true\"><div class=\"Lyrics__Container-sc-926d9e10-1 fEHzCI\" data-lyrics-container=\"true\"><div class=\"Lyrics__Container-sc-926d9e10-1 fEHzCI\" data-lyrics-container=\"true\"><div class=\"Lyrics__Container-sc-926d9e10-1 fEHzCI\" data-lyrics-container=\"true\"><div class=\"Lyrics__Container-sc-926d9e10-1 fEHzCI\" data-lyrics-container=\"true\"><p>[Uvod: Sa\u0161a Mati\u0107]<br \/>(Da si bolja, ne bi mi se dopala)<\/p><p>Grad je pun ludaka, ja manje-vi\u0161e sve ih znam<br \/>Otvaram pi\u0107e, ti slika\u0161 se za Instagram<br \/>Ka\u017ee\u0161 mi da to su te godine haoti\u010dne\u00a0<br \/>Da si za provod, jer ljubav je za dvoli\u010dne<\/p><p>Da si bolja, ne bi mi se dopala<br \/>Idemo jako, za\u0161to da se \u0161tedimo?<br \/>I tako svaka nova ljubav bi nam propala<br \/>Hajde da pobegnemo bez pozdrava<br \/>Da si bolja, ne bi mi se dopala<br \/>Mo\u017eda mi jedno drugom vi\u0161e vredimo<br \/>U ovoj pri\u010di samo pamet je izostala<br \/>Hajde da pobegnemo kad niko ne gleda<\/p><p>Grad je pun ludaka, za koga si se sredila?<br \/>Da sam anonimus, ti ne bi me primetila<br \/>Ba\u0161 ti dobro stoji \u0161to drska si i la\u017eljiva<br \/>I \u0161to sa tobom nikad nema pravila<\/p><\/div><div class=\"RightSidebar__Container-sc-29f47c92-0 kjpsqk\"><div class=\"StubhubLink__Container-sc-c1aab57d-0 cpMeHl\"><div class=\"StubhubLink__Left-sc-c1aab57d-2 fwwXFm\"><div class=\"StubhubLink__Information-sc-c1aab57d-4 ivWlfZ\">\u00a0<\/div><\/div><\/div><div class=\"LyricsSidebarAd__RecommendationsContainer-sc-f6208354-0 jxwZJC\"><aside class=\"RecommendedSongs__Container-sc-7b317158-0 kcOpLt LyricsSidebarAd__Recommendations-sc-f6208354-1 eRwhep\"><div class=\"RecommendedSongs__Body-sc-7b317158-1 kYBdjY\"><div class=\"RecommendedSong__ItemContent-sc-f41041e5-2 fhJcuA\"><div class=\"RecommendedSong__ArtistName-sc-f41041e5-4 eHMmvN\">[Refren: Sa\u0161a Mati\u0107]<\/div><\/div><\/div><\/aside><\/div><\/div><div class=\"Lyrics__Container-sc-926d9e10-1 fEHzCI\" data-lyrics-container=\"true\"><p>Da si bolja, ne bi mi se dopala<br \/>Idemo jako, za\u0161to da se \u0161tedimo?<br \/>I tako svaka nova ljubav bi nam propala<br \/>Hajde da pobegnemo bez pozdrava<br \/>Da si bolja, ne bi mi se dopala<br \/>Mo\u017eda mi jedno drugom vi\u0161e vredimo<br \/>U ovoj pri\u010di samo pamet je izostala<br \/>Hajde da pobegnemo kad niko ne gleda<\/p><p><i>Radi me dodir tvoj, radi me telo<\/i><br \/>(A ti u svome filmu gleda\u0161 me belo)<br \/><i>Ipak mi pored tebe nije svejedno<\/i><br \/>(Ma neka ostane sve nedore\u010deno)<\/p><p>[Refren: Sa\u0161a Mati\u0107]<br \/>(Da si bolja, ne bi mi se dopala)<br \/>(Idemo jako, za\u0161to da se \u0161tedimo?)<br \/>(I tako svaka nova ljubav bi nam propala)<br \/>(Hajde da pobegnemo bez pozdrava)<br \/>Da si bolja, ne bi mi se dopala<br \/>Mo\u017eda mi jedno drugom vi\u0161e vredimo<br \/>U ovoj pri\u010di samo pamet je izostala<br \/>Hajde da pobegnemo kad niko ne gleda<\/p><\/div><\/div><\/div><\/div><\/div><\/div><\/div><\/div><\/div><\/div>\t\t\t\t\t\t\t\t<\/div>\n\t\t\t\t<\/div>\n\t\t\t\t\t<\/div>\n\t\t\t\t<\/div>\n\t\t\t\t<\/div>\n\t\t","protected":false},"excerpt":{"rendered":"<p>Instagram [Uvod: Sa\u0161a Mati\u0107](Da si bolja, ne bi mi se dopala) Grad je pun ludaka, ja manje-vi\u0161e sve ih znamOtvaram pi\u0107e, ti slika\u0161 se za InstagramKa\u017ee\u0161 mi da to su te godine haoti\u010dne\u00a0Da si za provod, jer ljubav je za dvoli\u010dne Da si bolja, ne bi mi se dopalaIdemo jako, za\u0161to da se \u0161tedimo?I tako [&hellip;]<\/p>\n","protected":false},"author":1,"featured_media":0,"parent":0,"menu_order":0,"comment_status":"closed","ping_status":"closed","template":"","meta":{"opb_popup_content":"Popup Content","ocean_post_layout":"","ocean_both_sidebars_style":"","ocean_both_sidebars_content_width":0,"ocean_both_sidebars_sidebars_width":0,"ocean_sidebar":"","ocean_second_sidebar":"","ocean_disable_margins":"enable","ocean_add_body_class":"","ocean_shortcode_before_top_bar":"","ocean_shortcode_after_top_bar":"","ocean_shortcode_before_header":"","ocean_shortcode_after_header":"","ocean_has_shortcode":"","ocean_shortcode_after_title":"","ocean_shortcode_before_footer_widgets":"","ocean_shortcode_after_footer_widgets":"","ocean_shortcode_before_footer_bottom":"","ocean_shortcode_after_footer_bottom":"","ocean_display_top_bar":"default","ocean_display_header":"default","ocean_header_style":"","ocean_center_header_left_menu":"","ocean_custom_header_template":"","ocean_custom_logo":0,"ocean_custom_retina_logo":0,"ocean_custom_logo_max_width":0,"ocean_custom_logo_tablet_max_width":0,"ocean_custom_logo_mobile_max_width":0,"ocean_custom_logo_max_height":0,"ocean_custom_logo_tablet_max_height":0,"ocean_custom_logo_mobile_max_height":0,"ocean_header_custom_menu":"","ocean_menu_typo_font_family":"","ocean_menu_typo_font_subset":"","ocean_menu_typo_font_size":0,"ocean_menu_typo_font_size_tablet":0,"ocean_menu_typo_font_size_mobile":0,"ocean_menu_typo_font_size_unit":"px","ocean_menu_typo_font_weight":"","ocean_menu_typo_font_weight_tablet":"","ocean_menu_typo_font_weight_mobile":"","ocean_menu_typo_transform":"","ocean_menu_typo_transform_tablet":"","ocean_menu_typo_transform_mobile":"","ocean_menu_typo_line_height":0,"ocean_menu_typo_line_height_tablet":0,"ocean_menu_typo_line_height_mobile":0,"ocean_menu_typo_line_height_unit":"","ocean_menu_typo_spacing":0,"ocean_menu_typo_spacing_tablet":0,"ocean_menu_typo_spacing_mobile":0,"ocean_menu_typo_spacing_unit":"","ocean_menu_link_color":"","ocean_menu_link_color_hover":"","ocean_menu_link_color_active":"","ocean_menu_link_background":"","ocean_menu_link_hover_background":"","ocean_menu_link_active_background":"","ocean_menu_social_links_bg":"","ocean_menu_social_hover_links_bg":"","ocean_menu_social_links_color":"","ocean_menu_social_hover_links_color":"","ocean_disable_title":"default","ocean_disable_heading":"default","ocean_post_title":"","ocean_post_subheading":"","ocean_post_title_style":"","ocean_post_title_background_color":"","ocean_post_title_background":0,"ocean_post_title_bg_image_position":"","ocean_post_title_bg_image_attachment":"","ocean_post_title_bg_image_repeat":"","ocean_post_title_bg_image_size":"","ocean_post_title_height":0,"ocean_post_title_bg_overlay":0.5,"ocean_post_title_bg_overlay_color":"","ocean_disable_breadcrumbs":"default","ocean_breadcrumbs_color":"","ocean_breadcrumbs_separator_color":"","ocean_breadcrumbs_links_color":"","ocean_breadcrumbs_links_hover_color":"","ocean_display_footer_widgets":"default","ocean_display_footer_bottom":"default","ocean_custom_footer_template":"","ofc_enable_fullscreen":"disable","ofc_fullscreen_speed":0,"ofc_fullscreen_nav":"enable","ofc_fullscreen_nav_pos":"right","ofc_fullscreen_nav_color":"","ofc_fullscreen_nav_tooltip_color":"","ofc_fullscreen_responsive":0,"osh_disable_topbar_sticky":"default","osh_disable_header_sticky":"default","osh_sticky_header_style":"default","osh_sticky_header_effect":"","osh_custom_sticky_logo":0,"osh_custom_retina_sticky_logo":0,"osh_custom_sticky_logo_height":0,"osh_background_color":"","osh_links_color":"","osh_links_hover_color":"","osh_links_active_color":"","osh_links_bg_color":"","osh_links_hover_bg_color":"","osh_links_active_bg_color":"","osh_menu_social_links_color":"","osh_menu_social_hover_links_color":"","footnotes":""},"class_list":["post-2505","page","type-page","status-publish","hentry","entry"],"_links":{"self":[{"href":"https:\/\/www.maticsasa.com\/wps\/wp-json\/wp\/v2\/pages\/2505","targetHints":{"allow":["GET"]}}],"collection":[{"href":"https:\/\/www.maticsasa.com\/wps\/wp-json\/wp\/v2\/pages"}],"about":[{"href":"https:\/\/www.maticsasa.com\/wps\/wp-json\/wp\/v2\/types\/page"}],"author":[{"embeddable":true,"href":"https:\/\/www.maticsasa.com\/wps\/wp-json\/wp\/v2\/users\/1"}],"replies":[{"embeddable":true,"href":"https:\/\/www.maticsasa.com\/wps\/wp-json\/wp\/v2\/comments?post=2505"}],"version-history":[{"count":6,"href":"https:\/\/www.maticsasa.com\/wps\/wp-json\/wp\/v2\/pages\/2505\/revisions"}],"predecessor-version":[{"id":2667,"href":"https:\/\/www.maticsasa.com\/wps\/wp-json\/wp\/v2\/pages\/2505\/revisions\/2667"}],"wp:attachment":[{"href":"https:\/\/www.maticsasa.com\/wps\/wp-json\/wp\/v2\/media?parent=2505"}],"curies":[{"name":"wp","href":"https:\/\/api.w.org\/{rel}","templated":true}]}}