{"id":69,"date":"2013-05-14T03:28:29","date_gmt":"2013-05-14T03:28:29","guid":{"rendered":"https:\/\/www.maticsasa.com\/wps\/biografija-pevaca-sase-matica\/"},"modified":"2025-03-23T23:27:12","modified_gmt":"2025-03-23T22:27:12","slug":"biografija-pevaca-sase-matica","status":"publish","type":"page","link":"https:\/\/www.maticsasa.com\/wps\/biografija-pevaca-sase-matica\/","title":{"rendered":"SA\u0160A MATI\u0106 &#8211; BIOGRAFIJA"},"content":{"rendered":"\t\t<div data-elementor-type=\"wp-page\" data-elementor-id=\"69\" class=\"elementor elementor-69\">\n\t\t\t\t<div class=\"elementor-element elementor-element-d82d36 e-flex e-con-boxed e-con e-parent\" data-id=\"d82d36\" data-element_type=\"container\" data-e-type=\"container\">\n\t\t\t\t\t<div class=\"e-con-inner\">\n\t\t<div class=\"elementor-element elementor-element-e4dcbd0 e-con-full e-flex e-con e-child\" data-id=\"e4dcbd0\" data-element_type=\"container\" data-e-type=\"container\" data-settings=\"{&quot;background_background&quot;:&quot;classic&quot;}\">\n\t\t\t\t<div class=\"elementor-element elementor-element-a78f8d9 elementor-widget elementor-widget-text-editor\" data-id=\"a78f8d9\" data-element_type=\"widget\" data-e-type=\"widget\" data-widget_type=\"text-editor.default\">\n\t\t\t\t<div class=\"elementor-widget-container\">\n\t\t\t\t\t\t\t\t\t<div>\u00a0<\/div><div>\u00a0<\/div><div><img decoding=\"async\" class=\" alignleft size-full wp-image-65\" style=\"margin: 7px; float: left;\" src=\"https:\/\/www.maticsasa.com\/wps\/wp-content\/uploads\/2013\/05\/arena.jpg\" alt=\"Biografija Sa\u0161e Mati\u0107a\" width=\"200\" srcset=\"https:\/\/www.maticsasa.com\/wps\/wp-content\/uploads\/2013\/05\/arena.jpg 1024w, https:\/\/www.maticsasa.com\/wps\/wp-content\/uploads\/2013\/05\/arena-300x204.jpg 300w, https:\/\/www.maticsasa.com\/wps\/wp-content\/uploads\/2013\/05\/arena-768x522.jpg 768w\" sizes=\"(max-width: 1024px) 100vw, 1024px\" \/>Tog 26-tog aprila 1978. godine desio se drugi desant na Drvar, ta\u010dnije na ku\u0107u mame Dragice i tate Zorana od strane veselih kumova, razdragane rodbine i radosnih prijatelja. Kroz prole\u0107nu no\u0107\u00a0\u010dulo\u00a0se horsko pevanje tada\u0161njeg velikog \u0160abanovog hita &#8220;Jedna lasta ne \u010dini prole\u0107e&#8221;, a mama i tata su znali da zaista u \u017eivotu prole\u0107e ne \u010dini jedna lasta, ve\u0107 dva slavuja &#8211; Sa\u0161a i Dejan!<\/div><div>\u00a0<\/div><div style=\"text-align: center;\">DOLAZAK U BEOGRAD\u00a0<\/div><div>\u00a0<\/div><div>Porodica Mati\u0107 je znala da je \u017eivot poput restorana gde se slu\u017ei \u0161vedski sto, hrana je tamo, ali niko ti je ne\u0107e staviti na tvoju tacnu, mora\u0161 oti\u0107i do stola i uzeti \u0161ta \u017eeli\u0161. Zbog toga su se preselili u Beograd! \u00a0Sa\u0161a ima obi\u010daj da ka\u017ee:<\/div><div>-I onda je sve po\u010delo!<\/div><div>\u00a0<\/div><div>Pa da, kad nadarenom de\u010daku, kome du\u0161a voli da slu\u0161a sve, od rock-a do folka, da\u0161 klavir i muzi\u010dku \u0161kolu, eto ti tajnog recepta za zvezdu!<\/div><div>\u00a0<\/div><div>Danas milioni Sa\u0161inih fanova treba da se, ustvari, zahvale njegovoj baki, kupila mu je prvu harmoniku pa mu pomogla da spozna kako se postaje\u00a0KRALJ MERAKA! Bo\u017ee, kako je baka imala ose\u0107aj za dobru investiciju!<\/div><div>\u00a0<\/div><div>E, onda se mali Sa\u0161a latio velikih hitova s po\u010detka osamdesetih &#8220;Pozdravi je pozdravi&#8221; od Miroslava Ili\u0107a, &#8220;Dru\u017ee Tito mi ti se kunemo&#8221; od Zdravka \u010coli\u0107a&#8230; i kao da je jo\u0161 tada \u017eeleo da\u00a0ka\u017ee\u00a0svima:<\/div><div>&#8211; Niti \u0107u biti klasi\u010dni narodnjak, niti klasi\u010dni zabavnjak. Bi\u0107u vanklasi\u010dni Sa\u0161a Mati\u0107!<\/div><div>\u00a0<\/div><div style=\"text-align: center;\">PRVE SVIRKE\u00a0<\/div><div>\u00a0<\/div><div><img decoding=\"async\" class=\" alignright size-full wp-image-66\" style=\"margin: 7px; float: right;\" src=\"https:\/\/www.maticsasa.com\/wps\/wp-content\/uploads\/2013\/05\/IMG_9715.JPG\" alt=\"Prepuna beogradska &quot;ARENA&quot;\" width=\"200\" srcset=\"https:\/\/www.maticsasa.com\/wps\/wp-content\/uploads\/2013\/05\/IMG_9715.JPG 1024w, https:\/\/www.maticsasa.com\/wps\/wp-content\/uploads\/2013\/05\/IMG_9715-300x200.jpg 300w, https:\/\/www.maticsasa.com\/wps\/wp-content\/uploads\/2013\/05\/IMG_9715-768x512.jpg 768w\" sizes=\"(max-width: 1024px) 100vw, 1024px\" \/>I kona\u010dno, kao tinejd\u017eer u\u0111e u kafanu!<\/div><div>&#8216;Ajde \u0161to u\u0111e, nego i zapeva!<\/div><div>Kafanski akademici mu po ubrzanom postupku dodeli\u0161e diplomu VSS GLA\u0160\u010cINA!<\/div><div>\u00a0<\/div><div>-Je li Sale toliko dobar koliko ga hvale?<\/div><div>Me\u0111u Banajlu\u010dkom i Bijeljinskom rajom se pitalo i tra\u017eio odgovor, pa je ve\u0107 tada na Saletove\u00a0\u017eurke,\u00a0u lokale gde brat bratu mo\u017ee da stane oko 400 ljudi, dolazilo njih 2.000!<\/div><div>\u00a0<\/div><div>Kad su ga jednom, nakon ko zna koliko nastupa za redom pitali:<\/div><div>-Jesi li se brate umorio od posla?<\/div><div>Sa\u0161a je s osmehom rekao:<\/div><div>-Nisam, pa ovo nije posao, ovo je super provod!<\/div><div>\u00a0<\/div><div>I zaista je malo peva\u010da kao \u0161to je Sa\u0161a Mati\u0107, koji na svojim nastupima ne odra\u0111uju posao, nego se provode!\u00a0<\/div><div>Osetio je to i nekrunisani kralj folka \u0160aban \u0160auli\u0107, pa je &#8221;kralj kafana&#8221; u kafanu odlazio, ne da peva nego da slu\u0161a mladog folkerskog princa Sa\u0161u Mati\u0107a.<\/div><div>\u00a0<\/div><div style=\"text-align: center;\">PRVI ALBUM I KONCERTI\u00a0<\/div><div>\u00a0<\/div><div>Ka\u017ee stara narodna: &#8220;Kad ho\u0107e &#8211; ho\u0107e!&#8221;<\/div><div>A druga narodna, nastala u novije vrijeme ka\u017ee: &#8220;Kad zna\u0161 &#8211; ho\u0107e!&#8221;<\/div><div>Ho\u0107e i \u010duvena Marina Tucakovi\u0107 i virtuoz Aleksandar Radulovi\u0107 Futa da ti urade album. Ustvari, kad se udru\u017ee Marina, Futa i Sa\u0161a Mati\u0107 onda nastane album\u010dina\u00a0&#8220;Maskara&#8221;<\/div><div>\u00a0<\/div><div>Nije ni Sale\u00a0onako ljudski,\u00a0do kraja preslu\u0161ao svoj prvi album, \u00a0na kome se oku\u0161ao i kao kompozitor pesme &#8220;Bolje da me ubila&#8221;, a ve\u0107 je prepuna sala Doma sindikata u Beogradu,\u00a0\u00a0 4.juna 2001.\u00a0godine\u00a0odu\u0161evljeno pevala sve njegove pesme. Spektakularan koncert, pomalo nestvarno, pomalo zastra\u0161uju\u0107e za peva\u010da sa snimljenim samo jednim albumom.<\/div><div>\u00a0<\/div><div style=\"text-align: center;\">PRVE NAGRADE\u00a0<\/div><div>\u00a0<\/div><div><img decoding=\"async\" class=\" alignleft size-full wp-image-67\" style=\"margin: 7px; float: left;\" src=\"https:\/\/www.maticsasa.com\/wps\/wp-content\/uploads\/2013\/05\/IMG_9537.JPG\" alt=\"Svaki koncert Sa\u0161e Mati\u0107a je spektakl za sebe\" width=\"200\" srcset=\"https:\/\/www.maticsasa.com\/wps\/wp-content\/uploads\/2013\/05\/IMG_9537.JPG 1024w, https:\/\/www.maticsasa.com\/wps\/wp-content\/uploads\/2013\/05\/IMG_9537-300x200.jpg 300w, https:\/\/www.maticsasa.com\/wps\/wp-content\/uploads\/2013\/05\/IMG_9537-768x512.jpg 768w\" sizes=\"(max-width: 1024px) 100vw, 1024px\" \/>I dok se Sa\u0161a dobro provodio na uspe\u0161nim turnejama\u00a0\u0161irom\u00a0Srbije, Crne Gore i dijsapore, na svom peva\u010dkom kontu je ve\u0107 imao dva albuma, ali sada siguran, s verom u sebe, nemirni Saletov duh \u017eeleo je ne\u0161to vi\u0161e, druga\u010dije, avanturisti\u010dko.<\/div><div>\u00a0<\/div><div>Po\u0161to Sa\u0161a nikad nije imao strah od neizvesnosti, zato je neizvesnost za njega bila avantura, te je prvo na Budvanskom festivalu a potom i u Ohridu na Ohridskim trubadurima, iste godine 2003. sa jednom pesmom &#8220;Moj grad&#8221;, uzeo dve pobede!<\/div><div>\u00a0<\/div><div>Nizale su se potom nagrade, hitovi i priznanja:<\/div><div><ul><li>2006. &#8211; &#8220;Sve je na prodaju&#8221;\u00a0&#8211; pobedni\u010dka pesma prvog Grand festivala\u00a0<\/li><li>2010. \u00a0&#8211; &#8220;Nije ljubav trag na hartiji&#8221;\u00a0&#8211; prva nagrada \u017eirija tre\u0107eg\u00a0Grand festivala&#8230;<\/li><\/ul><\/div><div>\u00a0<\/div><div>I taman kada je re\u0161io malo da odmori od festivala, desila mu se pesma &#8220;Na\u0111i novu ljubav&#8221;\u00a0sa kojom se Sale 2013. godine predstavio na Radijskom festivalu&#8230;<\/div><div>\u00a0<\/div><div>Kad pobeda \u010doveku postane navika, onda se najlep\u0161i snovi prosto guraju da se ostvare. Nakon tre\u0107eg albuma, dvorana Sava centra je bila puna kao u najsmelijim snovima svakog peva\u010da, ali ajde \u0161to je bila puna, ali \u0161to je bila na nogama!\u00a0<\/div><div>Sale se se\u0107a:<\/div><div>-&#8220;Vladala je odli\u010dna atmosfera. Ne mogu da opi\u0161em re\u010dima! Ako sada mogu da budem neskroman, tada sam stvarno shvatio da vredim&#8221;.<\/div><div>\u00a0<\/div><div>&#8220;Maskara&#8221;, &#8220;Kad ljubav zakasni&#8221;, &#8220;Neke ptice nikad ne polete&#8221;, &#8220;Andjeo \u010duvar&#8221; &#8220;No\u0107i u Sibiru&#8221; &#8220;Kralj izgubljenih stvari&#8221;, sve \u0161to Sale otpeva postane hit.\u00a0<\/div><div>Neki narodni stvaraoc tada re\u010de;<\/div><div>&#8211; Ma, ovaj Sale i recept za baklavu da odpeva, to bi bio hit!<\/div><div>Znale su to i sve njegove duet dame: Jana, Jelena Karleu\u0161a, Rada Manojlovi\u0107, Severina i Ministarke, ali i estradni velikani\u00a0\u0160aban \u0160auli\u0107 \u00a0i\u00a0\u0160erif Konjevi\u0107 sa kojima je Sale takodje ukrstio glas.<\/div><div>\u00a0<\/div><div style=\"text-align: center;\">DESET GODINA KARIJERE\u00a0<\/div><div>\u00a0<\/div><div>Kad ti deset godina svi govore i potvr\u0111uju, a ti zna\u0161 da si sami vrh estrade, e onda te mali \u0111avoli nagovore na velike stvari!<\/div><div>\u00a0<\/div><div>17.februar 2012. godine,\u00a0grad Zagreb. Te no\u0107i zagreba\u010dka Cibona je bila evropski centar za najbolji provod, a povod deset godina estradnog rada, pardon, provoda Sa\u0161e Mati\u0107a. Prepuna dvorana je, ustvari, bila najve\u0107i hor prate\u0107ih vokala na Balkanu, a Sale je nakon tog koncerta, kad su ga pitali kako se ose\u0107a nakon svega, rekao:<\/div><div>-Ma, sve je super, samo me noge bole od onih vra\u0107anja na bis!!!<\/div><div>\u00a0<\/div><div style=\"text-align: center;\">SPEKTAKL U TRI \u010cINA<\/div><div>\u00a0<\/div><div><img decoding=\"async\" class=\" alignleft size-full wp-image-68\" style=\"margin: 7px; float: left;\" src=\"https:\/\/www.maticsasa.com\/wps\/wp-content\/uploads\/2013\/05\/IMG_9589.JPG\" alt=\"Spektakl u tri \u010dina\" width=\"200\" srcset=\"https:\/\/www.maticsasa.com\/wps\/wp-content\/uploads\/2013\/05\/IMG_9589.JPG 1024w, https:\/\/www.maticsasa.com\/wps\/wp-content\/uploads\/2013\/05\/IMG_9589-300x200.jpg 300w, https:\/\/www.maticsasa.com\/wps\/wp-content\/uploads\/2013\/05\/IMG_9589-768x512.jpg 768w\" sizes=\"(max-width: 1024px) 100vw, 1024px\" \/>U godinama posle toga nizali su se hitovi, a Sa\u0161a je sa svakim albumom postavljao neke nove standarde narodne muzike. Punio je klubove, diskoteke, kafane i dvorane \u0161irom Evrope, ali kad god je odlazio ili se vra\u0107ao u Beograd ose\u0107ao se kao najve\u0107i du\u017enik Beograda. Taj ose\u0107aj je postajao sve ja\u010di i ja\u010di, razmi\u0161ljao je:<\/div><div>&#8211; Ovaj grad mi je dao sve, ja mu moram re\u0107i HVALA!<\/div><div>\u00a0<\/div><div>Za svoje HVALA Beogradu, Sa\u0161a je odabarao ba\u0161 namerno\u00a08.mart 2016.\u00a0U najve\u0107oj balkanskoj dvorani Kombank areni na taj predivni Dan \u017eena, desio se SPEKTAKL u tri \u010dina: klub, kafana, emocija!<\/div><div>S koliko \u017eelje je \u00a0Beograd \u010dekao na ovaj istorijski koncert najbolje govori podatak da je Arena rasprodata \u010dak mesec dana ranije! Najve\u0107a dvorana na Balkanu je ipak bila premala da do\u0111u svi tog osmog marta, zato je Sa\u0161a dan kasnije sve koji nisu mogli do\u0107i osmog marta pozvao na svoj petnaesti estradni ro\u0111endan u Sava centar.<\/div><div>\u00a0<\/div><div>A nama HVALA?! Pitali su i oni iz Zagreba, Tuzle, Sarajeva? I usledio je Saletov odgovor:\u00a0<\/div><div>21.maj 2016.\u00a0&#8211; U zagreba\u010dkom hramu kulture &#8220;Vatroslav Lisinski&#8221; &#8211; nirvana meraka!<\/div><div>18.novembar 2016.\u00a0&#8211; Tuzlanska dvorana Mejdan k&#8217;o \u0161ibica! Oboreni svi rekordi pose\u0107enosti dvorane!<\/div><div>10.decembar 2016.\u00a0&#8211;\u00a0Olimpijska dvorana Zetra u Sarajevu nije bila punija ni na Olimpijadi &#8217;84. godine!\u00a0\u00a0<\/div><div>\u00a0<\/div><div>I kad Sa\u0161i Mati\u0107u nakon prvih petnaest godina karijere ka\u017eu \u0161ta dalje?<\/div><div>On se samo nasmije i ka\u017ee;<\/div><div>&#8211; Kako \u0161ta, pa tek smo po\u010deli!<\/div><div>\u00a0<\/div><div style=\"text-align: center;\">PRIVATNO\u00a0<\/div><div>\u00a0<\/div><div>Kad do\u0111e svojoj ku\u0107i predivan je mu\u017e supruzi An\u0111eliji, i najbolji tata za dvije princeze Aleksandru i Taru. Toliko nam je dopustio da napi\u0161emo o njegovom privatnom \u017eivotu, koji \u010duva daleko od o\u010diju javnosti i svetla reflektora, kao najdragocenije blago.\u00a0<\/div><div>\u00a0<\/div><div>I ne treba da iskoristimo Sa\u0161inu posebnu sre\u0107u kad se vra\u0107a sa bilo koje strane sveta na Sur\u010dinski aerodrom, jer jednom je u \u0161ali rekao;<\/div><div>-Ako bih morao da biram gde bih mogao da \u017eivim, a da nije Beograd, dobili bi razglednicu iz \u010cikaga! :))<\/div><div>\u00a0<\/div><div>Ipak, kako ka\u017ee, \u00a0u svom\u00a0\u017eivotu apsolutno ni\u0161ta ne bi menjao i kada bi po\u010dinjao ispo\u010detka, sve bi isto uradio.\u00a0<\/div><div>\u00a0<\/div><div>Bogu hvala, pa Sale voli na\u0161u kafanu, voli nas, koji zajedno s njim imamo sudbinu Tomine pesme:<\/div><div>&#8220;Kafana je moja sudbina, ona me se sebi uzela&#8221;&#8230;.<\/div>\t\t\t\t\t\t\t\t<\/div>\n\t\t\t\t<\/div>\n\t\t\t\t<\/div>\n\t\t\t\t\t<\/div>\n\t\t\t\t<\/div>\n\t\t\t\t<\/div>\n\t\t","protected":false},"excerpt":{"rendered":"<p>\u00a0\u00a0Tog 26-tog aprila 1978. godine desio se drugi desant na Drvar, ta\u010dnije na ku\u0107u mame Dragice i tate Zorana od strane veselih kumova, razdragane rodbine i radosnih prijatelja. Kroz prole\u0107nu no\u0107\u00a0\u010dulo\u00a0se horsko pevanje tada\u0161njeg velikog \u0160abanovog hita &#8220;Jedna lasta ne \u010dini prole\u0107e&#8221;, a mama i tata su znali da zaista u \u017eivotu prole\u0107e ne \u010dini [&hellip;]<\/p>\n","protected":false},"author":1,"featured_media":65,"parent":0,"menu_order":0,"comment_status":"closed","ping_status":"closed","template":"","meta":{"opb_popup_content":"Popup Content","ocean_post_layout":"","ocean_both_sidebars_style":"","ocean_both_sidebars_content_width":0,"ocean_both_sidebars_sidebars_width":0,"ocean_sidebar":"","ocean_second_sidebar":"","ocean_disable_margins":"enable","ocean_add_body_class":"","ocean_shortcode_before_top_bar":"","ocean_shortcode_after_top_bar":"","ocean_shortcode_before_header":"","ocean_shortcode_after_header":"","ocean_has_shortcode":"","ocean_shortcode_after_title":"","ocean_shortcode_before_footer_widgets":"","ocean_shortcode_after_footer_widgets":"","ocean_shortcode_before_footer_bottom":"","ocean_shortcode_after_footer_bottom":"","ocean_display_top_bar":"default","ocean_display_header":"default","ocean_header_style":"","ocean_center_header_left_menu":"","ocean_custom_header_template":"","ocean_custom_logo":0,"ocean_custom_retina_logo":0,"ocean_custom_logo_max_width":0,"ocean_custom_logo_tablet_max_width":0,"ocean_custom_logo_mobile_max_width":0,"ocean_custom_logo_max_height":0,"ocean_custom_logo_tablet_max_height":0,"ocean_custom_logo_mobile_max_height":0,"ocean_header_custom_menu":"","ocean_menu_typo_font_family":"","ocean_menu_typo_font_subset":"","ocean_menu_typo_font_size":0,"ocean_menu_typo_font_size_tablet":0,"ocean_menu_typo_font_size_mobile":0,"ocean_menu_typo_font_size_unit":"px","ocean_menu_typo_font_weight":"","ocean_menu_typo_font_weight_tablet":"","ocean_menu_typo_font_weight_mobile":"","ocean_menu_typo_transform":"","ocean_menu_typo_transform_tablet":"","ocean_menu_typo_transform_mobile":"","ocean_menu_typo_line_height":0,"ocean_menu_typo_line_height_tablet":0,"ocean_menu_typo_line_height_mobile":0,"ocean_menu_typo_line_height_unit":"","ocean_menu_typo_spacing":0,"ocean_menu_typo_spacing_tablet":0,"ocean_menu_typo_spacing_mobile":0,"ocean_menu_typo_spacing_unit":"","ocean_menu_link_color":"","ocean_menu_link_color_hover":"","ocean_menu_link_color_active":"","ocean_menu_link_background":"","ocean_menu_link_hover_background":"","ocean_menu_link_active_background":"","ocean_menu_social_links_bg":"","ocean_menu_social_hover_links_bg":"","ocean_menu_social_links_color":"","ocean_menu_social_hover_links_color":"","ocean_disable_title":"default","ocean_disable_heading":"default","ocean_post_title":"","ocean_post_subheading":"","ocean_post_title_style":"","ocean_post_title_background_color":"","ocean_post_title_background":0,"ocean_post_title_bg_image_position":"","ocean_post_title_bg_image_attachment":"","ocean_post_title_bg_image_repeat":"","ocean_post_title_bg_image_size":"","ocean_post_title_height":0,"ocean_post_title_bg_overlay":0.5,"ocean_post_title_bg_overlay_color":"","ocean_disable_breadcrumbs":"default","ocean_breadcrumbs_color":"","ocean_breadcrumbs_separator_color":"","ocean_breadcrumbs_links_color":"","ocean_breadcrumbs_links_hover_color":"","ocean_display_footer_widgets":"default","ocean_display_footer_bottom":"default","ocean_custom_footer_template":"","ofc_enable_fullscreen":"disable","ofc_fullscreen_speed":0,"ofc_fullscreen_nav":"enable","ofc_fullscreen_nav_pos":"right","ofc_fullscreen_nav_color":"","ofc_fullscreen_nav_tooltip_color":"","ofc_fullscreen_responsive":0,"osh_disable_topbar_sticky":"default","osh_disable_header_sticky":"default","osh_sticky_header_style":"default","osh_sticky_header_effect":"","osh_custom_sticky_logo":0,"osh_custom_retina_sticky_logo":0,"osh_custom_sticky_logo_height":0,"osh_background_color":"","osh_links_color":"","osh_links_hover_color":"","osh_links_active_color":"","osh_links_bg_color":"","osh_links_hover_bg_color":"","osh_links_active_bg_color":"","osh_menu_social_links_color":"","osh_menu_social_hover_links_color":"","footnotes":""},"class_list":["post-69","page","type-page","status-publish","has-post-thumbnail","hentry","entry","has-media"],"_links":{"self":[{"href":"https:\/\/www.maticsasa.com\/wps\/wp-json\/wp\/v2\/pages\/69","targetHints":{"allow":["GET"]}}],"collection":[{"href":"https:\/\/www.maticsasa.com\/wps\/wp-json\/wp\/v2\/pages"}],"about":[{"href":"https:\/\/www.maticsasa.com\/wps\/wp-json\/wp\/v2\/types\/page"}],"author":[{"embeddable":true,"href":"https:\/\/www.maticsasa.com\/wps\/wp-json\/wp\/v2\/users\/1"}],"replies":[{"embeddable":true,"href":"https:\/\/www.maticsasa.com\/wps\/wp-json\/wp\/v2\/comments?post=69"}],"version-history":[{"count":7,"href":"https:\/\/www.maticsasa.com\/wps\/wp-json\/wp\/v2\/pages\/69\/revisions"}],"predecessor-version":[{"id":1490,"href":"https:\/\/www.maticsasa.com\/wps\/wp-json\/wp\/v2\/pages\/69\/revisions\/1490"}],"wp:featuredmedia":[{"embeddable":true,"href":"https:\/\/www.maticsasa.com\/wps\/wp-json\/wp\/v2\/media\/65"}],"wp:attachment":[{"href":"https:\/\/www.maticsasa.com\/wps\/wp-json\/wp\/v2\/media?parent=69"}],"curies":[{"name":"wp","href":"https:\/\/api.w.org\/{rel}","templated":true}]}}