{"id":971,"date":"2017-12-04T23:24:30","date_gmt":"2017-12-04T23:24:30","guid":{"rendered":"https:\/\/www.maticsasa.com\/wps\/kao-rukom-odneto\/"},"modified":"2025-03-30T16:47:32","modified_gmt":"2025-03-30T14:47:32","slug":"kao-rukom-odneto","status":"publish","type":"page","link":"https:\/\/www.maticsasa.com\/wps\/kao-rukom-odneto\/","title":{"rendered":"K&#8217;o rukom odneto"},"content":{"rendered":"\t\t<div data-elementor-type=\"wp-page\" data-elementor-id=\"971\" class=\"elementor elementor-971\">\n\t\t\t\t<div class=\"elementor-element elementor-element-6a186a1a e-flex e-con-boxed e-con e-parent\" data-id=\"6a186a1a\" data-element_type=\"container\" data-e-type=\"container\" data-settings=\"{&quot;background_background&quot;:&quot;classic&quot;}\">\n\t\t\t\t\t<div class=\"e-con-inner\">\n\t\t\t\t<div class=\"elementor-element elementor-element-85cdcb5 elementor-widget elementor-widget-video\" data-id=\"85cdcb5\" data-element_type=\"widget\" data-e-type=\"widget\" data-settings=\"{&quot;youtube_url&quot;:&quot;https:\\\/\\\/www.youtube.com\\\/watch?v=HmHQ__UMYg0&quot;,&quot;video_type&quot;:&quot;youtube&quot;,&quot;controls&quot;:&quot;yes&quot;}\" data-widget_type=\"video.default\">\n\t\t\t\t<div class=\"elementor-widget-container\">\n\t\t\t\t\t\t\t<div class=\"elementor-wrapper elementor-open-inline\">\n\t\t\t<div class=\"elementor-video\"><\/div>\t\t<\/div>\n\t\t\t\t\t\t<\/div>\n\t\t\t\t<\/div>\n\t\t\t\t<div class=\"elementor-element elementor-element-a68f6e4 elementor-widget elementor-widget-heading\" data-id=\"a68f6e4\" data-element_type=\"widget\" data-e-type=\"widget\" data-widget_type=\"heading.default\">\n\t\t\t\t<div class=\"elementor-widget-container\">\n\t\t\t\t\t<h2 class=\"elementor-heading-title elementor-size-default\">Ko rukom odneto<\/h2>\t\t\t\t<\/div>\n\t\t\t\t<\/div>\n\t\t\t\t<div class=\"elementor-element elementor-element-61ab328 elementor-widget elementor-widget-text-editor\" data-id=\"61ab328\" data-element_type=\"widget\" data-e-type=\"widget\" data-widget_type=\"text-editor.default\">\n\t\t\t\t<div class=\"elementor-widget-container\">\n\t\t\t\t\t\t\t\t\t<p>Jedna suza malena, la\u017eni sjaj<br \/>valjda ja zaslu\u017eujem bolji kraj<br \/>nego samo da mi ka\u017ee\u0161 \u201cgotovo\u201d<\/p><p>Da te jesam voleo, ne la\u017eem<br \/>da te nisam varao, ne ka\u017eem<br \/>da se opet rodim, sve bih ponovo<\/p><p>Ne umirem od ljubavi<br \/>ja umirem zbog ljubavi<br \/>Na nekom drugom tlu potra\u017ei\u0107u<br \/>\u0161to nemam tu<\/p><p>Ref.<\/p><p>Odlazim, a \u017eao mi<br \/>u tebi ja, u meni ti<br \/>Odlazim, ko li \u0107e<br \/>koga pamtiti<\/p><p>Ni tebe ja, ni mene ti<br \/>a volesmo se prokleto<br \/>al\u2019 u trenu pro\u0111e sve<br \/>k\u2019o rukom odneto<\/p><p>II<\/p><p>Zbogom draga, bila si ludilo<br \/>I da kleknem, ne bi me \u010dudilo<br \/>Ali znam da \u010ditam zadnju stranicu<\/p><p>Hajde, poljubac mi daj, ne boj se<br \/>ako zagrlim te ja, odvoj se<br \/>Da ne pre\u0111em svoje tuge granicu<\/p><p>Ne umirem od ljubavi<br \/>ja umirem zbog ljubavi.<br \/>Na nekom drugom tlu potra\u017ei\u0107u<br \/>\u0161to nemam tu<\/p><p>Ref.<\/p><p>Odlazim, a \u017eao mi<br \/>u tebi ja, u meni ti<br \/>Odlazim, ko li \u0107e koga pamtiti<\/p><p>Ni tebe ja, ni mene ti<br \/>a volesmo se prokleto<br \/>al\u2019 u trenu pro\u0111e sve<br \/>k\u2019o rukom odneto<\/p><p>Music: Damir Handanovi\u0107<br \/>Lyrics: Marina Tucakovi\u0107<br \/>Arr: Damir Handanovi\u0107<\/p>\t\t\t\t\t\t\t\t<\/div>\n\t\t\t\t<\/div>\n\t\t\t\t\t<\/div>\n\t\t\t\t<\/div>\n\t\t\t\t<\/div>\n\t\t","protected":false},"excerpt":{"rendered":"<p>Ko rukom odneto Jedna suza malena, la\u017eni sjajvaljda ja zaslu\u017eujem bolji krajnego samo da mi ka\u017ee\u0161 \u201cgotovo\u201d Da te jesam voleo, ne la\u017eemda te nisam varao, ne ka\u017eemda se opet rodim, sve bih ponovo Ne umirem od ljubavija umirem zbog ljubaviNa nekom drugom tlu potra\u017ei\u0107u\u0161to nemam tu Ref. Odlazim, a \u017eao miu tebi ja, u [&hellip;]<\/p>\n","protected":false},"author":1,"featured_media":0,"parent":0,"menu_order":15,"comment_status":"closed","ping_status":"closed","template":"","meta":{"opb_popup_content":"Popup Content","ocean_post_layout":"","ocean_both_sidebars_style":"","ocean_both_sidebars_content_width":0,"ocean_both_sidebars_sidebars_width":0,"ocean_sidebar":"","ocean_second_sidebar":"","ocean_disable_margins":"enable","ocean_add_body_class":"","ocean_shortcode_before_top_bar":"","ocean_shortcode_after_top_bar":"","ocean_shortcode_before_header":"","ocean_shortcode_after_header":"","ocean_has_shortcode":"","ocean_shortcode_after_title":"","ocean_shortcode_before_footer_widgets":"","ocean_shortcode_after_footer_widgets":"","ocean_shortcode_before_footer_bottom":"","ocean_shortcode_after_footer_bottom":"","ocean_display_top_bar":"default","ocean_display_header":"default","ocean_header_style":"","ocean_center_header_left_menu":"","ocean_custom_header_template":"","ocean_custom_logo":0,"ocean_custom_retina_logo":0,"ocean_custom_logo_max_width":0,"ocean_custom_logo_tablet_max_width":0,"ocean_custom_logo_mobile_max_width":0,"ocean_custom_logo_max_height":0,"ocean_custom_logo_tablet_max_height":0,"ocean_custom_logo_mobile_max_height":0,"ocean_header_custom_menu":"","ocean_menu_typo_font_family":"","ocean_menu_typo_font_subset":"","ocean_menu_typo_font_size":0,"ocean_menu_typo_font_size_tablet":0,"ocean_menu_typo_font_size_mobile":0,"ocean_menu_typo_font_size_unit":"px","ocean_menu_typo_font_weight":"","ocean_menu_typo_font_weight_tablet":"","ocean_menu_typo_font_weight_mobile":"","ocean_menu_typo_transform":"","ocean_menu_typo_transform_tablet":"","ocean_menu_typo_transform_mobile":"","ocean_menu_typo_line_height":0,"ocean_menu_typo_line_height_tablet":0,"ocean_menu_typo_line_height_mobile":0,"ocean_menu_typo_line_height_unit":"","ocean_menu_typo_spacing":0,"ocean_menu_typo_spacing_tablet":0,"ocean_menu_typo_spacing_mobile":0,"ocean_menu_typo_spacing_unit":"","ocean_menu_link_color":"","ocean_menu_link_color_hover":"","ocean_menu_link_color_active":"","ocean_menu_link_background":"","ocean_menu_link_hover_background":"","ocean_menu_link_active_background":"","ocean_menu_social_links_bg":"","ocean_menu_social_hover_links_bg":"","ocean_menu_social_links_color":"","ocean_menu_social_hover_links_color":"","ocean_disable_title":"default","ocean_disable_heading":"default","ocean_post_title":"","ocean_post_subheading":"","ocean_post_title_style":"","ocean_post_title_background_color":"","ocean_post_title_background":0,"ocean_post_title_bg_image_position":"","ocean_post_title_bg_image_attachment":"","ocean_post_title_bg_image_repeat":"","ocean_post_title_bg_image_size":"","ocean_post_title_height":0,"ocean_post_title_bg_overlay":0.5,"ocean_post_title_bg_overlay_color":"","ocean_disable_breadcrumbs":"default","ocean_breadcrumbs_color":"","ocean_breadcrumbs_separator_color":"","ocean_breadcrumbs_links_color":"","ocean_breadcrumbs_links_hover_color":"","ocean_display_footer_widgets":"default","ocean_display_footer_bottom":"default","ocean_custom_footer_template":"","ofc_enable_fullscreen":"disable","ofc_fullscreen_speed":0,"ofc_fullscreen_nav":"enable","ofc_fullscreen_nav_pos":"right","ofc_fullscreen_nav_color":"","ofc_fullscreen_nav_tooltip_color":"","ofc_fullscreen_responsive":0,"osh_disable_topbar_sticky":"default","osh_disable_header_sticky":"default","osh_sticky_header_style":"default","osh_sticky_header_effect":"","osh_custom_sticky_logo":0,"osh_custom_retina_sticky_logo":0,"osh_custom_sticky_logo_height":0,"osh_background_color":"","osh_links_color":"","osh_links_hover_color":"","osh_links_active_color":"","osh_links_bg_color":"","osh_links_hover_bg_color":"","osh_links_active_bg_color":"","osh_menu_social_links_color":"","osh_menu_social_hover_links_color":"","footnotes":""},"class_list":["post-971","page","type-page","status-publish","hentry","entry"],"_links":{"self":[{"href":"https:\/\/www.maticsasa.com\/wps\/wp-json\/wp\/v2\/pages\/971","targetHints":{"allow":["GET"]}}],"collection":[{"href":"https:\/\/www.maticsasa.com\/wps\/wp-json\/wp\/v2\/pages"}],"about":[{"href":"https:\/\/www.maticsasa.com\/wps\/wp-json\/wp\/v2\/types\/page"}],"author":[{"embeddable":true,"href":"https:\/\/www.maticsasa.com\/wps\/wp-json\/wp\/v2\/users\/1"}],"replies":[{"embeddable":true,"href":"https:\/\/www.maticsasa.com\/wps\/wp-json\/wp\/v2\/comments?post=971"}],"version-history":[{"count":6,"href":"https:\/\/www.maticsasa.com\/wps\/wp-json\/wp\/v2\/pages\/971\/revisions"}],"predecessor-version":[{"id":2238,"href":"https:\/\/www.maticsasa.com\/wps\/wp-json\/wp\/v2\/pages\/971\/revisions\/2238"}],"wp:attachment":[{"href":"https:\/\/www.maticsasa.com\/wps\/wp-json\/wp\/v2\/media?parent=971"}],"curies":[{"name":"wp","href":"https:\/\/api.w.org\/{rel}","templated":true}]}}