{"id":972,"date":"2017-12-04T23:27:34","date_gmt":"2017-12-04T23:27:34","guid":{"rendered":"https:\/\/www.maticsasa.com\/wps\/sve-bi-ja-i-ti\/"},"modified":"2025-03-31T12:03:49","modified_gmt":"2025-03-31T10:03:49","slug":"sve-bi-ja-i-ti","status":"publish","type":"page","link":"https:\/\/www.maticsasa.com\/wps\/sve-bi-ja-i-ti\/","title":{"rendered":"Sve bi ja i ti"},"content":{"rendered":"\t\t<div data-elementor-type=\"wp-page\" data-elementor-id=\"972\" class=\"elementor elementor-972\">\n\t\t\t\t<div class=\"elementor-element elementor-element-6cd4ec1b e-flex e-con-boxed e-con e-parent\" data-id=\"6cd4ec1b\" data-element_type=\"container\" data-e-type=\"container\" data-settings=\"{&quot;background_background&quot;:&quot;classic&quot;}\">\n\t\t\t\t\t<div class=\"e-con-inner\">\n\t\t\t\t<div class=\"elementor-element elementor-element-1d6827e elementor-widget elementor-widget-video\" data-id=\"1d6827e\" data-element_type=\"widget\" data-e-type=\"widget\" data-settings=\"{&quot;youtube_url&quot;:&quot;https:\\\/\\\/www.youtube.com\\\/watch?v=2HKM7j9TVFk&quot;,&quot;video_type&quot;:&quot;youtube&quot;,&quot;controls&quot;:&quot;yes&quot;}\" data-widget_type=\"video.default\">\n\t\t\t\t<div class=\"elementor-widget-container\">\n\t\t\t\t\t\t\t<div class=\"elementor-wrapper elementor-open-inline\">\n\t\t\t<div class=\"elementor-video\"><\/div>\t\t<\/div>\n\t\t\t\t\t\t<\/div>\n\t\t\t\t<\/div>\n\t\t\t\t<div class=\"elementor-element elementor-element-05a4f7f elementor-widget elementor-widget-heading\" data-id=\"05a4f7f\" data-element_type=\"widget\" data-e-type=\"widget\" data-widget_type=\"heading.default\">\n\t\t\t\t<div class=\"elementor-widget-container\">\n\t\t\t\t\t<h2 class=\"elementor-heading-title elementor-size-default\">Sve bi ja i ti<\/h2>\t\t\t\t<\/div>\n\t\t\t\t<\/div>\n\t\t\t\t<div class=\"elementor-element elementor-element-7e559ec elementor-widget elementor-widget-text-editor\" data-id=\"7e559ec\" data-element_type=\"widget\" data-e-type=\"widget\" data-widget_type=\"text-editor.default\">\n\t\t\t\t<div class=\"elementor-widget-container\">\n\t\t\t\t\t\t\t\t\t<p>Sedimo nas \u010detvoro<br \/>pomalo je nezgodno<br \/>al\u2019 nama je sve to u redu<\/p><p>Ne zna ona, ne zna on<br \/>ko je ovde stvarno par<br \/>I da su oni samo vi\u0161ak tu\u00a0<\/p><p>Mi foliramo da lepo nam je<br \/>al\u2019 pobegli bi rado ja i ti<br \/>Da ponovimo \u0161to radili smo<br \/>a pravimo se k\u2019o da nismo<\/p><p>Ref.<\/p><p>Sve bi, sve bi ja i ti<br \/>kad nas niko ne vidi<br \/>al\u2019 no\u0107as laga\u0107emo ljude<br \/>ose\u0107anja kri\u0107emo, prijatelji bi\u0107emo<br \/>sto tajno, tajno se ljube.<\/p><p>Sve bi, sve bi ja i ti<br \/>kad nas niko ne vidi<br \/>al\u2019 no\u0107as laga\u0107emo ljude<br \/>ose\u0107anja kri\u0107emo, prijatelji bi\u0107emo<br \/>sto tajno, tajno se ljube \u00a0<\/p><p>II<\/p><p>Gledamo se, gledamo<br \/>ne damo se, ne damo<br \/>al\u2019 je ne\u0161to od nas ja\u010de<\/p><p>malo, malo fali nam<br \/>da se no\u0107as odamo.<br \/>jer opasne nas igre privla\u010de<\/p><p>Mi foliramo, da lepo nam je<br \/>a pobegli bi rado ja i ti<br \/>Da ponovimo \u0161to radili smo<br \/>a pravimo se ko da nismo.<\/p><p>Ref.<\/p><p>Sve bi, sve bi ja i ti<br \/>kad nas niko ne vidi<br \/>al\u2019 no\u0107as laga\u0107emo ljude<br \/>ose\u0107anja kri\u0107emo, prijatelji bi\u0107emo<br \/>sto tajno, tajno se ljube.<\/p><p>Sve bi, sve bi ja i ti<br \/>kad nas niko ne vidi<br \/>al\u2019 no\u0107as laga\u0107emo ljude<br \/>ose\u0107anja kri\u0107emo, prijatelji bi\u0107emo<br \/>sto tajno, tajno se ljube.<\/p><p>Music: Bojan Vasi\u0107<br \/>Lyrics: Marina Tucakovi\u0107<br \/>Arr: Bojan Vasi\u0107<\/p>\t\t\t\t\t\t\t\t<\/div>\n\t\t\t\t<\/div>\n\t\t\t\t\t<\/div>\n\t\t\t\t<\/div>\n\t\t\t\t<\/div>\n\t\t","protected":false},"excerpt":{"rendered":"<p>Sve bi ja i ti Sedimo nas \u010detvoropomalo je nezgodnoal\u2019 nama je sve to u redu Ne zna ona, ne zna onko je ovde stvarno parI da su oni samo vi\u0161ak tu\u00a0 Mi foliramo da lepo nam jeal\u2019 pobegli bi rado ja i tiDa ponovimo \u0161to radili smoa pravimo se k\u2019o da nismo Ref. Sve [&hellip;]<\/p>\n","protected":false},"author":1,"featured_media":0,"parent":0,"menu_order":14,"comment_status":"closed","ping_status":"closed","template":"","meta":{"opb_popup_content":"Popup Content","ocean_post_layout":"","ocean_both_sidebars_style":"","ocean_both_sidebars_content_width":0,"ocean_both_sidebars_sidebars_width":0,"ocean_sidebar":"","ocean_second_sidebar":"","ocean_disable_margins":"enable","ocean_add_body_class":"","ocean_shortcode_before_top_bar":"","ocean_shortcode_after_top_bar":"","ocean_shortcode_before_header":"","ocean_shortcode_after_header":"","ocean_has_shortcode":"","ocean_shortcode_after_title":"","ocean_shortcode_before_footer_widgets":"","ocean_shortcode_after_footer_widgets":"","ocean_shortcode_before_footer_bottom":"","ocean_shortcode_after_footer_bottom":"","ocean_display_top_bar":"default","ocean_display_header":"default","ocean_header_style":"","ocean_center_header_left_menu":"","ocean_custom_header_template":"","ocean_custom_logo":0,"ocean_custom_retina_logo":0,"ocean_custom_logo_max_width":0,"ocean_custom_logo_tablet_max_width":0,"ocean_custom_logo_mobile_max_width":0,"ocean_custom_logo_max_height":0,"ocean_custom_logo_tablet_max_height":0,"ocean_custom_logo_mobile_max_height":0,"ocean_header_custom_menu":"","ocean_menu_typo_font_family":"","ocean_menu_typo_font_subset":"","ocean_menu_typo_font_size":0,"ocean_menu_typo_font_size_tablet":0,"ocean_menu_typo_font_size_mobile":0,"ocean_menu_typo_font_size_unit":"px","ocean_menu_typo_font_weight":"","ocean_menu_typo_font_weight_tablet":"","ocean_menu_typo_font_weight_mobile":"","ocean_menu_typo_transform":"","ocean_menu_typo_transform_tablet":"","ocean_menu_typo_transform_mobile":"","ocean_menu_typo_line_height":0,"ocean_menu_typo_line_height_tablet":0,"ocean_menu_typo_line_height_mobile":0,"ocean_menu_typo_line_height_unit":"","ocean_menu_typo_spacing":0,"ocean_menu_typo_spacing_tablet":0,"ocean_menu_typo_spacing_mobile":0,"ocean_menu_typo_spacing_unit":"","ocean_menu_link_color":"","ocean_menu_link_color_hover":"","ocean_menu_link_color_active":"","ocean_menu_link_background":"","ocean_menu_link_hover_background":"","ocean_menu_link_active_background":"","ocean_menu_social_links_bg":"","ocean_menu_social_hover_links_bg":"","ocean_menu_social_links_color":"","ocean_menu_social_hover_links_color":"","ocean_disable_title":"default","ocean_disable_heading":"default","ocean_post_title":"","ocean_post_subheading":"","ocean_post_title_style":"","ocean_post_title_background_color":"","ocean_post_title_background":0,"ocean_post_title_bg_image_position":"","ocean_post_title_bg_image_attachment":"","ocean_post_title_bg_image_repeat":"","ocean_post_title_bg_image_size":"","ocean_post_title_height":0,"ocean_post_title_bg_overlay":0.5,"ocean_post_title_bg_overlay_color":"","ocean_disable_breadcrumbs":"default","ocean_breadcrumbs_color":"","ocean_breadcrumbs_separator_color":"","ocean_breadcrumbs_links_color":"","ocean_breadcrumbs_links_hover_color":"","ocean_display_footer_widgets":"default","ocean_display_footer_bottom":"default","ocean_custom_footer_template":"","ofc_enable_fullscreen":"disable","ofc_fullscreen_speed":0,"ofc_fullscreen_nav":"enable","ofc_fullscreen_nav_pos":"right","ofc_fullscreen_nav_color":"","ofc_fullscreen_nav_tooltip_color":"","ofc_fullscreen_responsive":0,"osh_disable_topbar_sticky":"default","osh_disable_header_sticky":"default","osh_sticky_header_style":"default","osh_sticky_header_effect":"","osh_custom_sticky_logo":0,"osh_custom_retina_sticky_logo":0,"osh_custom_sticky_logo_height":0,"osh_background_color":"","osh_links_color":"","osh_links_hover_color":"","osh_links_active_color":"","osh_links_bg_color":"","osh_links_hover_bg_color":"","osh_links_active_bg_color":"","osh_menu_social_links_color":"","osh_menu_social_hover_links_color":"","footnotes":""},"class_list":["post-972","page","type-page","status-publish","hentry","entry"],"_links":{"self":[{"href":"https:\/\/www.maticsasa.com\/wps\/wp-json\/wp\/v2\/pages\/972","targetHints":{"allow":["GET"]}}],"collection":[{"href":"https:\/\/www.maticsasa.com\/wps\/wp-json\/wp\/v2\/pages"}],"about":[{"href":"https:\/\/www.maticsasa.com\/wps\/wp-json\/wp\/v2\/types\/page"}],"author":[{"embeddable":true,"href":"https:\/\/www.maticsasa.com\/wps\/wp-json\/wp\/v2\/users\/1"}],"replies":[{"embeddable":true,"href":"https:\/\/www.maticsasa.com\/wps\/wp-json\/wp\/v2\/comments?post=972"}],"version-history":[{"count":6,"href":"https:\/\/www.maticsasa.com\/wps\/wp-json\/wp\/v2\/pages\/972\/revisions"}],"predecessor-version":[{"id":2649,"href":"https:\/\/www.maticsasa.com\/wps\/wp-json\/wp\/v2\/pages\/972\/revisions\/2649"}],"wp:attachment":[{"href":"https:\/\/www.maticsasa.com\/wps\/wp-json\/wp\/v2\/media?parent=972"}],"curies":[{"name":"wp","href":"https:\/\/api.w.org\/{rel}","templated":true}]}}