{"id":973,"date":"2017-12-04T23:29:00","date_gmt":"2017-12-04T23:29:00","guid":{"rendered":"https:\/\/www.maticsasa.com\/wps\/taksimetar\/"},"modified":"2025-03-30T16:41:38","modified_gmt":"2025-03-30T14:41:38","slug":"taksimetar","status":"publish","type":"page","link":"https:\/\/www.maticsasa.com\/wps\/taksimetar\/","title":{"rendered":"Taksimetar"},"content":{"rendered":"\t\t<div data-elementor-type=\"wp-page\" data-elementor-id=\"973\" class=\"elementor elementor-973\">\n\t\t\t\t<div class=\"elementor-element elementor-element-46a5ac12 e-flex e-con-boxed e-con e-parent\" data-id=\"46a5ac12\" data-element_type=\"container\" data-e-type=\"container\" data-settings=\"{&quot;background_background&quot;:&quot;classic&quot;}\">\n\t\t\t\t\t<div class=\"e-con-inner\">\n\t\t\t\t<div class=\"elementor-element elementor-element-039bffd elementor-widget elementor-widget-video\" data-id=\"039bffd\" data-element_type=\"widget\" data-e-type=\"widget\" data-settings=\"{&quot;youtube_url&quot;:&quot;https:\\\/\\\/www.youtube.com\\\/watch?v=sf-jX4Bwo4M&quot;,&quot;video_type&quot;:&quot;youtube&quot;,&quot;controls&quot;:&quot;yes&quot;}\" data-widget_type=\"video.default\">\n\t\t\t\t<div class=\"elementor-widget-container\">\n\t\t\t\t\t\t\t<div class=\"elementor-wrapper elementor-open-inline\">\n\t\t\t<div class=\"elementor-video\"><\/div>\t\t<\/div>\n\t\t\t\t\t\t<\/div>\n\t\t\t\t<\/div>\n\t\t\t\t<div class=\"elementor-element elementor-element-c0491fd elementor-widget elementor-widget-heading\" data-id=\"c0491fd\" data-element_type=\"widget\" data-e-type=\"widget\" data-widget_type=\"heading.default\">\n\t\t\t\t<div class=\"elementor-widget-container\">\n\t\t\t\t\t<h2 class=\"elementor-heading-title elementor-size-default\">Taksimetar<\/h2>\t\t\t\t<\/div>\n\t\t\t\t<\/div>\n\t\t\t\t<div class=\"elementor-element elementor-element-d183a42 elementor-widget elementor-widget-text-editor\" data-id=\"d183a42\" data-element_type=\"widget\" data-e-type=\"widget\" data-widget_type=\"text-editor.default\">\n\t\t\t\t<div class=\"elementor-widget-container\">\n\t\t\t\t\t\t\t\t\t<p>Uklju\u010di taksimetar, dru\u017ee<br \/>i samo kreni, nije va\u017eno gde<br \/>kad vozi\u0161 nekog bez adrese<br \/>kilometer svaki, duplo pla\u0107a se<\/p><p>I nije va\u017eno moje ime<br \/>pre\u0107uti svako pitanje<br \/>samo dovezi me do cilja<br \/>u tvoje novo svitanje<\/p><p>Ukljuci taksimetar, dru\u017ee<br \/>ma, neka kuca, samo slu\u0161aj me<br \/>nekad je \u010dovek pored tebe<br \/>bio sre\u0107an, imao sam sve<\/p><p>A onda otkrio sam vraga, prodao du\u0161u<br \/>k\u2019o da treba mi za lek<br \/>gledao sre\u0107u preko praga<br \/>kako odlazi zauvek<\/p><p>Ref.<\/p><p>Iz no\u0107i u no\u0107, iz dana u dan<br \/>ja ne \u017eivim \u017eivot vi\u0161e<br \/>samo pre\u017eivljavam<\/p><p>Ne podnosim tu ti\u0161inu<br \/>u praznom stanu<br \/>bez nje svi moji putevi<br \/>vode pravo u kafanu<\/p><p>II<\/p><p>Uklju\u010di taksimetar, dru\u017ee<br \/>ma, neka kuca, samo slu\u0161aj me<br \/>nekad je \u010dovek pored tebe<br \/>bio sre\u0107an, imao sam sve<\/p><p>A onda otkrio sam vraga, prodao du\u0161u<br \/>k\u2019o da treba mi za lek<br \/>gledao sre\u0107u preko praga<br \/>kako odlazi zauvek<\/p><p>Ref.<\/p><p>Iz no\u0107i u no\u0107, iz dana u dan<br \/>ja ne \u017eivim \u017eivot vi\u0161e<br \/>samo pre\u017eivljavam<\/p><p>Ne podnosim tu ti\u0161inu<br \/>u praznom stanu<br \/>bez nje svi moji putevi<br \/>vode pravo u kafanu<\/p><p>Music: Sa\u0161a Milo\u0161evi\u0107 Mare<br \/>Lyrics: Sa\u0161a Milo\u0161evi\u0107 Mare \u00a0<br \/>Arr: Sa\u0161a Milo\u0161evi\u0107 Mare<\/p>\t\t\t\t\t\t\t\t<\/div>\n\t\t\t\t<\/div>\n\t\t\t\t\t<\/div>\n\t\t\t\t<\/div>\n\t\t\t\t<\/div>\n\t\t","protected":false},"excerpt":{"rendered":"<p>Taksimetar Uklju\u010di taksimetar, dru\u017eei samo kreni, nije va\u017eno gdekad vozi\u0161 nekog bez adresekilometer svaki, duplo pla\u0107a se I nije va\u017eno moje imepre\u0107uti svako pitanjesamo dovezi me do ciljau tvoje novo svitanje Ukljuci taksimetar, dru\u017eema, neka kuca, samo slu\u0161aj menekad je \u010dovek pored tebebio sre\u0107an, imao sam sve A onda otkrio sam vraga, prodao du\u0161uk\u2019o da [&hellip;]<\/p>\n","protected":false},"author":1,"featured_media":0,"parent":0,"menu_order":13,"comment_status":"closed","ping_status":"closed","template":"","meta":{"opb_popup_content":"Popup Content","ocean_post_layout":"","ocean_both_sidebars_style":"","ocean_both_sidebars_content_width":0,"ocean_both_sidebars_sidebars_width":0,"ocean_sidebar":"","ocean_second_sidebar":"","ocean_disable_margins":"enable","ocean_add_body_class":"","ocean_shortcode_before_top_bar":"","ocean_shortcode_after_top_bar":"","ocean_shortcode_before_header":"","ocean_shortcode_after_header":"","ocean_has_shortcode":"","ocean_shortcode_after_title":"","ocean_shortcode_before_footer_widgets":"","ocean_shortcode_after_footer_widgets":"","ocean_shortcode_before_footer_bottom":"","ocean_shortcode_after_footer_bottom":"","ocean_display_top_bar":"default","ocean_display_header":"default","ocean_header_style":"","ocean_center_header_left_menu":"","ocean_custom_header_template":"","ocean_custom_logo":0,"ocean_custom_retina_logo":0,"ocean_custom_logo_max_width":0,"ocean_custom_logo_tablet_max_width":0,"ocean_custom_logo_mobile_max_width":0,"ocean_custom_logo_max_height":0,"ocean_custom_logo_tablet_max_height":0,"ocean_custom_logo_mobile_max_height":0,"ocean_header_custom_menu":"","ocean_menu_typo_font_family":"","ocean_menu_typo_font_subset":"","ocean_menu_typo_font_size":0,"ocean_menu_typo_font_size_tablet":0,"ocean_menu_typo_font_size_mobile":0,"ocean_menu_typo_font_size_unit":"px","ocean_menu_typo_font_weight":"","ocean_menu_typo_font_weight_tablet":"","ocean_menu_typo_font_weight_mobile":"","ocean_menu_typo_transform":"","ocean_menu_typo_transform_tablet":"","ocean_menu_typo_transform_mobile":"","ocean_menu_typo_line_height":0,"ocean_menu_typo_line_height_tablet":0,"ocean_menu_typo_line_height_mobile":0,"ocean_menu_typo_line_height_unit":"","ocean_menu_typo_spacing":0,"ocean_menu_typo_spacing_tablet":0,"ocean_menu_typo_spacing_mobile":0,"ocean_menu_typo_spacing_unit":"","ocean_menu_link_color":"","ocean_menu_link_color_hover":"","ocean_menu_link_color_active":"","ocean_menu_link_background":"","ocean_menu_link_hover_background":"","ocean_menu_link_active_background":"","ocean_menu_social_links_bg":"","ocean_menu_social_hover_links_bg":"","ocean_menu_social_links_color":"","ocean_menu_social_hover_links_color":"","ocean_disable_title":"default","ocean_disable_heading":"default","ocean_post_title":"","ocean_post_subheading":"","ocean_post_title_style":"","ocean_post_title_background_color":"","ocean_post_title_background":0,"ocean_post_title_bg_image_position":"","ocean_post_title_bg_image_attachment":"","ocean_post_title_bg_image_repeat":"","ocean_post_title_bg_image_size":"","ocean_post_title_height":0,"ocean_post_title_bg_overlay":0.5,"ocean_post_title_bg_overlay_color":"","ocean_disable_breadcrumbs":"default","ocean_breadcrumbs_color":"","ocean_breadcrumbs_separator_color":"","ocean_breadcrumbs_links_color":"","ocean_breadcrumbs_links_hover_color":"","ocean_display_footer_widgets":"default","ocean_display_footer_bottom":"default","ocean_custom_footer_template":"","ofc_enable_fullscreen":"disable","ofc_fullscreen_speed":0,"ofc_fullscreen_nav":"enable","ofc_fullscreen_nav_pos":"right","ofc_fullscreen_nav_color":"","ofc_fullscreen_nav_tooltip_color":"","ofc_fullscreen_responsive":0,"osh_disable_topbar_sticky":"default","osh_disable_header_sticky":"default","osh_sticky_header_style":"default","osh_sticky_header_effect":"","osh_custom_sticky_logo":0,"osh_custom_retina_sticky_logo":0,"osh_custom_sticky_logo_height":0,"osh_background_color":"","osh_links_color":"","osh_links_hover_color":"","osh_links_active_color":"","osh_links_bg_color":"","osh_links_hover_bg_color":"","osh_links_active_bg_color":"","osh_menu_social_links_color":"","osh_menu_social_hover_links_color":"","footnotes":""},"class_list":["post-973","page","type-page","status-publish","hentry","entry"],"_links":{"self":[{"href":"https:\/\/www.maticsasa.com\/wps\/wp-json\/wp\/v2\/pages\/973","targetHints":{"allow":["GET"]}}],"collection":[{"href":"https:\/\/www.maticsasa.com\/wps\/wp-json\/wp\/v2\/pages"}],"about":[{"href":"https:\/\/www.maticsasa.com\/wps\/wp-json\/wp\/v2\/types\/page"}],"author":[{"embeddable":true,"href":"https:\/\/www.maticsasa.com\/wps\/wp-json\/wp\/v2\/users\/1"}],"replies":[{"embeddable":true,"href":"https:\/\/www.maticsasa.com\/wps\/wp-json\/wp\/v2\/comments?post=973"}],"version-history":[{"count":3,"href":"https:\/\/www.maticsasa.com\/wps\/wp-json\/wp\/v2\/pages\/973\/revisions"}],"predecessor-version":[{"id":2229,"href":"https:\/\/www.maticsasa.com\/wps\/wp-json\/wp\/v2\/pages\/973\/revisions\/2229"}],"wp:attachment":[{"href":"https:\/\/www.maticsasa.com\/wps\/wp-json\/wp\/v2\/media?parent=973"}],"curies":[{"name":"wp","href":"https:\/\/api.w.org\/{rel}","templated":true}]}}