{"id":974,"date":"2017-12-04T23:30:50","date_gmt":"2017-12-04T23:30:50","guid":{"rendered":"https:\/\/www.maticsasa.com\/wps\/dok-po-mom-srcu-gazis\/"},"modified":"2025-03-30T16:39:25","modified_gmt":"2025-03-30T14:39:25","slug":"dok-po-mom-srcu-gazis","status":"publish","type":"page","link":"https:\/\/www.maticsasa.com\/wps\/dok-po-mom-srcu-gazis\/","title":{"rendered":"Dok po mom srcu gazi\u0161"},"content":{"rendered":"\t\t<div data-elementor-type=\"wp-page\" data-elementor-id=\"974\" class=\"elementor elementor-974\">\n\t\t\t\t<div class=\"elementor-element elementor-element-125fadb1 e-flex e-con-boxed e-con e-parent\" data-id=\"125fadb1\" data-element_type=\"container\" data-e-type=\"container\" data-settings=\"{&quot;background_background&quot;:&quot;classic&quot;}\">\n\t\t\t\t\t<div class=\"e-con-inner\">\n\t\t\t\t<div class=\"elementor-element elementor-element-92f80c5 elementor-widget elementor-widget-video\" data-id=\"92f80c5\" data-element_type=\"widget\" data-e-type=\"widget\" data-settings=\"{&quot;youtube_url&quot;:&quot;https:\\\/\\\/www.youtube.com\\\/watch?v=QBOmNG4_xcQ&quot;,&quot;video_type&quot;:&quot;youtube&quot;,&quot;controls&quot;:&quot;yes&quot;}\" data-widget_type=\"video.default\">\n\t\t\t\t<div class=\"elementor-widget-container\">\n\t\t\t\t\t\t\t<div class=\"elementor-wrapper elementor-open-inline\">\n\t\t\t<div class=\"elementor-video\"><\/div>\t\t<\/div>\n\t\t\t\t\t\t<\/div>\n\t\t\t\t<\/div>\n\t\t\t\t<div class=\"elementor-element elementor-element-8e4fd89 elementor-widget elementor-widget-heading\" data-id=\"8e4fd89\" data-element_type=\"widget\" data-e-type=\"widget\" data-widget_type=\"heading.default\">\n\t\t\t\t<div class=\"elementor-widget-container\">\n\t\t\t\t\t<h2 class=\"elementor-heading-title elementor-size-default\">Dok po mom srcu gazi\u0161<\/h2>\t\t\t\t<\/div>\n\t\t\t\t<\/div>\n\t\t\t\t<div class=\"elementor-element elementor-element-ba436d4 elementor-widget elementor-widget-text-editor\" data-id=\"ba436d4\" data-element_type=\"widget\" data-e-type=\"widget\" data-widget_type=\"text-editor.default\">\n\t\t\t\t<div class=\"elementor-widget-container\">\n\t\t\t\t\t\t\t\t\t<p>Ti sprema\u0161 se ve\u010deras<br \/>i ne pita\u0161 me<br \/>dal\u2019 mo\u017ee\u0161, dal\u2019 te pu\u0161tam<br \/>i kako mi je<\/p><p>Izvini dragi, \u017euri mi se<br \/>opet kasnim<br \/>ma, bi\u0107e bolje, bi\u0107e bolje<br \/>sad da zaspim<\/p><p>Znam da \u0107es biti lepa<br \/>jer \u010demu taj trud<br \/>Zvuk klju\u010deva me boli<br \/>al\u2019 pravim se lud<br \/>Preko moga tela idi,<br \/>ima \u0161ta i da se vidi<br \/>Idi, nek\u2019 mu se svidi\u2026<\/p><p>Ref.<\/p><p>Hajde, hajde skini bar cipele te<br \/>dok po mom srcu gazi\u0161, ne budi me<br \/>kad obzira ve\u0107 nema\u0161, kad ve\u0107 ide\u0161 njemu<br \/>makar bosa gazi po ljubavi i svemu<\/p><p>II<\/p><p>Ti, kao da me nema<br \/>doteruje\u0161 se<br \/>ja samo bih da spavam<br \/>al\u2019 trgne me sve<br \/>Toliko buke kao da se ovde<br \/>ljubav vodi<br \/>ja sanjam tebe, a ti sanja\u0161<br \/>o slobodi<\/p><p>Znam da \u0107es biti lepa<br \/>jer \u010demu taj trud<br \/>zvuk klju\u010deva me boli<br \/>al\u2019 pravim se lud<br \/>Preko moga tela idi<br \/>ima \u0161ta i da se vidi<br \/>Idi, nek\u2019 mu se svidi\u2026<\/p><p>Ref.<\/p><p>Hajde, hajde skini bar cipele te<br \/>dok po mom srcu gazi\u0161, ne budi me<br \/>kad obzira ve\u0107 nema\u0161, kad ve\u0107 ide\u0161 njemu<br \/>makar bosa gazi po ljubavi i svemu<\/p><p>Music: Damir Handanovi\u0107 \u00a0<br \/>Lyrics: Marina Tucakovi\u0107 \u00a0<br \/>Arr: Damir Handanovi\u0107<\/p>\t\t\t\t\t\t\t\t<\/div>\n\t\t\t\t<\/div>\n\t\t\t\t\t<\/div>\n\t\t\t\t<\/div>\n\t\t\t\t<\/div>\n\t\t","protected":false},"excerpt":{"rendered":"<p>Dok po mom srcu gazi\u0161 Ti sprema\u0161 se ve\u010derasi ne pita\u0161 medal\u2019 mo\u017ee\u0161, dal\u2019 te pu\u0161tami kako mi je Izvini dragi, \u017euri mi seopet kasnimma, bi\u0107e bolje, bi\u0107e boljesad da zaspim Znam da \u0107es biti lepajer \u010demu taj trudZvuk klju\u010deva me bolial\u2019 pravim se ludPreko moga tela idi,ima \u0161ta i da se vidiIdi, nek\u2019 mu [&hellip;]<\/p>\n","protected":false},"author":1,"featured_media":0,"parent":0,"menu_order":12,"comment_status":"closed","ping_status":"closed","template":"","meta":{"opb_popup_content":"Popup Content","ocean_post_layout":"","ocean_both_sidebars_style":"","ocean_both_sidebars_content_width":0,"ocean_both_sidebars_sidebars_width":0,"ocean_sidebar":"","ocean_second_sidebar":"","ocean_disable_margins":"enable","ocean_add_body_class":"","ocean_shortcode_before_top_bar":"","ocean_shortcode_after_top_bar":"","ocean_shortcode_before_header":"","ocean_shortcode_after_header":"","ocean_has_shortcode":"","ocean_shortcode_after_title":"","ocean_shortcode_before_footer_widgets":"","ocean_shortcode_after_footer_widgets":"","ocean_shortcode_before_footer_bottom":"","ocean_shortcode_after_footer_bottom":"","ocean_display_top_bar":"default","ocean_display_header":"default","ocean_header_style":"","ocean_center_header_left_menu":"","ocean_custom_header_template":"","ocean_custom_logo":0,"ocean_custom_retina_logo":0,"ocean_custom_logo_max_width":0,"ocean_custom_logo_tablet_max_width":0,"ocean_custom_logo_mobile_max_width":0,"ocean_custom_logo_max_height":0,"ocean_custom_logo_tablet_max_height":0,"ocean_custom_logo_mobile_max_height":0,"ocean_header_custom_menu":"","ocean_menu_typo_font_family":"","ocean_menu_typo_font_subset":"","ocean_menu_typo_font_size":0,"ocean_menu_typo_font_size_tablet":0,"ocean_menu_typo_font_size_mobile":0,"ocean_menu_typo_font_size_unit":"px","ocean_menu_typo_font_weight":"","ocean_menu_typo_font_weight_tablet":"","ocean_menu_typo_font_weight_mobile":"","ocean_menu_typo_transform":"","ocean_menu_typo_transform_tablet":"","ocean_menu_typo_transform_mobile":"","ocean_menu_typo_line_height":0,"ocean_menu_typo_line_height_tablet":0,"ocean_menu_typo_line_height_mobile":0,"ocean_menu_typo_line_height_unit":"","ocean_menu_typo_spacing":0,"ocean_menu_typo_spacing_tablet":0,"ocean_menu_typo_spacing_mobile":0,"ocean_menu_typo_spacing_unit":"","ocean_menu_link_color":"","ocean_menu_link_color_hover":"","ocean_menu_link_color_active":"","ocean_menu_link_background":"","ocean_menu_link_hover_background":"","ocean_menu_link_active_background":"","ocean_menu_social_links_bg":"","ocean_menu_social_hover_links_bg":"","ocean_menu_social_links_color":"","ocean_menu_social_hover_links_color":"","ocean_disable_title":"default","ocean_disable_heading":"default","ocean_post_title":"","ocean_post_subheading":"","ocean_post_title_style":"","ocean_post_title_background_color":"","ocean_post_title_background":0,"ocean_post_title_bg_image_position":"","ocean_post_title_bg_image_attachment":"","ocean_post_title_bg_image_repeat":"","ocean_post_title_bg_image_size":"","ocean_post_title_height":0,"ocean_post_title_bg_overlay":0.5,"ocean_post_title_bg_overlay_color":"","ocean_disable_breadcrumbs":"default","ocean_breadcrumbs_color":"","ocean_breadcrumbs_separator_color":"","ocean_breadcrumbs_links_color":"","ocean_breadcrumbs_links_hover_color":"","ocean_display_footer_widgets":"default","ocean_display_footer_bottom":"default","ocean_custom_footer_template":"","ofc_enable_fullscreen":"disable","ofc_fullscreen_speed":0,"ofc_fullscreen_nav":"enable","ofc_fullscreen_nav_pos":"right","ofc_fullscreen_nav_color":"","ofc_fullscreen_nav_tooltip_color":"","ofc_fullscreen_responsive":0,"osh_disable_topbar_sticky":"default","osh_disable_header_sticky":"default","osh_sticky_header_style":"default","osh_sticky_header_effect":"","osh_custom_sticky_logo":0,"osh_custom_retina_sticky_logo":0,"osh_custom_sticky_logo_height":0,"osh_background_color":"","osh_links_color":"","osh_links_hover_color":"","osh_links_active_color":"","osh_links_bg_color":"","osh_links_hover_bg_color":"","osh_links_active_bg_color":"","osh_menu_social_links_color":"","osh_menu_social_hover_links_color":"","footnotes":""},"class_list":["post-974","page","type-page","status-publish","hentry","entry"],"_links":{"self":[{"href":"https:\/\/www.maticsasa.com\/wps\/wp-json\/wp\/v2\/pages\/974","targetHints":{"allow":["GET"]}}],"collection":[{"href":"https:\/\/www.maticsasa.com\/wps\/wp-json\/wp\/v2\/pages"}],"about":[{"href":"https:\/\/www.maticsasa.com\/wps\/wp-json\/wp\/v2\/types\/page"}],"author":[{"embeddable":true,"href":"https:\/\/www.maticsasa.com\/wps\/wp-json\/wp\/v2\/users\/1"}],"replies":[{"embeddable":true,"href":"https:\/\/www.maticsasa.com\/wps\/wp-json\/wp\/v2\/comments?post=974"}],"version-history":[{"count":3,"href":"https:\/\/www.maticsasa.com\/wps\/wp-json\/wp\/v2\/pages\/974\/revisions"}],"predecessor-version":[{"id":2226,"href":"https:\/\/www.maticsasa.com\/wps\/wp-json\/wp\/v2\/pages\/974\/revisions\/2226"}],"wp:attachment":[{"href":"https:\/\/www.maticsasa.com\/wps\/wp-json\/wp\/v2\/media?parent=974"}],"curies":[{"name":"wp","href":"https:\/\/api.w.org\/{rel}","templated":true}]}}