{"id":975,"date":"2017-12-04T23:32:30","date_gmt":"2017-12-04T23:32:30","guid":{"rendered":"https:\/\/www.maticsasa.com\/wps\/prejako\/"},"modified":"2025-03-30T16:37:13","modified_gmt":"2025-03-30T14:37:13","slug":"prejako","status":"publish","type":"page","link":"https:\/\/www.maticsasa.com\/wps\/prejako\/","title":{"rendered":"Prejako"},"content":{"rendered":"\t\t<div data-elementor-type=\"wp-page\" data-elementor-id=\"975\" class=\"elementor elementor-975\">\n\t\t\t\t<div class=\"elementor-element elementor-element-31a6487c e-flex e-con-boxed e-con e-parent\" data-id=\"31a6487c\" data-element_type=\"container\" data-e-type=\"container\" data-settings=\"{&quot;background_background&quot;:&quot;classic&quot;}\">\n\t\t\t\t\t<div class=\"e-con-inner\">\n\t\t\t\t<div class=\"elementor-element elementor-element-1549358 elementor-widget elementor-widget-video\" data-id=\"1549358\" data-element_type=\"widget\" data-e-type=\"widget\" data-settings=\"{&quot;youtube_url&quot;:&quot;https:\\\/\\\/www.youtube.com\\\/watch?v=-wLD1TJg-VI&quot;,&quot;video_type&quot;:&quot;youtube&quot;,&quot;controls&quot;:&quot;yes&quot;}\" data-widget_type=\"video.default\">\n\t\t\t\t<div class=\"elementor-widget-container\">\n\t\t\t\t\t\t\t<div class=\"elementor-wrapper elementor-open-inline\">\n\t\t\t<div class=\"elementor-video\"><\/div>\t\t<\/div>\n\t\t\t\t\t\t<\/div>\n\t\t\t\t<\/div>\n\t\t\t\t<div class=\"elementor-element elementor-element-2c1b9f2 elementor-widget elementor-widget-heading\" data-id=\"2c1b9f2\" data-element_type=\"widget\" data-e-type=\"widget\" data-widget_type=\"heading.default\">\n\t\t\t\t<div class=\"elementor-widget-container\">\n\t\t\t\t\t<h2 class=\"elementor-heading-title elementor-size-default\">Prejako<\/h2>\t\t\t\t<\/div>\n\t\t\t\t<\/div>\n\t\t\t\t<div class=\"elementor-element elementor-element-bd57907 elementor-widget elementor-widget-text-editor\" data-id=\"bd57907\" data-element_type=\"widget\" data-e-type=\"widget\" data-widget_type=\"text-editor.default\">\n\t\t\t\t<div class=\"elementor-widget-container\">\n\t\t\t\t\t\t\t\t\t<p>Ja sam kriv<br \/>al\u2019 ko bi me za to osudio<br \/>\u0161to nisam bio u pravu<br \/>da sam na\u0161ao pravu<br \/>a ipak se zaljubio<\/p><p>Ja sam kriv<br \/>\u0161to sudbini mi se ne opire<br \/>\u0161to ovaj \u017eivot u meni<br \/>kao \u010damac na steni<br \/>svake no\u0107i umire<\/p><p>A ti si spremna na sve<br \/>Kad god sam nespreman ja<\/p><p>I da me prevari\u0161,<br \/>povredi\u0161 i ubedi\u0161<br \/>da si uvek nevina<\/p><p>Ref.<\/p><p>Prejako je ovo vino<br \/>prejake su re\u010di<br \/>meni ove no\u0107i sve je prejako<br \/>Te tvoje o\u010di, parfem, tvoje usne<br \/>za ovo moje srce nejako<\/p><p>Prejako me opet boli\u0161,<br \/>prejako te volim<br \/>Meni ove no\u0107i sve je prejako<br \/>Na tebe slab sam,<br \/>pu\u0161tam te i pra\u0161tam<br \/>\u010dovek na mestu sam<br \/>a ti si \u017eena zlo<\/p><p>II<\/p><p>Ja sam kriv<br \/>\u0161to nisam onu no\u0107 produ\u017eio<br \/>\u0161to sam pao na ljubav<br \/>i na najdu\u017eu kaznu<br \/>sebe sam osudio<\/p><p>Ja sam kriv<br \/>\u0161to sudbini mi se ne opire \u00a0<br \/>\u0161to ovaj \u017eivot u meni<br \/>kao \u010damac na steni<br \/>svake no\u0107i umire<\/p><p>A ti si spremna na sve<br \/>Kad god sam nespreman ja<\/p><p>I da me prevari\u0161,<br \/>povredi\u0161 i ubedi\u0161<br \/>da si uvek nevina<\/p><p>Ref:<\/p><p>Prejako je ovo vino<br \/>prejake su re\u010di<br \/>meni ove no\u0107i sve je prejako<br \/>Te tvoje o\u010di, parfem, tvoje usne<br \/>za ovo moje srce nejako<\/p><p>Prejako me opet boli\u0161,<br \/>prejako te volim<br \/>Meni ove no\u0107i sve je prejako<br \/>Na tebe slab sam,<br \/>pu\u0161tam te i pra\u0161tam<br \/>\u010dovek na mestu sam<br \/>a ti si \u017eena zlo.<\/p><p>Music: Bojan Vasi\u0107<br \/>Lyrics: Marina Tucakovi\u0107 \u00a0<br \/>Arr: Bojan Vasi\u0107<\/p>\t\t\t\t\t\t\t\t<\/div>\n\t\t\t\t<\/div>\n\t\t\t\t\t<\/div>\n\t\t\t\t<\/div>\n\t\t\t\t<\/div>\n\t\t","protected":false},"excerpt":{"rendered":"<p>Prejako Ja sam krival\u2019 ko bi me za to osudio\u0161to nisam bio u pravuda sam na\u0161ao pravua ipak se zaljubio Ja sam kriv\u0161to sudbini mi se ne opire\u0161to ovaj \u017eivot u menikao \u010damac na stenisvake no\u0107i umire A ti si spremna na sveKad god sam nespreman ja I da me prevari\u0161,povredi\u0161 i ubedi\u0161da si uvek [&hellip;]<\/p>\n","protected":false},"author":1,"featured_media":0,"parent":0,"menu_order":11,"comment_status":"closed","ping_status":"closed","template":"","meta":{"opb_popup_content":"Popup Content","ocean_post_layout":"","ocean_both_sidebars_style":"","ocean_both_sidebars_content_width":0,"ocean_both_sidebars_sidebars_width":0,"ocean_sidebar":"","ocean_second_sidebar":"","ocean_disable_margins":"enable","ocean_add_body_class":"","ocean_shortcode_before_top_bar":"","ocean_shortcode_after_top_bar":"","ocean_shortcode_before_header":"","ocean_shortcode_after_header":"","ocean_has_shortcode":"","ocean_shortcode_after_title":"","ocean_shortcode_before_footer_widgets":"","ocean_shortcode_after_footer_widgets":"","ocean_shortcode_before_footer_bottom":"","ocean_shortcode_after_footer_bottom":"","ocean_display_top_bar":"default","ocean_display_header":"default","ocean_header_style":"","ocean_center_header_left_menu":"","ocean_custom_header_template":"","ocean_custom_logo":0,"ocean_custom_retina_logo":0,"ocean_custom_logo_max_width":0,"ocean_custom_logo_tablet_max_width":0,"ocean_custom_logo_mobile_max_width":0,"ocean_custom_logo_max_height":0,"ocean_custom_logo_tablet_max_height":0,"ocean_custom_logo_mobile_max_height":0,"ocean_header_custom_menu":"","ocean_menu_typo_font_family":"","ocean_menu_typo_font_subset":"","ocean_menu_typo_font_size":0,"ocean_menu_typo_font_size_tablet":0,"ocean_menu_typo_font_size_mobile":0,"ocean_menu_typo_font_size_unit":"px","ocean_menu_typo_font_weight":"","ocean_menu_typo_font_weight_tablet":"","ocean_menu_typo_font_weight_mobile":"","ocean_menu_typo_transform":"","ocean_menu_typo_transform_tablet":"","ocean_menu_typo_transform_mobile":"","ocean_menu_typo_line_height":0,"ocean_menu_typo_line_height_tablet":0,"ocean_menu_typo_line_height_mobile":0,"ocean_menu_typo_line_height_unit":"","ocean_menu_typo_spacing":0,"ocean_menu_typo_spacing_tablet":0,"ocean_menu_typo_spacing_mobile":0,"ocean_menu_typo_spacing_unit":"","ocean_menu_link_color":"","ocean_menu_link_color_hover":"","ocean_menu_link_color_active":"","ocean_menu_link_background":"","ocean_menu_link_hover_background":"","ocean_menu_link_active_background":"","ocean_menu_social_links_bg":"","ocean_menu_social_hover_links_bg":"","ocean_menu_social_links_color":"","ocean_menu_social_hover_links_color":"","ocean_disable_title":"default","ocean_disable_heading":"default","ocean_post_title":"","ocean_post_subheading":"","ocean_post_title_style":"","ocean_post_title_background_color":"","ocean_post_title_background":0,"ocean_post_title_bg_image_position":"","ocean_post_title_bg_image_attachment":"","ocean_post_title_bg_image_repeat":"","ocean_post_title_bg_image_size":"","ocean_post_title_height":0,"ocean_post_title_bg_overlay":0.5,"ocean_post_title_bg_overlay_color":"","ocean_disable_breadcrumbs":"default","ocean_breadcrumbs_color":"","ocean_breadcrumbs_separator_color":"","ocean_breadcrumbs_links_color":"","ocean_breadcrumbs_links_hover_color":"","ocean_display_footer_widgets":"default","ocean_display_footer_bottom":"default","ocean_custom_footer_template":"","ofc_enable_fullscreen":"disable","ofc_fullscreen_speed":0,"ofc_fullscreen_nav":"enable","ofc_fullscreen_nav_pos":"right","ofc_fullscreen_nav_color":"","ofc_fullscreen_nav_tooltip_color":"","ofc_fullscreen_responsive":0,"osh_disable_topbar_sticky":"default","osh_disable_header_sticky":"default","osh_sticky_header_style":"default","osh_sticky_header_effect":"","osh_custom_sticky_logo":0,"osh_custom_retina_sticky_logo":0,"osh_custom_sticky_logo_height":0,"osh_background_color":"","osh_links_color":"","osh_links_hover_color":"","osh_links_active_color":"","osh_links_bg_color":"","osh_links_hover_bg_color":"","osh_links_active_bg_color":"","osh_menu_social_links_color":"","osh_menu_social_hover_links_color":"","footnotes":""},"class_list":["post-975","page","type-page","status-publish","hentry","entry"],"_links":{"self":[{"href":"https:\/\/www.maticsasa.com\/wps\/wp-json\/wp\/v2\/pages\/975","targetHints":{"allow":["GET"]}}],"collection":[{"href":"https:\/\/www.maticsasa.com\/wps\/wp-json\/wp\/v2\/pages"}],"about":[{"href":"https:\/\/www.maticsasa.com\/wps\/wp-json\/wp\/v2\/types\/page"}],"author":[{"embeddable":true,"href":"https:\/\/www.maticsasa.com\/wps\/wp-json\/wp\/v2\/users\/1"}],"replies":[{"embeddable":true,"href":"https:\/\/www.maticsasa.com\/wps\/wp-json\/wp\/v2\/comments?post=975"}],"version-history":[{"count":3,"href":"https:\/\/www.maticsasa.com\/wps\/wp-json\/wp\/v2\/pages\/975\/revisions"}],"predecessor-version":[{"id":2223,"href":"https:\/\/www.maticsasa.com\/wps\/wp-json\/wp\/v2\/pages\/975\/revisions\/2223"}],"wp:attachment":[{"href":"https:\/\/www.maticsasa.com\/wps\/wp-json\/wp\/v2\/media?parent=975"}],"curies":[{"name":"wp","href":"https:\/\/api.w.org\/{rel}","templated":true}]}}