{"id":976,"date":"2017-12-04T23:34:01","date_gmt":"2017-12-04T23:34:01","guid":{"rendered":"https:\/\/www.maticsasa.com\/wps\/logicno\/"},"modified":"2025-03-30T16:34:42","modified_gmt":"2025-03-30T14:34:42","slug":"logicno","status":"publish","type":"page","link":"https:\/\/www.maticsasa.com\/wps\/logicno\/","title":{"rendered":"Logi\u010dno"},"content":{"rendered":"\t\t<div data-elementor-type=\"wp-page\" data-elementor-id=\"976\" class=\"elementor elementor-976\">\n\t\t\t\t<div class=\"elementor-element elementor-element-76f2243a e-flex e-con-boxed e-con e-parent\" data-id=\"76f2243a\" data-element_type=\"container\" data-e-type=\"container\" data-settings=\"{&quot;background_background&quot;:&quot;classic&quot;}\">\n\t\t\t\t\t<div class=\"e-con-inner\">\n\t\t\t\t<div class=\"elementor-element elementor-element-8c0db81 elementor-widget elementor-widget-video\" data-id=\"8c0db81\" data-element_type=\"widget\" data-e-type=\"widget\" data-settings=\"{&quot;youtube_url&quot;:&quot;https:\\\/\\\/www.youtube.com\\\/watch?v=6Wye4kFsJ4I&quot;,&quot;video_type&quot;:&quot;youtube&quot;,&quot;controls&quot;:&quot;yes&quot;}\" data-widget_type=\"video.default\">\n\t\t\t\t<div class=\"elementor-widget-container\">\n\t\t\t\t\t\t\t<div class=\"elementor-wrapper elementor-open-inline\">\n\t\t\t<div class=\"elementor-video\"><\/div>\t\t<\/div>\n\t\t\t\t\t\t<\/div>\n\t\t\t\t<\/div>\n\t\t\t\t<div class=\"elementor-element elementor-element-11ee0d1 elementor-widget elementor-widget-heading\" data-id=\"11ee0d1\" data-element_type=\"widget\" data-e-type=\"widget\" data-widget_type=\"heading.default\">\n\t\t\t\t<div class=\"elementor-widget-container\">\n\t\t\t\t\t<h2 class=\"elementor-heading-title elementor-size-default\">Logi\u010dno<\/h2>\t\t\t\t<\/div>\n\t\t\t\t<\/div>\n\t\t\t\t<div class=\"elementor-element elementor-element-1cef350 elementor-widget elementor-widget-text-editor\" data-id=\"1cef350\" data-element_type=\"widget\" data-e-type=\"widget\" data-widget_type=\"text-editor.default\">\n\t\t\t\t<div class=\"elementor-widget-container\">\n\t\t\t\t\t\t\t\t\t<p>Ulazim ovde nenajavljen<br \/>za mene isti sto<br \/>vaku no\u0107 je ostavljen<br \/>Dodjem sam<br \/>i ku\u0107i sam vracam se<br \/>tako je od kada sam onda<br \/>ostao bez nje<\/p><p>Ne dam se,<br \/>ta karma je od zlata<br \/>i kad sam nesre\u0107an<br \/>sre\u0107an sam iz inata<\/p><p>Ref<\/p><p>No\u0107as pijem \u0161to i obi\u010dno<br \/>i u ke\u0161u pla\u0107am, logi\u010dno<br \/>kod mene odli\u010dno je, nek\u2019 svi vide<\/p><p>Druga pa\u0161\u0107e mi u zagrljaj<br \/>novi je po\u010detak svaki kraj<br \/>neka joj ka\u017eu da mi sve<br \/>i bez nje dobro ide<\/p><p>II<\/p><p>Ulazim, celu no\u0107 ostajem<br \/>za sre\u0107nim du\u0161ama ovde ne zaostajem<br \/>Dodjem sam i ku\u0107i sam vra\u0107am se<br \/>tako je od kada sam onda<br \/>ostao bez nje<\/p><p>Ne dam se,<br \/>ta karma je od zlata<br \/>i kad sam nesrecan<br \/>sre\u0107an sam iz inata<\/p><p>Ref<\/p><p>No\u0107as pijem \u0161to i obi\u010dno<br \/>i u ke\u0161u pla\u0107am, logi\u010dno<br \/>kod mene odli\u010dno je, nek\u2019 svi vide<\/p><p>Druga pa\u0161\u0107e mi u zagrljaj<br \/>novi je po\u010detak svaki kraj<br \/>neka joj ka\u017eu da mi sve<br \/>i bez nje dobro ide.<\/p><p>Music: Damir Handanovi\u0107 \u00a0<br \/>Lyrics: Marina Tucakovi\u0107 \u00a0<br \/>Arr: Damir Handanovi\u0107<\/p>\t\t\t\t\t\t\t\t<\/div>\n\t\t\t\t<\/div>\n\t\t\t\t\t<\/div>\n\t\t\t\t<\/div>\n\t\t\t\t<\/div>\n\t\t","protected":false},"excerpt":{"rendered":"<p>Logi\u010dno Ulazim ovde nenajavljenza mene isti stovaku no\u0107 je ostavljenDodjem sami ku\u0107i sam vracam setako je od kada sam ondaostao bez nje Ne dam se,ta karma je od zlatai kad sam nesre\u0107ansre\u0107an sam iz inata Ref No\u0107as pijem \u0161to i obi\u010dnoi u ke\u0161u pla\u0107am, logi\u010dnokod mene odli\u010dno je, nek\u2019 svi vide Druga pa\u0161\u0107e mi u [&hellip;]<\/p>\n","protected":false},"author":1,"featured_media":0,"parent":0,"menu_order":10,"comment_status":"closed","ping_status":"closed","template":"","meta":{"opb_popup_content":"Popup Content","ocean_post_layout":"","ocean_both_sidebars_style":"","ocean_both_sidebars_content_width":0,"ocean_both_sidebars_sidebars_width":0,"ocean_sidebar":"","ocean_second_sidebar":"","ocean_disable_margins":"enable","ocean_add_body_class":"","ocean_shortcode_before_top_bar":"","ocean_shortcode_after_top_bar":"","ocean_shortcode_before_header":"","ocean_shortcode_after_header":"","ocean_has_shortcode":"","ocean_shortcode_after_title":"","ocean_shortcode_before_footer_widgets":"","ocean_shortcode_after_footer_widgets":"","ocean_shortcode_before_footer_bottom":"","ocean_shortcode_after_footer_bottom":"","ocean_display_top_bar":"default","ocean_display_header":"default","ocean_header_style":"","ocean_center_header_left_menu":"","ocean_custom_header_template":"","ocean_custom_logo":0,"ocean_custom_retina_logo":0,"ocean_custom_logo_max_width":0,"ocean_custom_logo_tablet_max_width":0,"ocean_custom_logo_mobile_max_width":0,"ocean_custom_logo_max_height":0,"ocean_custom_logo_tablet_max_height":0,"ocean_custom_logo_mobile_max_height":0,"ocean_header_custom_menu":"","ocean_menu_typo_font_family":"","ocean_menu_typo_font_subset":"","ocean_menu_typo_font_size":0,"ocean_menu_typo_font_size_tablet":0,"ocean_menu_typo_font_size_mobile":0,"ocean_menu_typo_font_size_unit":"px","ocean_menu_typo_font_weight":"","ocean_menu_typo_font_weight_tablet":"","ocean_menu_typo_font_weight_mobile":"","ocean_menu_typo_transform":"","ocean_menu_typo_transform_tablet":"","ocean_menu_typo_transform_mobile":"","ocean_menu_typo_line_height":0,"ocean_menu_typo_line_height_tablet":0,"ocean_menu_typo_line_height_mobile":0,"ocean_menu_typo_line_height_unit":"","ocean_menu_typo_spacing":0,"ocean_menu_typo_spacing_tablet":0,"ocean_menu_typo_spacing_mobile":0,"ocean_menu_typo_spacing_unit":"","ocean_menu_link_color":"","ocean_menu_link_color_hover":"","ocean_menu_link_color_active":"","ocean_menu_link_background":"","ocean_menu_link_hover_background":"","ocean_menu_link_active_background":"","ocean_menu_social_links_bg":"","ocean_menu_social_hover_links_bg":"","ocean_menu_social_links_color":"","ocean_menu_social_hover_links_color":"","ocean_disable_title":"default","ocean_disable_heading":"default","ocean_post_title":"","ocean_post_subheading":"","ocean_post_title_style":"","ocean_post_title_background_color":"","ocean_post_title_background":0,"ocean_post_title_bg_image_position":"","ocean_post_title_bg_image_attachment":"","ocean_post_title_bg_image_repeat":"","ocean_post_title_bg_image_size":"","ocean_post_title_height":0,"ocean_post_title_bg_overlay":0.5,"ocean_post_title_bg_overlay_color":"","ocean_disable_breadcrumbs":"default","ocean_breadcrumbs_color":"","ocean_breadcrumbs_separator_color":"","ocean_breadcrumbs_links_color":"","ocean_breadcrumbs_links_hover_color":"","ocean_display_footer_widgets":"default","ocean_display_footer_bottom":"default","ocean_custom_footer_template":"","ofc_enable_fullscreen":"disable","ofc_fullscreen_speed":0,"ofc_fullscreen_nav":"enable","ofc_fullscreen_nav_pos":"right","ofc_fullscreen_nav_color":"","ofc_fullscreen_nav_tooltip_color":"","ofc_fullscreen_responsive":0,"osh_disable_topbar_sticky":"default","osh_disable_header_sticky":"default","osh_sticky_header_style":"default","osh_sticky_header_effect":"","osh_custom_sticky_logo":0,"osh_custom_retina_sticky_logo":0,"osh_custom_sticky_logo_height":0,"osh_background_color":"","osh_links_color":"","osh_links_hover_color":"","osh_links_active_color":"","osh_links_bg_color":"","osh_links_hover_bg_color":"","osh_links_active_bg_color":"","osh_menu_social_links_color":"","osh_menu_social_hover_links_color":"","footnotes":""},"class_list":["post-976","page","type-page","status-publish","hentry","entry"],"_links":{"self":[{"href":"https:\/\/www.maticsasa.com\/wps\/wp-json\/wp\/v2\/pages\/976","targetHints":{"allow":["GET"]}}],"collection":[{"href":"https:\/\/www.maticsasa.com\/wps\/wp-json\/wp\/v2\/pages"}],"about":[{"href":"https:\/\/www.maticsasa.com\/wps\/wp-json\/wp\/v2\/types\/page"}],"author":[{"embeddable":true,"href":"https:\/\/www.maticsasa.com\/wps\/wp-json\/wp\/v2\/users\/1"}],"replies":[{"embeddable":true,"href":"https:\/\/www.maticsasa.com\/wps\/wp-json\/wp\/v2\/comments?post=976"}],"version-history":[{"count":3,"href":"https:\/\/www.maticsasa.com\/wps\/wp-json\/wp\/v2\/pages\/976\/revisions"}],"predecessor-version":[{"id":2220,"href":"https:\/\/www.maticsasa.com\/wps\/wp-json\/wp\/v2\/pages\/976\/revisions\/2220"}],"wp:attachment":[{"href":"https:\/\/www.maticsasa.com\/wps\/wp-json\/wp\/v2\/media?parent=976"}],"curies":[{"name":"wp","href":"https:\/\/api.w.org\/{rel}","templated":true}]}}