{"id":977,"date":"2017-12-04T23:35:37","date_gmt":"2017-12-04T23:35:37","guid":{"rendered":"https:\/\/www.maticsasa.com\/wps\/idemo-andjele\/"},"modified":"2025-03-30T16:32:05","modified_gmt":"2025-03-30T14:32:05","slug":"idemo-andjele","status":"publish","type":"page","link":"https:\/\/www.maticsasa.com\/wps\/idemo-andjele\/","title":{"rendered":"Idemo an\u0111ele"},"content":{"rendered":"\t\t<div data-elementor-type=\"wp-page\" data-elementor-id=\"977\" class=\"elementor elementor-977\">\n\t\t\t\t<div class=\"elementor-element elementor-element-534b227c e-flex e-con-boxed e-con e-parent\" data-id=\"534b227c\" data-element_type=\"container\" data-e-type=\"container\" data-settings=\"{&quot;background_background&quot;:&quot;classic&quot;}\">\n\t\t\t\t\t<div class=\"e-con-inner\">\n\t\t\t\t<div class=\"elementor-element elementor-element-d00921d elementor-widget elementor-widget-video\" data-id=\"d00921d\" data-element_type=\"widget\" data-e-type=\"widget\" data-settings=\"{&quot;youtube_url&quot;:&quot;https:\\\/\\\/www.youtube.com\\\/watch?v=gxJEMsppj1s&quot;,&quot;video_type&quot;:&quot;youtube&quot;,&quot;controls&quot;:&quot;yes&quot;}\" data-widget_type=\"video.default\">\n\t\t\t\t<div class=\"elementor-widget-container\">\n\t\t\t\t\t\t\t<div class=\"elementor-wrapper elementor-open-inline\">\n\t\t\t<div class=\"elementor-video\"><\/div>\t\t<\/div>\n\t\t\t\t\t\t<\/div>\n\t\t\t\t<\/div>\n\t\t\t\t<div class=\"elementor-element elementor-element-44000a8 elementor-widget elementor-widget-heading\" data-id=\"44000a8\" data-element_type=\"widget\" data-e-type=\"widget\" data-widget_type=\"heading.default\">\n\t\t\t\t<div class=\"elementor-widget-container\">\n\t\t\t\t\t<h2 class=\"elementor-heading-title elementor-size-default\">Idemo An\u0111ele<\/h2>\t\t\t\t<\/div>\n\t\t\t\t<\/div>\n\t\t\t\t<div class=\"elementor-element elementor-element-4e9fa7b elementor-widget elementor-widget-text-editor\" data-id=\"4e9fa7b\" data-element_type=\"widget\" data-e-type=\"widget\" data-widget_type=\"text-editor.default\">\n\t\t\t\t<div class=\"elementor-widget-container\">\n\t\t\t\t\t\t\t\t\t<p>Ja nisam rekao nikad glasno<br \/>i mo\u017eda sada za sve je kasno<br \/>samo sa tobom ljubav sam hteo<br \/>za \u017eivot ceo, cvete moj<\/p><p>A sada suza mi lice kvasi<br \/>jer znam da sve se u tebi gasi<br \/>ne daj se samo<br \/>ti moja rano, jo\u0161 ovu no\u0107<\/p><p>Da zavoli\u0161 me nije bilo lako<br \/>ne ostavljaj me samog sada tako<br \/>znam, \u017eivot nije fer, al\u2019 ti se ipak smej<br \/>i pro\u0107i \u0107e sve to, \u017eivote moj<\/p><p>Ref.<\/p><p>Idemo, idemo andjele, jo\u0161 samo malo<br \/>ni do kod nije mi ovako stalo<br \/>mo\u017eda \u0107e krenuti ljubav za nama<br \/>mo\u017eda je sre\u0107a tu, tu iza kraja<\/p><p>Idemo ljubavi, uz mene budi,<br \/>najja\u010di ostaju i kad se gubi<br \/>samo me zagrli i ni\u0161ta ne pitaj<br \/>s tobom \u017eelim da docekam kraj.<\/p><p>II<\/p><p>A sada suza mi lice kvasi<br \/>jer znam da sve se u tebi gasi<br \/>ne daj se samo<br \/>ti moja rano, jo\u0161 ovu no\u0107.<\/p><p>Da zavoli\u0161 me nije bilo lako<br \/>ne ostavljaj me samog sada tako<br \/>znam, \u017eivot nije fer, al\u2019 ti se ipak smej<br \/>i pro\u0107i \u0107e sve to, \u017eivote moj<\/p><p>Ref.<\/p><p>Idemo, idemo andjele, jo\u0161 samo malo<br \/>ni do kod nije mi ovako stalo<br \/>mo\u017eda \u0107e krenuti ljubav za nama<br \/>mo\u017eda je sre\u0107a tu, tu iza kraja<\/p><p>Idemo ljubavi, uz mene budi,<br \/>najja\u010di ostaju i kad se gubi<br \/>samo me zagrli i ni\u0161ta ne pitaj<br \/>s tobom \u017eelim da docekam kraj.<\/p><p>Music: Bojan Vasi\u0107<br \/>Lyrics: Jelena Trifunovi\u0107<br \/>Arr: Marko Cvetkovi\u0107<\/p>\t\t\t\t\t\t\t\t<\/div>\n\t\t\t\t<\/div>\n\t\t\t\t\t<\/div>\n\t\t\t\t<\/div>\n\t\t\t\t<\/div>\n\t\t","protected":false},"excerpt":{"rendered":"<p>Idemo An\u0111ele Ja nisam rekao nikad glasnoi mo\u017eda sada za sve je kasnosamo sa tobom ljubav sam hteoza \u017eivot ceo, cvete moj A sada suza mi lice kvasijer znam da sve se u tebi gasine daj se samoti moja rano, jo\u0161 ovu no\u0107 Da zavoli\u0161 me nije bilo lakone ostavljaj me samog sada takoznam, \u017eivot [&hellip;]<\/p>\n","protected":false},"author":1,"featured_media":0,"parent":0,"menu_order":9,"comment_status":"closed","ping_status":"closed","template":"","meta":{"opb_popup_content":"Popup Content","ocean_post_layout":"","ocean_both_sidebars_style":"","ocean_both_sidebars_content_width":0,"ocean_both_sidebars_sidebars_width":0,"ocean_sidebar":"","ocean_second_sidebar":"","ocean_disable_margins":"enable","ocean_add_body_class":"","ocean_shortcode_before_top_bar":"","ocean_shortcode_after_top_bar":"","ocean_shortcode_before_header":"","ocean_shortcode_after_header":"","ocean_has_shortcode":"","ocean_shortcode_after_title":"","ocean_shortcode_before_footer_widgets":"","ocean_shortcode_after_footer_widgets":"","ocean_shortcode_before_footer_bottom":"","ocean_shortcode_after_footer_bottom":"","ocean_display_top_bar":"default","ocean_display_header":"default","ocean_header_style":"","ocean_center_header_left_menu":"","ocean_custom_header_template":"","ocean_custom_logo":0,"ocean_custom_retina_logo":0,"ocean_custom_logo_max_width":0,"ocean_custom_logo_tablet_max_width":0,"ocean_custom_logo_mobile_max_width":0,"ocean_custom_logo_max_height":0,"ocean_custom_logo_tablet_max_height":0,"ocean_custom_logo_mobile_max_height":0,"ocean_header_custom_menu":"","ocean_menu_typo_font_family":"","ocean_menu_typo_font_subset":"","ocean_menu_typo_font_size":0,"ocean_menu_typo_font_size_tablet":0,"ocean_menu_typo_font_size_mobile":0,"ocean_menu_typo_font_size_unit":"px","ocean_menu_typo_font_weight":"","ocean_menu_typo_font_weight_tablet":"","ocean_menu_typo_font_weight_mobile":"","ocean_menu_typo_transform":"","ocean_menu_typo_transform_tablet":"","ocean_menu_typo_transform_mobile":"","ocean_menu_typo_line_height":0,"ocean_menu_typo_line_height_tablet":0,"ocean_menu_typo_line_height_mobile":0,"ocean_menu_typo_line_height_unit":"","ocean_menu_typo_spacing":0,"ocean_menu_typo_spacing_tablet":0,"ocean_menu_typo_spacing_mobile":0,"ocean_menu_typo_spacing_unit":"","ocean_menu_link_color":"","ocean_menu_link_color_hover":"","ocean_menu_link_color_active":"","ocean_menu_link_background":"","ocean_menu_link_hover_background":"","ocean_menu_link_active_background":"","ocean_menu_social_links_bg":"","ocean_menu_social_hover_links_bg":"","ocean_menu_social_links_color":"","ocean_menu_social_hover_links_color":"","ocean_disable_title":"default","ocean_disable_heading":"default","ocean_post_title":"","ocean_post_subheading":"","ocean_post_title_style":"","ocean_post_title_background_color":"","ocean_post_title_background":0,"ocean_post_title_bg_image_position":"","ocean_post_title_bg_image_attachment":"","ocean_post_title_bg_image_repeat":"","ocean_post_title_bg_image_size":"","ocean_post_title_height":0,"ocean_post_title_bg_overlay":0.5,"ocean_post_title_bg_overlay_color":"","ocean_disable_breadcrumbs":"default","ocean_breadcrumbs_color":"","ocean_breadcrumbs_separator_color":"","ocean_breadcrumbs_links_color":"","ocean_breadcrumbs_links_hover_color":"","ocean_display_footer_widgets":"default","ocean_display_footer_bottom":"default","ocean_custom_footer_template":"","ofc_enable_fullscreen":"disable","ofc_fullscreen_speed":0,"ofc_fullscreen_nav":"enable","ofc_fullscreen_nav_pos":"right","ofc_fullscreen_nav_color":"","ofc_fullscreen_nav_tooltip_color":"","ofc_fullscreen_responsive":0,"osh_disable_topbar_sticky":"default","osh_disable_header_sticky":"default","osh_sticky_header_style":"default","osh_sticky_header_effect":"","osh_custom_sticky_logo":0,"osh_custom_retina_sticky_logo":0,"osh_custom_sticky_logo_height":0,"osh_background_color":"","osh_links_color":"","osh_links_hover_color":"","osh_links_active_color":"","osh_links_bg_color":"","osh_links_hover_bg_color":"","osh_links_active_bg_color":"","osh_menu_social_links_color":"","osh_menu_social_hover_links_color":"","footnotes":""},"class_list":["post-977","page","type-page","status-publish","hentry","entry"],"_links":{"self":[{"href":"https:\/\/www.maticsasa.com\/wps\/wp-json\/wp\/v2\/pages\/977","targetHints":{"allow":["GET"]}}],"collection":[{"href":"https:\/\/www.maticsasa.com\/wps\/wp-json\/wp\/v2\/pages"}],"about":[{"href":"https:\/\/www.maticsasa.com\/wps\/wp-json\/wp\/v2\/types\/page"}],"author":[{"embeddable":true,"href":"https:\/\/www.maticsasa.com\/wps\/wp-json\/wp\/v2\/users\/1"}],"replies":[{"embeddable":true,"href":"https:\/\/www.maticsasa.com\/wps\/wp-json\/wp\/v2\/comments?post=977"}],"version-history":[{"count":3,"href":"https:\/\/www.maticsasa.com\/wps\/wp-json\/wp\/v2\/pages\/977\/revisions"}],"predecessor-version":[{"id":2217,"href":"https:\/\/www.maticsasa.com\/wps\/wp-json\/wp\/v2\/pages\/977\/revisions\/2217"}],"wp:attachment":[{"href":"https:\/\/www.maticsasa.com\/wps\/wp-json\/wp\/v2\/media?parent=977"}],"curies":[{"name":"wp","href":"https:\/\/api.w.org\/{rel}","templated":true}]}}