{"id":978,"date":"2017-12-04T23:37:21","date_gmt":"2017-12-04T23:37:21","guid":{"rendered":"https:\/\/www.maticsasa.com\/wps\/dva-bih-te-zivota-voleo\/"},"modified":"2025-03-30T14:04:28","modified_gmt":"2025-03-30T12:04:28","slug":"dva-bih-te-zivota-voleo","status":"publish","type":"page","link":"https:\/\/www.maticsasa.com\/wps\/dva-bih-te-zivota-voleo\/","title":{"rendered":"Dva bih te \u017eivota voleo"},"content":{"rendered":"\t\t<div data-elementor-type=\"wp-page\" data-elementor-id=\"978\" class=\"elementor elementor-978\">\n\t\t\t\t<div class=\"elementor-element elementor-element-62041b94 e-flex e-con-boxed e-con e-parent\" data-id=\"62041b94\" data-element_type=\"container\" data-e-type=\"container\" data-settings=\"{&quot;background_background&quot;:&quot;classic&quot;}\">\n\t\t\t\t\t<div class=\"e-con-inner\">\n\t\t\t\t<div class=\"elementor-element elementor-element-93ddf6a elementor-widget elementor-widget-video\" data-id=\"93ddf6a\" data-element_type=\"widget\" data-e-type=\"widget\" data-settings=\"{&quot;youtube_url&quot;:&quot;https:\\\/\\\/www.youtube.com\\\/watch?v=m3MYc5VULHk&quot;,&quot;video_type&quot;:&quot;youtube&quot;,&quot;controls&quot;:&quot;yes&quot;}\" data-widget_type=\"video.default\">\n\t\t\t\t<div class=\"elementor-widget-container\">\n\t\t\t\t\t\t\t<div class=\"elementor-wrapper elementor-open-inline\">\n\t\t\t<div class=\"elementor-video\"><\/div>\t\t<\/div>\n\t\t\t\t\t\t<\/div>\n\t\t\t\t<\/div>\n\t\t\t\t<div class=\"elementor-element elementor-element-299b265 elementor-widget elementor-widget-heading\" data-id=\"299b265\" data-element_type=\"widget\" data-e-type=\"widget\" data-widget_type=\"heading.default\">\n\t\t\t\t<div class=\"elementor-widget-container\">\n\t\t\t\t\t<h2 class=\"elementor-heading-title elementor-size-default\">Dva bih te \u017eivota voleo<\/h2>\t\t\t\t<\/div>\n\t\t\t\t<\/div>\n\t\t\t\t<div class=\"elementor-element elementor-element-c91984e elementor-widget elementor-widget-text-editor\" data-id=\"c91984e\" data-element_type=\"widget\" data-e-type=\"widget\" data-widget_type=\"text-editor.default\">\n\t\t\t\t<div class=\"elementor-widget-container\">\n\t\t\t\t\t\t\t\t\t<p>Luta\u0107u opet do pet,<br \/>stavi\u0107u srce pod led,<br \/>sve bi bilo bolje da si tu.<\/p><p>Treba\u0161 mi no\u0107as k\u2019o lek,<br \/>ne idu suze i d\u017eek,<br \/>osta\u0107u te \u017eeljan zauvek.<br \/>\u00a0<br \/>Jer ti misli\u0161 da sam neveran,<br \/>a ja nikome bez tebe ne trebam.<\/p><p>Ref.<\/p><p>\u017divim da pre\u017eivim,<br \/>ko li mi te slagao,<br \/>da te vi\u0161e ne volim.<\/p><p>Ru\u017eo, ne ru\u017ei me,<br \/>\u0111avo me ve\u0107 prokleo,<br \/>dva bi te \u017eivota voleo.<\/p><p>\u017divim da pre\u017eivim,<br \/>ko li mi te slagao,<br \/>da te vi\u0161e ne volim.<\/p><p>Ru\u017eo, ne ru\u017ei me,<br \/>\u0111avo me ve\u0107 prokleo,<br \/>dva bi te \u017eivota voleo.<\/p><p>II<\/p><p>Hiljadu \u017eena, ja tvoj,<br \/>same mi do\u0111u za sto,<br \/>popiju po neku i to je to.<\/p><p>Trebas mi no\u0107as k\u2019o lek,<br \/>ne idu suze i d\u017eek,<br \/>osta\u0107u te \u017eeljan zauvek.<br \/>Jer ti misli\u0161 da sam neveran,<br \/>a ja nikome bez tebe ne trebam.<\/p><p>Ref.<\/p><p>\u017divim da pre\u017eivim,<br \/>ko li mi te slagao,<br \/>da te vi\u0161e ne volim.<\/p><p>Ru\u017eo, ne ru\u017ei me,<br \/>\u0111avo me ve\u0107 prokleo,<br \/>dva bi te \u017eivota voleo.<\/p><p>\u017divim da pre\u017eivim,<br \/>ko li mi te slagao,<br \/>da te vi\u0161e ne volim.<\/p><p>Ru\u017eo, ne ru\u017ei me,<br \/>\u0111avo me ve\u0107 prokleo,<br \/>dva bi te \u017eivota voleo.<\/p><p>Music: Mla\u0111an Dinki\u0107 \u00a0<br \/>Lyrics: Dragan Brajovi\u0107 Braja \u00a0<br \/>Arr: Sa\u0161a Milo\u0161evi\u0107 Mare<\/p>\t\t\t\t\t\t\t\t<\/div>\n\t\t\t\t<\/div>\n\t\t\t\t\t<\/div>\n\t\t\t\t<\/div>\n\t\t\t\t<\/div>\n\t\t","protected":false},"excerpt":{"rendered":"<p>Dva bih te \u017eivota voleo Luta\u0107u opet do pet,stavi\u0107u srce pod led,sve bi bilo bolje da si tu. Treba\u0161 mi no\u0107as k\u2019o lek,ne idu suze i d\u017eek,osta\u0107u te \u017eeljan zauvek.\u00a0Jer ti misli\u0161 da sam neveran,a ja nikome bez tebe ne trebam. Ref. \u017divim da pre\u017eivim,ko li mi te slagao,da te vi\u0161e ne volim. Ru\u017eo, ne [&hellip;]<\/p>\n","protected":false},"author":1,"featured_media":0,"parent":0,"menu_order":8,"comment_status":"closed","ping_status":"closed","template":"","meta":{"opb_popup_content":"Popup Content","ocean_post_layout":"","ocean_both_sidebars_style":"","ocean_both_sidebars_content_width":0,"ocean_both_sidebars_sidebars_width":0,"ocean_sidebar":"","ocean_second_sidebar":"","ocean_disable_margins":"enable","ocean_add_body_class":"","ocean_shortcode_before_top_bar":"","ocean_shortcode_after_top_bar":"","ocean_shortcode_before_header":"","ocean_shortcode_after_header":"","ocean_has_shortcode":"","ocean_shortcode_after_title":"","ocean_shortcode_before_footer_widgets":"","ocean_shortcode_after_footer_widgets":"","ocean_shortcode_before_footer_bottom":"","ocean_shortcode_after_footer_bottom":"","ocean_display_top_bar":"default","ocean_display_header":"default","ocean_header_style":"","ocean_center_header_left_menu":"","ocean_custom_header_template":"","ocean_custom_logo":0,"ocean_custom_retina_logo":0,"ocean_custom_logo_max_width":0,"ocean_custom_logo_tablet_max_width":0,"ocean_custom_logo_mobile_max_width":0,"ocean_custom_logo_max_height":0,"ocean_custom_logo_tablet_max_height":0,"ocean_custom_logo_mobile_max_height":0,"ocean_header_custom_menu":"","ocean_menu_typo_font_family":"","ocean_menu_typo_font_subset":"","ocean_menu_typo_font_size":0,"ocean_menu_typo_font_size_tablet":0,"ocean_menu_typo_font_size_mobile":0,"ocean_menu_typo_font_size_unit":"px","ocean_menu_typo_font_weight":"","ocean_menu_typo_font_weight_tablet":"","ocean_menu_typo_font_weight_mobile":"","ocean_menu_typo_transform":"","ocean_menu_typo_transform_tablet":"","ocean_menu_typo_transform_mobile":"","ocean_menu_typo_line_height":0,"ocean_menu_typo_line_height_tablet":0,"ocean_menu_typo_line_height_mobile":0,"ocean_menu_typo_line_height_unit":"","ocean_menu_typo_spacing":0,"ocean_menu_typo_spacing_tablet":0,"ocean_menu_typo_spacing_mobile":0,"ocean_menu_typo_spacing_unit":"","ocean_menu_link_color":"","ocean_menu_link_color_hover":"","ocean_menu_link_color_active":"","ocean_menu_link_background":"","ocean_menu_link_hover_background":"","ocean_menu_link_active_background":"","ocean_menu_social_links_bg":"","ocean_menu_social_hover_links_bg":"","ocean_menu_social_links_color":"","ocean_menu_social_hover_links_color":"","ocean_disable_title":"default","ocean_disable_heading":"default","ocean_post_title":"","ocean_post_subheading":"","ocean_post_title_style":"","ocean_post_title_background_color":"","ocean_post_title_background":0,"ocean_post_title_bg_image_position":"","ocean_post_title_bg_image_attachment":"","ocean_post_title_bg_image_repeat":"","ocean_post_title_bg_image_size":"","ocean_post_title_height":0,"ocean_post_title_bg_overlay":0.5,"ocean_post_title_bg_overlay_color":"","ocean_disable_breadcrumbs":"default","ocean_breadcrumbs_color":"","ocean_breadcrumbs_separator_color":"","ocean_breadcrumbs_links_color":"","ocean_breadcrumbs_links_hover_color":"","ocean_display_footer_widgets":"default","ocean_display_footer_bottom":"default","ocean_custom_footer_template":"","ofc_enable_fullscreen":"disable","ofc_fullscreen_speed":0,"ofc_fullscreen_nav":"enable","ofc_fullscreen_nav_pos":"right","ofc_fullscreen_nav_color":"","ofc_fullscreen_nav_tooltip_color":"","ofc_fullscreen_responsive":0,"osh_disable_topbar_sticky":"default","osh_disable_header_sticky":"default","osh_sticky_header_style":"default","osh_sticky_header_effect":"","osh_custom_sticky_logo":0,"osh_custom_retina_sticky_logo":0,"osh_custom_sticky_logo_height":0,"osh_background_color":"","osh_links_color":"","osh_links_hover_color":"","osh_links_active_color":"","osh_links_bg_color":"","osh_links_hover_bg_color":"","osh_links_active_bg_color":"","osh_menu_social_links_color":"","osh_menu_social_hover_links_color":"","footnotes":""},"class_list":["post-978","page","type-page","status-publish","hentry","entry"],"_links":{"self":[{"href":"https:\/\/www.maticsasa.com\/wps\/wp-json\/wp\/v2\/pages\/978","targetHints":{"allow":["GET"]}}],"collection":[{"href":"https:\/\/www.maticsasa.com\/wps\/wp-json\/wp\/v2\/pages"}],"about":[{"href":"https:\/\/www.maticsasa.com\/wps\/wp-json\/wp\/v2\/types\/page"}],"author":[{"embeddable":true,"href":"https:\/\/www.maticsasa.com\/wps\/wp-json\/wp\/v2\/users\/1"}],"replies":[{"embeddable":true,"href":"https:\/\/www.maticsasa.com\/wps\/wp-json\/wp\/v2\/comments?post=978"}],"version-history":[{"count":3,"href":"https:\/\/www.maticsasa.com\/wps\/wp-json\/wp\/v2\/pages\/978\/revisions"}],"predecessor-version":[{"id":2214,"href":"https:\/\/www.maticsasa.com\/wps\/wp-json\/wp\/v2\/pages\/978\/revisions\/2214"}],"wp:attachment":[{"href":"https:\/\/www.maticsasa.com\/wps\/wp-json\/wp\/v2\/media?parent=978"}],"curies":[{"name":"wp","href":"https:\/\/api.w.org\/{rel}","templated":true}]}}